{"id":4831,"date":"2022-11-29T14:30:09","date_gmt":"2022-11-29T14:30:09","guid":{"rendered":"https:\/\/matsara.fr\/?page_id=4831"},"modified":"2022-11-29T14:30:16","modified_gmt":"2022-11-29T14:30:16","slug":"mentions-legales","status":"publish","type":"page","link":"https:\/\/matsara.fr\/?page_id=4831","title":{"rendered":"Mentions l\u00e9gales"},"content":{"rendered":"<p>[et_pb_section fb_built=\u00a0\u00bb1&Prime; theme_builder_area=\u00a0\u00bbpost_content\u00a0\u00bb _builder_version=\u00a0\u00bb4.19.0&Prime; _module_preset=\u00a0\u00bbdefault\u00a0\u00bb][et_pb_row _builder_version=\u00a0\u00bb4.19.0&Prime; _module_preset=\u00a0\u00bbdefault\u00a0\u00bb theme_builder_area=\u00a0\u00bbpost_content\u00a0\u00bb][et_pb_column _builder_version=\u00a0\u00bb4.19.0&Prime; _module_preset=\u00a0\u00bbdefault\u00a0\u00bb type=\u00a0\u00bb4_4&Prime; theme_builder_area=\u00a0\u00bbpost_content\u00a0\u00bb][et_pb_text _builder_version=\u00a0\u00bb4.19.0&Prime; _module_preset=\u00a0\u00bbdefault\u00a0\u00bb theme_builder_area=\u00a0\u00bbpost_content\u00a0\u00bb hover_enabled=\u00a0\u00bb0&Prime; sticky_enabled=\u00a0\u00bb0&Prime;]<\/p>\n<h1><b>Mentions l\u00e9gales : http:\/\/www.matsara.fr<\/b><\/h1>\n<p><b>Ce site est \u00e9dit\u00e9 par\u00a0:<\/b><\/p>\n<p><span style=\"font-weight: 400;\">MATSARA SAS dont le si\u00e8ge social est sis 2, all\u00e9e Gambetta &#8211; 47200 Marmande .<\/span><\/p>\n<p><span style=\"font-weight: 400;\">SIRET : 90304946800015<\/span><span style=\"font-weight: 400;\"><br \/><\/span><span style=\"font-weight: 400;\">RCS : Agen B 903 049 468<\/span><span style=\"font-weight: 400;\"><br \/><\/span><span style=\"font-weight: 400;\">Code APE : 4711B<\/span><span style=\"font-weight: 400;\"><br \/><\/span><span style=\"font-weight: 400;\">N\u00b0 TVA : FR 11903049468<\/span><\/p>\n<p><span style=\"font-weight: 400;\">T\u00e9l\u00e9phone\u00a0: 06 38 05 88 48<\/span><span style=\"font-weight: 400;\"><br \/><\/span><span style=\"font-weight: 400;\">Adresse de courrier \u00e9lectronique\u00a0:\u00a0<\/span><a href=\"mailto:contact@matsara.fr\"><span style=\"font-weight: 400;\">contact@matsara.fr<\/span><span style=\"font-weight: 400;\"><br \/><\/span><\/a><span style=\"font-weight: 400;\">Directrice de la publication\u00a0: Nadele RAHARISONE<\/span><span style=\"font-weight: 400;\"><br \/><\/span><span style=\"font-weight: 400;\">Responsable du site\u00a0: Nadele RAHARISONE<\/span><\/p>\n<p><b>Ce site est h\u00e9berg\u00e9 par\u00a0:<\/b><\/p>\n<p><span style=\"font-weight: 400;\"><span>Hostinger International Ltd., a Cyprus private limited company,\u00a0 61 Lordou Vironos str., 6023 Larnaca, Cyprus<\/span>.<\/span><span style=\"font-weight: 400;\"><br \/><\/span><span style=\"font-weight: 400;\">T\u00e9l\u00e9phone :<a class=\"link\" href=\"tel:+37064503378\"><u>+37064503378<\/u><\/a><\/span><\/p>\n<p><b>Conditions g\u00e9n\u00e9rales d&rsquo;utilisation<\/b><\/p>\n<p><b>Art. 1 Conditions d&rsquo;utilisation<\/b><\/p>\n<p><span style=\"font-weight: 400;\">Toute personne qui acc\u00e8de au site\u00a0<\/span><a href=\"http:\/\/www.matsara.fr\/\"><span style=\"font-weight: 400;\">www.matsara.fr<\/span><\/a><span style=\"font-weight: 400;\">\u00a0(ci-apr\u00e8s le \u00ab\u00a0Site\u00a0\u00bb) s&rsquo;engage \u00e0 respecter les pr\u00e9sentes conditions g\u00e9n\u00e9rales d&rsquo;utilisation, qui pourront pour certains services \u00eatre compl\u00e9t\u00e9es par des conditions particuli\u00e8res.<\/span><\/p>\n<p><span style=\"font-weight: 400;\">MATSARA se r\u00e9serve le droit de modifier et de mettre \u00e0 jour \u00e0 tout moment l&rsquo;acc\u00e8s au Site ainsi que les pr\u00e9sentes conditions d&rsquo;utilisation. Ces modifications et mises \u00e0 jour s&rsquo;imposent \u00e0 l&rsquo;utilisateur qui doit en cons\u00e9quence se r\u00e9f\u00e9rer r\u00e9guli\u00e8rement \u00e0 cette rubrique pour v\u00e9rifier les Conditions G\u00e9n\u00e9rales en vigueur.<\/span><\/p>\n<p><b>Art. 2 Donn\u00e9es personnelles et autres donn\u00e9es<\/b><\/p>\n<p><span style=\"font-weight: 400;\">2.1 Les donn\u00e9es sont exclusivement destin\u00e9es \u00e0 MATSARA, \u00e0 ses filiales ou aux membres de son r\u00e9seau commercial \u00e0 des fins d\u2019enqu\u00eates, d\u2019analyses, de communications institutionnelles, d\u2019op\u00e9rations relatives \u00e0 la gestion clients ou, si vous en \u00eates d\u2019accord, de propositions commerciales. Ces informations sont confidentielles et conserv\u00e9es par MATSARA, ses filiales et les membres de son r\u00e9seau commercial. Conform\u00e9ment \u00e0 la loi \u00ab Informatique et Libert\u00e9s \u00bb du 06\/01\/78, vous disposez d&rsquo;un droit d&rsquo;acc\u00e8s, de rectification et de suppression de ces donn\u00e9es ainsi que d\u2019un droit de vous opposer \u00e0 ce que ces donn\u00e9es fassent l&rsquo;objet d&rsquo;un traitement en nous contactant par courrier \u00e0 l\u2019adresse suivante : 2, all\u00e9e Gambetta &#8211; 47200 Marmande ou par e-mail \u00e0 l\u2019adresse\u00a0<\/span><a href=\"mailto:contact@matsara.fr\"><span style=\"font-weight: 400;\">contact@matsara.fr<\/span><\/a><span style=\"font-weight: 400;\">.<\/span><\/p>\n<p><span style=\"font-weight: 400;\">Vos demandes devront \u00eatre sign\u00e9es et accompagn\u00e9es de la photocopie d\u2019un titre d\u2019identit\u00e9 portant la signature du titulaire. La demande devra pr\u00e9ciser l\u2019adresse \u00e0 laquelle devra parvenir la r\u00e9ponse.<\/span><\/p>\n<p><span style=\"font-weight: 400;\">Dans l\u2019hypoth\u00e8se o\u00f9 vous avez accept\u00e9 dans nos formulaires de recevoir par email des informations et sollicitations commerciales \u00e9manant de notre soci\u00e9t\u00e9 et de son r\u00e9seau de magasins \u00e0 l\u2019enseigne de MATSARA, vous aurez \u00e0 tout moment la facult\u00e9 de revenir sur cette d\u00e9cision, soit en cliquant sur le lien pr\u00e9vu \u00e0 cet effet en bas des mails que vous recevez, soit en envoyant un mail avec pour objet \u00ab\u00a0d\u00e9sabonnement\u00a0\u00bb \u00e0 l\u2019adresse suivante\u00a0:\u00a0<\/span><a href=\"mailto:contact@matsara.fr\"><span style=\"font-weight: 400;\">contact@matsara.fr<\/span><\/a><span style=\"font-weight: 400;\">.<\/span><\/p>\n<p><span style=\"font-weight: 400;\">2.2 Conform\u00e9ment \u00e0 l\u2019article 6 de la Loi du 21 juin 2004 pour la confiance en l\u2019\u00e9conomie num\u00e9rique, l&rsquo;h\u00e9bergeur conservera vos donn\u00e9es de connexion, couvertes par le secret professionnel et trait\u00e9es dans le respect des dispositions l\u00e9gales en mati\u00e8re de donn\u00e9es personnelles.<\/span><\/p>\n<p><b>Art. 3 Liens hypertextes<\/b><\/p>\n<p><span style=\"font-weight: 400;\">Si vous souhaitez mettre en place un lien hypertexte vers notre Site, vous devez en cons\u00e9quence prendre contact avec le Responsable du Site. MATSARA ne peut en aucun cas \u00eatre tenue pour responsable du contenu des sites qui font l&rsquo;objet d&rsquo;un lien hypertexte \u00e0 partir du pr\u00e9sent Site.<\/span><\/p>\n<p><b>Art. 4 Cookies<\/b><\/p>\n<p><span style=\"font-weight: 400;\">Lors de la navigation sur le Site, des cookies sont implant\u00e9s dans votre ordinateur. Un cookie ne nous permet pas de vous identifier : en revanche, il enregistre des informations relatives \u00e0 la navigation de votre ordinateur sur notre Site (les pages que vous avez consult\u00e9es, la date et l&rsquo;heure de la consultation, etc.) que nous pourrons lire lors de vos visites ult\u00e9rieures. La dur\u00e9e de conservation de ces informations dans votre ordinateur est de six mois.<\/span><\/p>\n<p><span style=\"font-weight: 400;\">De plus, le site utilise Google Analytics, un service d&rsquo;analyse de site Internet fourni par Google Inc. (ci-apr\u00e8s \u00ab\u00a0Google\u00a0\u00bb). Google Analytics utilise des\u00a0cookies<\/span><i><span style=\"font-weight: 400;\">\u00a0<\/span><\/i><span style=\"font-weight: 400;\">\u00a0pour aider MATSARA et l\u2019h\u00e9bergeur \u00e0 analyser l&rsquo;utilisation du Site par ses utilisateurs. Les donn\u00e9es g\u00e9n\u00e9r\u00e9es par les\u00a0cookies<\/span><i><span style=\"font-weight: 400;\">\u00a0<\/span><\/i><span style=\"font-weight: 400;\">concernant votre utilisation du Site (y compris votre adresse IP) seront transmises et stock\u00e9es par Google sur des serveurs situ\u00e9s aux Etats-Unis. Google utilisera cette information dans le but d&rsquo;\u00e9valuer votre utilisation du Site, de compiler des rapports sur l&rsquo;activit\u00e9 du Site \u00e0 destination de MATSARA et de l\u2019h\u00e9bergeur et de fournir d&rsquo;autres services relatifs \u00e0 l&rsquo;activit\u00e9 du site et \u00e0 l&rsquo;utilisation d&rsquo;Internet. Google est susceptible de communiquer ces donn\u00e9es \u00e0 des tiers en cas d&rsquo;obligation l\u00e9gale ou lorsque ces tiers traitent ces donn\u00e9es pour le compte de Google, y compris notamment MATSARA, l&rsquo;\u00e9diteur du\u00a0 Site et \u00e0 l\u2019h\u00e9bergeur. Google ne recoupera pas votre adresse IP avec toute autre donn\u00e9e d\u00e9tenue par Google. En utilisant le Site, vous consentez express\u00e9ment au traitement de vos donn\u00e9es nominatives par Google dans les conditions et pour les finalit\u00e9s d\u00e9crites ci-dessus.<\/span><\/p>\n<p><span style=\"font-weight: 400;\">Nous vous informons que vous pouvez vous opposer \u00e0 l&rsquo;enregistrement de cookies en configurant votre navigateur de la mani\u00e8re suivante :<\/span><\/p>\n<p><b>Pour Microsoft Internet Explorer 7.0 et suivant:<\/b><\/p>\n<ol>\n<li style=\"font-weight: 400;\" aria-level=\"1\"><span style=\"font-weight: 400;\">Dans la barre de menu, choisir le menu\u00a0<\/span><b>outils<\/b><span style=\"font-weight: 400;\">;<\/span><\/li>\n<li style=\"font-weight: 400;\" aria-level=\"1\"><span style=\"font-weight: 400;\">Dans le menu d\u00e9roulant, choisir\u00a0<\/span><b>options internet<\/b><span style=\"font-weight: 400;\">;<\/span><\/li>\n<li style=\"font-weight: 400;\" aria-level=\"1\"><span style=\"font-weight: 400;\">Cliquer sur l&rsquo;onglet\u00a0<\/span><b>confidentialit\u00e9<\/b><span style=\"font-weight: 400;\">;<\/span><\/li>\n<li style=\"font-weight: 400;\" aria-level=\"1\"><span style=\"font-weight: 400;\">Cliquer sur le bouton\u00a0<\/span><b>avanc\u00e9<\/b><span style=\"font-weight: 400;\">\u00a0de la section param\u00e8tres;<\/span><\/li>\n<li style=\"font-weight: 400;\" aria-level=\"1\"><span style=\"font-weight: 400;\">Dans la fen\u00eatre\u00a0<\/span><i><span style=\"font-weight: 400;\">param\u00e8tres de confidentialit\u00e9 avanc\u00e9s<\/span><\/i><span style=\"font-weight: 400;\">\u00a0v\u00e9rifier que l&rsquo;option\u00a0<\/span><b>ignorer la gestion automatique des cookies<\/b><span style=\"font-weight: 400;\">\u00a0n&rsquo;est pas coch\u00e9e.<\/span><\/li>\n<\/ol>\n<p><b>Pour Firefox \u00e0 partir de la version 12 :<\/b><\/p>\n<ol>\n<li style=\"font-weight: 400;\" aria-level=\"1\"><span style=\"font-weight: 400;\">Dans la barre de menu, choisir le menu\u00a0<\/span><b>outils;<\/b><\/li>\n<li style=\"font-weight: 400;\" aria-level=\"1\"><span style=\"font-weight: 400;\">Dans le menu d\u00e9roulant, choisir\u00a0<\/span><b>options;<\/b><\/li>\n<li style=\"font-weight: 400;\" aria-level=\"1\"><span style=\"font-weight: 400;\">Cliquer sur l&rsquo;icone\u00a0<\/span><b>vie priv\u00e9e;<\/b><\/li>\n<li style=\"font-weight: 400;\" aria-level=\"1\"><span style=\"font-weight: 400;\">Cliquer sur le lien\u00a0<\/span><b>supprimer des cookies sp\u00e9cifiques<\/b><span style=\"font-weight: 400;\">;<\/span><\/li>\n<li style=\"font-weight: 400;\" aria-level=\"1\"><span style=\"font-weight: 400;\">Dans la fen\u00eatre\u00a0<\/span><b>Cookies<\/b><span style=\"font-weight: 400;\">, cliquer sur le bouton\u00a0<\/span><b>Supprimer tous les cookies<\/b><span style=\"font-weight: 400;\">.<\/span><\/li>\n<\/ol>\n<p><b>Pour Op\u00e9ra \u00e0 partir de la version 11\u00a0:<\/b><\/p>\n<ol>\n<li style=\"font-weight: 400;\" aria-level=\"1\"><span style=\"font-weight: 400;\">Choisissez le\u00a0<\/span><b>menu<\/b><span style=\"font-weight: 400;\">;<\/span><\/li>\n<li style=\"font-weight: 400;\" aria-level=\"1\"><span style=\"font-weight: 400;\">Dans la liste, choisir\u00a0<\/span><b>r\u00e9glages<\/b><span style=\"font-weight: 400;\">\u00a0puis\u00a0<\/span><b>supprimer les informations priv\u00e9es&#8230;<\/b><span style=\"font-weight: 400;\">;<\/span><\/li>\n<li style=\"font-weight: 400;\" aria-level=\"1\"><span style=\"font-weight: 400;\">Cliquer sur le bouton\u00a0<\/span><b>supprimer<\/b><span style=\"font-weight: 400;\">.<\/span><\/li>\n<\/ol>\n<p><b>Pour Google Chrome\u00a0:<\/b><\/p>\n<ol>\n<li style=\"font-weight: 400;\" aria-level=\"1\"><span style=\"font-weight: 400;\">Cliquer sur l&rsquo;icone\u00a0<\/span><b>Personnaliser et configurer Google Chrome<\/b><span style=\"font-weight: 400;\">;<\/span><\/li>\n<li style=\"font-weight: 400;\" aria-level=\"1\"><span style=\"font-weight: 400;\">Choisir dans la liste\u00a0<\/span><b>Param\u00e8tres;<\/b><\/li>\n<li style=\"font-weight: 400;\" aria-level=\"1\"><span style=\"font-weight: 400;\">Cliquer sur\u00a0<\/span><b>Afficher les param\u00e8tres avanc\u00e9s&#8230;;<\/b><\/li>\n<li style=\"font-weight: 400;\" aria-level=\"1\"><span style=\"font-weight: 400;\">Cliquer sur le bouton\u00a0<\/span><b>Param\u00e8tres de contenu;<\/b><\/li>\n<li style=\"font-weight: 400;\" aria-level=\"1\"><span style=\"font-weight: 400;\">Cliquer sur le bouton\u00a0<\/span><b>Cookies et donn\u00e9es de site&#8230;<\/b><span style=\"font-weight: 400;\">;<\/span><\/li>\n<li style=\"font-weight: 400;\" aria-level=\"1\"><span style=\"font-weight: 400;\">Cliquer sur le bouton\u00a0<\/span><b>Tout supprimer.<\/b><\/li>\n<\/ol>\n<p><span style=\"font-weight: 400;\">Nous vous informons n\u00e9anmoins que l\u2019acc\u00e8s \u00e0 certains services et rubriques du Site pourra \u00eatre alt\u00e9r\u00e9 voire impossible du fait de la suppression des cookies.<\/span><\/p>\n<p><b>Art. 5 Contenu du Site<\/b><\/p>\n<p><span style=\"font-weight: 400;\">MATSARA, l\u2019h\u00e9bergeur et, plus g\u00e9n\u00e9ralement, toute soci\u00e9t\u00e9 contribuant \u00e0 la conception, \u00e0 la r\u00e9alisation et \u00e0 la mise en ligne de ce Site s\u2019efforcent d\u2019assurer l\u2019exactitude et la mise \u00e0 jour r\u00e9guli\u00e8re des informations diffus\u00e9es sur ce Site. MATSARA et les prestataires pr\u00e9cit\u00e9s se r\u00e9servent le droit de corriger et modifier \u00e0 tout moment le contenu du Site sans que leur responsabilit\u00e9 puisse \u00eatre engag\u00e9e de ce fait, MATSARA pouvant apporter \u00e0 tout moment des am\u00e9liorations et\/ou changements au(x) produit(s) d\u00e9crits sur ce Site.<\/span><\/p>\n<p><span style=\"font-weight: 400;\">Les prix ou tarifs mentionn\u00e9s dans nos pages sont des \u00ab\u00a0prix maximum conseill\u00e9s\u00a0\u00bb \u00e0 la date de la derni\u00e8re mise \u00e0 jour du Site. Ces prix peuvent conna\u00eetre des variations selon les d\u00e9taillants. Par ailleurs, ces prix maximum conseill\u00e9s sont susceptibles d\u2019\u00e9voluer p\u00e9riodiquement ou \u00e0 l\u2019occasion de l\u2019\u00e9volution des collections de MATSARA.<\/span><\/p>\n<p><b>Art. 6 Contenu manifestement illicite<\/b><\/p>\n<p><span style=\"font-weight: 400;\">Conform\u00e9ment \u00e0 la loi du 21 juin 2004 pour la confiance dans l\u2019\u00e9conomie, vous pouvez alerter l\u2019h\u00e9bergeur de la pr\u00e9sence d\u2019un contenu que vous consid\u00e9rez comme illicite en remplissant le\u00a0<\/span><a href=\"https:\/\/cdnnen.proxi.tools\/assets\/Core\/pdf\/formulaire-de-denonciation.pdf\"><span style=\"font-weight: 400;\">formulaire t\u00e9l\u00e9chargeable<\/span><\/a><span style=\"font-weight: 400;\">\u00a0(cliquez\u00a0sur le lien). L\u2019h\u00e9bergeur appr\u00e9ciera le caract\u00e8re illicite des contenus portes \u00e0 sa connaissance.<\/span><\/p>\n<p><span style=\"font-weight: 400;\">Le fait, pour toute personne, de pr\u00e9senter un contenu ou une activit\u00e9 comme \u00e9tant illicite dans le but d&rsquo;en obtenir le retrait ou d&rsquo;en faire cesser la diffusion, alors qu&rsquo;elle sait cette information inexacte, est puni d&rsquo;un an d&#8217;emprisonnement et de 15.000 euros d&rsquo;amende.<\/span><\/p>\n<p><b>Art. 7 Droit applicable<\/b><\/p>\n<p><span style=\"font-weight: 400;\">Les pr\u00e9sentes Conditions G\u00e9n\u00e9rales d&rsquo;utilisation sont soumises au droit interne fran\u00e7ais.<\/span><\/p>\n<p>&nbsp;<\/p>\n<p>[\/et_pb_text][\/et_pb_column][\/et_pb_row][\/et_pb_section]<\/p>\n","protected":false},"excerpt":{"rendered":"<p>Mentions l\u00e9gales : http:\/\/www.matsara.fr Ce site est \u00e9dit\u00e9 par\u00a0: MATSARA SAS dont le si\u00e8ge social est sis 2, all\u00e9e Gambetta &#8211; 47200 Marmande . SIRET : 90304946800015RCS : Agen B 903 049 468Code APE : 4711BN\u00b0 TVA : FR 11903049468 T\u00e9l\u00e9phone\u00a0: 06 38 05 88 48Adresse de courrier \u00e9lectronique\u00a0:\u00a0contact@matsara.frDirectrice de la publication\u00a0: Nadele RAHARISONEResponsable du [&hellip;]<\/p>\n","protected":false},"author":3,"featured_media":0,"parent":0,"menu_order":0,"comment_status":"closed","ping_status":"closed","template":"","meta":{"_et_pb_use_builder":"on","_et_pb_old_content":"","_et_gb_content_width":"","footnotes":""},"class_list":["post-4831","page","type-page","status-publish","hentry"],"yoast_head":"<!-- This site is optimized with the Yoast SEO plugin v26.4 - https:\/\/yoast.com\/wordpress\/plugins\/seo\/ -->\n<title>Mentions l\u00e9gales - matsara.fr<\/title>\n<meta name=\"robots\" content=\"index, follow, max-snippet:-1, max-image-preview:large, max-video-preview:-1\" \/>\n<link rel=\"canonical\" href=\"https:\/\/matsara.fr\/?page_id=4831\" \/>\n<meta property=\"og:locale\" content=\"fr_FR\" \/>\n<meta property=\"og:type\" content=\"article\" \/>\n<meta property=\"og:title\" content=\"Mentions l\u00e9gales - matsara.fr\" \/>\n<meta property=\"og:description\" content=\"Mentions l\u00e9gales : http:\/\/www.matsara.fr Ce site est \u00e9dit\u00e9 par\u00a0: MATSARA SAS dont le si\u00e8ge social est sis 2, all\u00e9e Gambetta - 47200 Marmande . SIRET : 90304946800015RCS : Agen B 903 049 468Code APE : 4711BN\u00b0 TVA : FR 11903049468 T\u00e9l\u00e9phone\u00a0: 06 38 05 88 48Adresse de courrier \u00e9lectronique\u00a0:\u00a0contact@matsara.frDirectrice de la publication\u00a0: Nadele RAHARISONEResponsable du [&hellip;]\" \/>\n<meta property=\"og:url\" content=\"https:\/\/matsara.fr\/?page_id=4831\" \/>\n<meta property=\"og:site_name\" content=\"matsara.fr\" \/>\n<meta property=\"article:modified_time\" content=\"2022-11-29T14:30:16+00:00\" \/>\n<meta name=\"twitter:card\" content=\"summary_large_image\" \/>\n<meta name=\"twitter:label1\" content=\"Dur\u00e9e de lecture estim\u00e9e\" \/>\n\t<meta name=\"twitter:data1\" content=\"7 minutes\" \/>\n<script type=\"application\/ld+json\" class=\"yoast-schema-graph\">{\"@context\":\"https:\/\/schema.org\",\"@graph\":[{\"@type\":\"WebPage\",\"@id\":\"https:\/\/matsara.fr\/?page_id=4831\",\"url\":\"https:\/\/matsara.fr\/?page_id=4831\",\"name\":\"Mentions l\u00e9gales - matsara.fr\",\"isPartOf\":{\"@id\":\"https:\/\/matsara.fr\/#website\"},\"datePublished\":\"2022-11-29T14:30:09+00:00\",\"dateModified\":\"2022-11-29T14:30:16+00:00\",\"breadcrumb\":{\"@id\":\"https:\/\/matsara.fr\/?page_id=4831#breadcrumb\"},\"inLanguage\":\"fr-FR\",\"potentialAction\":[{\"@type\":\"ReadAction\",\"target\":[\"https:\/\/matsara.fr\/?page_id=4831\"]}]},{\"@type\":\"BreadcrumbList\",\"@id\":\"https:\/\/matsara.fr\/?page_id=4831#breadcrumb\",\"itemListElement\":[{\"@type\":\"ListItem\",\"position\":1,\"name\":\"Accueil\",\"item\":\"https:\/\/matsara.fr\/\"},{\"@type\":\"ListItem\",\"position\":2,\"name\":\"Mentions l\u00e9gales\"}]},{\"@type\":\"WebSite\",\"@id\":\"https:\/\/matsara.fr\/#website\",\"url\":\"https:\/\/matsara.fr\/\",\"name\":\"matsara.fr\",\"description\":\"La vanille qui vous veut du bien\",\"publisher\":{\"@id\":\"https:\/\/matsara.fr\/#organization\"},\"potentialAction\":[{\"@type\":\"SearchAction\",\"target\":{\"@type\":\"EntryPoint\",\"urlTemplate\":\"https:\/\/matsara.fr\/?s={search_term_string}\"},\"query-input\":{\"@type\":\"PropertyValueSpecification\",\"valueRequired\":true,\"valueName\":\"search_term_string\"}}],\"inLanguage\":\"fr-FR\"},{\"@type\":\"Organization\",\"@id\":\"https:\/\/matsara.fr\/#organization\",\"name\":\"matsara.fr\",\"url\":\"https:\/\/matsara.fr\/\",\"logo\":{\"@type\":\"ImageObject\",\"inLanguage\":\"fr-FR\",\"@id\":\"https:\/\/matsara.fr\/#\/schema\/logo\/image\/\",\"url\":\"https:\/\/matsara.fr\/wp-content\/uploads\/2019\/06\/organic-store-logo5.svg\",\"contentUrl\":\"https:\/\/matsara.fr\/wp-content\/uploads\/2019\/06\/organic-store-logo5.svg\",\"caption\":\"matsara.fr\"},\"image\":{\"@id\":\"https:\/\/matsara.fr\/#\/schema\/logo\/image\/\"}}]}<\/script>\n<!-- \/ Yoast SEO plugin. -->","yoast_head_json":{"title":"Mentions l\u00e9gales - matsara.fr","robots":{"index":"index","follow":"follow","max-snippet":"max-snippet:-1","max-image-preview":"max-image-preview:large","max-video-preview":"max-video-preview:-1"},"canonical":"https:\/\/matsara.fr\/?page_id=4831","og_locale":"fr_FR","og_type":"article","og_title":"Mentions l\u00e9gales - matsara.fr","og_description":"Mentions l\u00e9gales : http:\/\/www.matsara.fr Ce site est \u00e9dit\u00e9 par\u00a0: MATSARA SAS dont le si\u00e8ge social est sis 2, all\u00e9e Gambetta - 47200 Marmande . SIRET : 90304946800015RCS : Agen B 903 049 468Code APE : 4711BN\u00b0 TVA : FR 11903049468 T\u00e9l\u00e9phone\u00a0: 06 38 05 88 48Adresse de courrier \u00e9lectronique\u00a0:\u00a0contact@matsara.frDirectrice de la publication\u00a0: Nadele RAHARISONEResponsable du [&hellip;]","og_url":"https:\/\/matsara.fr\/?page_id=4831","og_site_name":"matsara.fr","article_modified_time":"2022-11-29T14:30:16+00:00","twitter_card":"summary_large_image","twitter_misc":{"Dur\u00e9e de lecture estim\u00e9e":"7 minutes"},"schema":{"@context":"https:\/\/schema.org","@graph":[{"@type":"WebPage","@id":"https:\/\/matsara.fr\/?page_id=4831","url":"https:\/\/matsara.fr\/?page_id=4831","name":"Mentions l\u00e9gales - matsara.fr","isPartOf":{"@id":"https:\/\/matsara.fr\/#website"},"datePublished":"2022-11-29T14:30:09+00:00","dateModified":"2022-11-29T14:30:16+00:00","breadcrumb":{"@id":"https:\/\/matsara.fr\/?page_id=4831#breadcrumb"},"inLanguage":"fr-FR","potentialAction":[{"@type":"ReadAction","target":["https:\/\/matsara.fr\/?page_id=4831"]}]},{"@type":"BreadcrumbList","@id":"https:\/\/matsara.fr\/?page_id=4831#breadcrumb","itemListElement":[{"@type":"ListItem","position":1,"name":"Accueil","item":"https:\/\/matsara.fr\/"},{"@type":"ListItem","position":2,"name":"Mentions l\u00e9gales"}]},{"@type":"WebSite","@id":"https:\/\/matsara.fr\/#website","url":"https:\/\/matsara.fr\/","name":"matsara.fr","description":"La vanille qui vous veut du bien","publisher":{"@id":"https:\/\/matsara.fr\/#organization"},"potentialAction":[{"@type":"SearchAction","target":{"@type":"EntryPoint","urlTemplate":"https:\/\/matsara.fr\/?s={search_term_string}"},"query-input":{"@type":"PropertyValueSpecification","valueRequired":true,"valueName":"search_term_string"}}],"inLanguage":"fr-FR"},{"@type":"Organization","@id":"https:\/\/matsara.fr\/#organization","name":"matsara.fr","url":"https:\/\/matsara.fr\/","logo":{"@type":"ImageObject","inLanguage":"fr-FR","@id":"https:\/\/matsara.fr\/#\/schema\/logo\/image\/","url":"https:\/\/matsara.fr\/wp-content\/uploads\/2019\/06\/organic-store-logo5.svg","contentUrl":"https:\/\/matsara.fr\/wp-content\/uploads\/2019\/06\/organic-store-logo5.svg","caption":"matsara.fr"},"image":{"@id":"https:\/\/matsara.fr\/#\/schema\/logo\/image\/"}}]}},"_links":{"self":[{"href":"https:\/\/matsara.fr\/index.php?rest_route=\/wp\/v2\/pages\/4831","targetHints":{"allow":["GET"]}}],"collection":[{"href":"https:\/\/matsara.fr\/index.php?rest_route=\/wp\/v2\/pages"}],"about":[{"href":"https:\/\/matsara.fr\/index.php?rest_route=\/wp\/v2\/types\/page"}],"author":[{"embeddable":true,"href":"https:\/\/matsara.fr\/index.php?rest_route=\/wp\/v2\/users\/3"}],"replies":[{"embeddable":true,"href":"https:\/\/matsara.fr\/index.php?rest_route=%2Fwp%2Fv2%2Fcomments&post=4831"}],"version-history":[{"count":2,"href":"https:\/\/matsara.fr\/index.php?rest_route=\/wp\/v2\/pages\/4831\/revisions"}],"predecessor-version":[{"id":4835,"href":"https:\/\/matsara.fr\/index.php?rest_route=\/wp\/v2\/pages\/4831\/revisions\/4835"}],"wp:attachment":[{"href":"https:\/\/matsara.fr\/index.php?rest_route=%2Fwp%2Fv2%2Fmedia&parent=4831"}],"curies":[{"name":"wp","href":"https:\/\/api.w.org\/{rel}","templated":true}]}}