{"id":4933,"date":"2022-12-14T12:41:24","date_gmt":"2022-12-14T12:41:24","guid":{"rendered":"https:\/\/matsara.fr\/?page_id=4933"},"modified":"2025-01-23T16:09:05","modified_gmt":"2025-01-23T16:09:05","slug":"la-boutique-soin-et-bien-etre","status":"publish","type":"page","link":"https:\/\/matsara.fr\/?page_id=4933","title":{"rendered":"La boutique- Soin et bien-\u00eatre"},"content":{"rendered":"<p>[et_pb_section fb_built=\u00a0\u00bb1&Prime; next_background_color=\u00a0\u00bb#ffffff\u00a0\u00bb admin_label=\u00a0\u00bbHeader\u00a0\u00bb _builder_version=\u00a0\u00bb4.19.0&Prime; background_color=\u00a0\u00bb#C8DCA2&Prime; bottom_divider_style=\u00a0\u00bbwave\u00a0\u00bb bottom_divider_height=\u00a0\u00bb10vw\u00a0\u00bb bottom_divider_flip=\u00a0\u00bbhorizontal\u00a0\u00bb global_colors_info=\u00a0\u00bb{}\u00a0\u00bb][et_pb_row column_structure=\u00a0\u00bb1_2,1_2&Prime; _builder_version=\u00a0\u00bb4.16&Prime; background_size=\u00a0\u00bbcontain\u00a0\u00bb global_colors_info=\u00a0\u00bb{}\u00a0\u00bb][et_pb_column type=\u00a0\u00bb1_2&Prime; _builder_version=\u00a0\u00bb4.16&Prime; custom_padding=\u00a0\u00bb|||\u00a0\u00bb custom_padding_tablet=\u00a0\u00bb0px|||\u00a0\u00bb custom_padding_last_edited=\u00a0\u00bboff|desktop\u00a0\u00bb global_colors_info=\u00a0\u00bb{}\u00a0\u00bb custom_padding__hover=\u00a0\u00bb|||\u00a0\u00bb][et_pb_text _builder_version=\u00a0\u00bb4.19.0&Prime; text_font=\u00a0\u00bb||||||||\u00a0\u00bb text_text_color=\u00a0\u00bb#432918&Prime; ul_font=\u00a0\u00bb||||||||\u00a0\u00bb ol_font=\u00a0\u00bb||||||||\u00a0\u00bb header_font=\u00a0\u00bbMontserrat|500||on|||||\u00a0\u00bb header_text_color=\u00a0\u00bb#432918&Prime; header_font_size=\u00a0\u00bb18px\u00a0\u00bb header_letter_spacing=\u00a0\u00bb5px\u00a0\u00bb header_line_height=\u00a0\u00bb1.5em\u00a0\u00bb header_2_font=\u00a0\u00bbMerriweather|700|||||||\u00a0\u00bb header_2_text_color=\u00a0\u00bb#432918&Prime; header_2_font_size=\u00a0\u00bb60px\u00a0\u00bb header_2_line_height=\u00a0\u00bb1.4em\u00a0\u00bb header_3_font=\u00a0\u00bb||||||||\u00a0\u00bb header_4_font=\u00a0\u00bb||||||||\u00a0\u00bb header_5_font=\u00a0\u00bb||||||||\u00a0\u00bb header_6_font=\u00a0\u00bb||||||||\u00a0\u00bb header_font_size_tablet=\u00a0\u00bb\u00a0\u00bb header_font_size_phone=\u00a0\u00bb12px\u00a0\u00bb header_font_size_last_edited=\u00a0\u00bbon|desktop\u00a0\u00bb header_2_font_size_tablet=\u00a0\u00bb50px\u00a0\u00bb header_2_font_size_phone=\u00a0\u00bb30px\u00a0\u00bb header_2_font_size_last_edited=\u00a0\u00bbon|desktop\u00a0\u00bb global_colors_info=\u00a0\u00bb{}\u00a0\u00bb]<\/p>\n<h2>La boutique : Soin et bien-\u00eatre<\/h2>\n<p>[\/et_pb_text][et_pb_text _builder_version=\u00a0\u00bb4.19.0&Prime; _module_preset=\u00a0\u00bbdefault\u00a0\u00bb global_colors_info=\u00a0\u00bb{}\u00a0\u00bb]<\/p>\n<p>Matsara propose l&rsquo;achat d&rsquo;<strong>huiles essentielles<\/strong> \u00e0 Marmande. Notre soci\u00e9t\u00e9 commercialise \u00e9galement une gamme d&rsquo;huiles v\u00e9g\u00e9tales pour le corps.<\/p>\n<p>Nos produits poss\u00e8dent diff\u00e9rentes propri\u00e9t\u00e9s afin de s&rsquo;adapter \u00e0 chacun de vos besoins : peau s\u00eache, peau grasse, formule anti-\u00e2ge, lutte contre le stress, att\u00e9nuation des cicatrices&#8230;<\/p>\n<p>[\/et_pb_text][\/et_pb_column][et_pb_column type=\u00a0\u00bb1_2&Prime; _builder_version=\u00a0\u00bb4.16&Prime; custom_padding=\u00a0\u00bb|||\u00a0\u00bb global_colors_info=\u00a0\u00bb{}\u00a0\u00bb custom_padding__hover=\u00a0\u00bb|||\u00a0\u00bb][et_pb_image src=\u00a0\u00bbhttp:\/\/matsara.fr\/wp-content\/uploads\/2022\/11\/pngegg-10.png\u00a0\u00bb title_text=\u00a0\u00bbpngegg (10)\u00a0\u00bb align_tablet=\u00a0\u00bbcenter\u00a0\u00bb align_phone=\u00a0\u00bbcenter\u00a0\u00bb align_last_edited=\u00a0\u00bbon|desktop\u00a0\u00bb _builder_version=\u00a0\u00bb4.19.0&Prime; animation_style=\u00a0\u00bbslide\u00a0\u00bb animation_direction=\u00a0\u00bbright\u00a0\u00bb global_colors_info=\u00a0\u00bb{}\u00a0\u00bb][\/et_pb_image][\/et_pb_column][\/et_pb_row][\/et_pb_section][et_pb_section fb_built=\u00a0\u00bb1&Prime; admin_label=\u00a0\u00bbFeature\u00a0\u00bb _builder_version=\u00a0\u00bb4.19.4&Prime; _dynamic_attributes=\u00a0\u00bblink_option_url\u00a0\u00bb link_option_url=\u00a0\u00bb@ET-DC@eyJkeW5hbWljIjp0cnVlLCJjb250ZW50IjoicG9zdF9saW5rX3VybF9wcm9kdWN0Iiwic2V0dGluZ3MiOnsicG9zdF9pZCI6IjU1MTgifX0=@\u00a0\u00bb global_colors_info=\u00a0\u00bb{}\u00a0\u00bb][et_pb_row _builder_version=\u00a0\u00bb4.27.4&Prime; _module_preset=\u00a0\u00bbdefault\u00a0\u00bb background_color=\u00a0\u00bb#F9B233&Prime; border_radii=\u00a0\u00bbon|80px|80px|80px|80px\u00a0\u00bb global_colors_info=\u00a0\u00bb{}\u00a0\u00bb][et_pb_column type=\u00a0\u00bb4_4&Prime; _builder_version=\u00a0\u00bb4.19.4&Prime; _module_preset=\u00a0\u00bbdefault\u00a0\u00bb global_colors_info=\u00a0\u00bb{}\u00a0\u00bb][et_pb_text _builder_version=\u00a0\u00bb4.27.4&Prime; _module_preset=\u00a0\u00bbdefault\u00a0\u00bb global_colors_info=\u00a0\u00bb{}\u00a0\u00bb]<\/p>\n<h2 style=\"text-align: center;\"><strong>SAVONS<\/strong><\/h2>\n<p>[\/et_pb_text][\/et_pb_column][\/et_pb_row][et_pb_row _builder_version=\u00a0\u00bb4.27.4&Prime; _module_preset=\u00a0\u00bbdefault\u00a0\u00bb global_colors_info=\u00a0\u00bb{}\u00a0\u00bb][et_pb_column type=\u00a0\u00bb4_4&Prime; _builder_version=\u00a0\u00bb4.27.4&Prime; _module_preset=\u00a0\u00bbdefault\u00a0\u00bb global_colors_info=\u00a0\u00bb{}\u00a0\u00bb][et_pb_shop type=\u00a0\u00bbproduct_category\u00a0\u00bb posts_number=\u00a0\u00bb60&Prime; include_categories=\u00a0\u00bb333&Prime; orderby=\u00a0\u00bbmenu_order\u00a0\u00bb show_rating=\u00a0\u00bboff\u00a0\u00bb show_sale_badge=\u00a0\u00bboff\u00a0\u00bb _builder_version=\u00a0\u00bb4.27.4&Prime; _module_preset=\u00a0\u00bbdefault\u00a0\u00bb title_text_color=\u00a0\u00bb#E09900&Prime; title_font_size=\u00a0\u00bb20px\u00a0\u00bb title_line_height=\u00a0\u00bb1.3em\u00a0\u00bb price_font_size=\u00a0\u00bb16px\u00a0\u00bb global_colors_info=\u00a0\u00bb{}\u00a0\u00bb][\/et_pb_shop][\/et_pb_column][\/et_pb_row][et_pb_row _builder_version=\u00a0\u00bb4.27.4&Prime; _module_preset=\u00a0\u00bbdefault\u00a0\u00bb background_color=\u00a0\u00bb#F9B233&Prime; border_radii=\u00a0\u00bbon|80px|80px|80px|80px\u00a0\u00bb global_colors_info=\u00a0\u00bb{}\u00a0\u00bb][et_pb_column type=\u00a0\u00bb4_4&Prime; _builder_version=\u00a0\u00bb4.19.4&Prime; _module_preset=\u00a0\u00bbdefault\u00a0\u00bb global_colors_info=\u00a0\u00bb{}\u00a0\u00bb][et_pb_text _builder_version=\u00a0\u00bb4.27.4&Prime; _module_preset=\u00a0\u00bbdefault\u00a0\u00bb global_colors_info=\u00a0\u00bb{}\u00a0\u00bb]<\/p>\n<h2 style=\"text-align: center;\"><strong>HUILES ESSENTIELLES<\/strong><\/h2>\n<p>[\/et_pb_text][\/et_pb_column][\/et_pb_row][et_pb_row _builder_version=\u00a0\u00bb4.27.4&Prime; _module_preset=\u00a0\u00bbdefault\u00a0\u00bb global_colors_info=\u00a0\u00bb{}\u00a0\u00bb][et_pb_column type=\u00a0\u00bb4_4&Prime; _builder_version=\u00a0\u00bb4.27.4&Prime; _module_preset=\u00a0\u00bbdefault\u00a0\u00bb global_colors_info=\u00a0\u00bb{}\u00a0\u00bb][et_pb_shop type=\u00a0\u00bbproduct_category\u00a0\u00bb posts_number=\u00a0\u00bb60&Prime; include_categories=\u00a0\u00bb334&Prime; orderby=\u00a0\u00bbmenu_order\u00a0\u00bb show_rating=\u00a0\u00bboff\u00a0\u00bb show_sale_badge=\u00a0\u00bboff\u00a0\u00bb _builder_version=\u00a0\u00bb4.27.4&Prime; _module_preset=\u00a0\u00bbdefault\u00a0\u00bb title_text_color=\u00a0\u00bb#E09900&Prime; title_font_size=\u00a0\u00bb20px\u00a0\u00bb title_line_height=\u00a0\u00bb1.3em\u00a0\u00bb price_font_size=\u00a0\u00bb16px\u00a0\u00bb global_colors_info=\u00a0\u00bb{}\u00a0\u00bb][\/et_pb_shop][\/et_pb_column][\/et_pb_row][et_pb_row _builder_version=\u00a0\u00bb4.27.4&Prime; _module_preset=\u00a0\u00bbdefault\u00a0\u00bb background_color=\u00a0\u00bb#F9B233&Prime; border_radii=\u00a0\u00bbon|80px|80px|80px|80px\u00a0\u00bb global_colors_info=\u00a0\u00bb{}\u00a0\u00bb][et_pb_column type=\u00a0\u00bb4_4&Prime; _builder_version=\u00a0\u00bb4.19.4&Prime; _module_preset=\u00a0\u00bbdefault\u00a0\u00bb global_colors_info=\u00a0\u00bb{}\u00a0\u00bb][et_pb_text _builder_version=\u00a0\u00bb4.27.4&Prime; _module_preset=\u00a0\u00bbdefault\u00a0\u00bb global_colors_info=\u00a0\u00bb{}\u00a0\u00bb]<\/p>\n<h2 style=\"text-align: center;\"><strong>HUILES V\u00c9G\u00c9TALES<\/strong><\/h2>\n<p>[\/et_pb_text][\/et_pb_column][\/et_pb_row][et_pb_row _builder_version=\u00a0\u00bb4.27.4&Prime; _module_preset=\u00a0\u00bbdefault\u00a0\u00bb global_colors_info=\u00a0\u00bb{}\u00a0\u00bb][et_pb_column type=\u00a0\u00bb4_4&Prime; _builder_version=\u00a0\u00bb4.27.4&Prime; _module_preset=\u00a0\u00bbdefault\u00a0\u00bb global_colors_info=\u00a0\u00bb{}\u00a0\u00bb][et_pb_shop type=\u00a0\u00bbproduct_category\u00a0\u00bb posts_number=\u00a0\u00bb60&Prime; include_categories=\u00a0\u00bb335&Prime; orderby=\u00a0\u00bbmenu_order\u00a0\u00bb show_rating=\u00a0\u00bboff\u00a0\u00bb show_sale_badge=\u00a0\u00bboff\u00a0\u00bb _builder_version=\u00a0\u00bb4.27.4&Prime; _module_preset=\u00a0\u00bbdefault\u00a0\u00bb title_text_color=\u00a0\u00bb#E09900&Prime; title_font_size=\u00a0\u00bb20px\u00a0\u00bb title_line_height=\u00a0\u00bb1.3em\u00a0\u00bb price_font_size=\u00a0\u00bb16px\u00a0\u00bb global_colors_info=\u00a0\u00bb{}\u00a0\u00bb][\/et_pb_shop][\/et_pb_column][\/et_pb_row][et_pb_row _builder_version=\u00a0\u00bb4.27.4&Prime; _module_preset=\u00a0\u00bbdefault\u00a0\u00bb background_color=\u00a0\u00bb#F9B233&Prime; border_radii=\u00a0\u00bbon|80px|80px|80px|80px\u00a0\u00bb global_colors_info=\u00a0\u00bb{}\u00a0\u00bb][et_pb_column type=\u00a0\u00bb4_4&Prime; _builder_version=\u00a0\u00bb4.19.4&Prime; _module_preset=\u00a0\u00bbdefault\u00a0\u00bb global_colors_info=\u00a0\u00bb{}\u00a0\u00bb][et_pb_text _builder_version=\u00a0\u00bb4.27.4&Prime; _module_preset=\u00a0\u00bbdefault\u00a0\u00bb global_colors_info=\u00a0\u00bb{}\u00a0\u00bb]<\/p>\n<h2 style=\"text-align: center;\"><strong>COMPL\u00c9MENTS<\/strong><\/h2>\n<p>[\/et_pb_text][\/et_pb_column][\/et_pb_row][et_pb_row _builder_version=\u00a0\u00bb4.27.4&Prime; _module_preset=\u00a0\u00bbdefault\u00a0\u00bb global_colors_info=\u00a0\u00bb{}\u00a0\u00bb][et_pb_column type=\u00a0\u00bb4_4&Prime; _builder_version=\u00a0\u00bb4.27.4&Prime; _module_preset=\u00a0\u00bbdefault\u00a0\u00bb global_colors_info=\u00a0\u00bb{}\u00a0\u00bb][et_pb_shop type=\u00a0\u00bbproduct_category\u00a0\u00bb posts_number=\u00a0\u00bb60&Prime; include_categories=\u00a0\u00bb338&Prime; orderby=\u00a0\u00bbmenu_order\u00a0\u00bb show_rating=\u00a0\u00bboff\u00a0\u00bb show_sale_badge=\u00a0\u00bboff\u00a0\u00bb _builder_version=\u00a0\u00bb4.27.4&Prime; _module_preset=\u00a0\u00bbdefault\u00a0\u00bb title_text_color=\u00a0\u00bb#E09900&Prime; title_font_size=\u00a0\u00bb20px\u00a0\u00bb title_line_height=\u00a0\u00bb1.3em\u00a0\u00bb price_font_size=\u00a0\u00bb16px\u00a0\u00bb global_colors_info=\u00a0\u00bb{}\u00a0\u00bb][\/et_pb_shop][\/et_pb_column][\/et_pb_row][et_pb_row _builder_version=\u00a0\u00bb4.27.4&Prime; _module_preset=\u00a0\u00bbdefault\u00a0\u00bb background_color=\u00a0\u00bb#F9B233&Prime; border_radii=\u00a0\u00bbon|80px|80px|80px|80px\u00a0\u00bb global_colors_info=\u00a0\u00bb{}\u00a0\u00bb][et_pb_column type=\u00a0\u00bb4_4&Prime; _builder_version=\u00a0\u00bb4.19.4&Prime; _module_preset=\u00a0\u00bbdefault\u00a0\u00bb global_colors_info=\u00a0\u00bb{}\u00a0\u00bb][et_pb_text _builder_version=\u00a0\u00bb4.27.4&Prime; _module_preset=\u00a0\u00bbdefault\u00a0\u00bb global_colors_info=\u00a0\u00bb{}\u00a0\u00bb]<\/p>\n<h2 style=\"text-align: center;\"><strong>SOINS VISAGE ET CHEVEUX<\/strong><\/h2>\n<p>[\/et_pb_text][\/et_pb_column][\/et_pb_row][et_pb_row _builder_version=\u00a0\u00bb4.27.4&Prime; _module_preset=\u00a0\u00bbdefault\u00a0\u00bb global_colors_info=\u00a0\u00bb{}\u00a0\u00bb][et_pb_column type=\u00a0\u00bb4_4&Prime; _builder_version=\u00a0\u00bb4.27.4&Prime; _module_preset=\u00a0\u00bbdefault\u00a0\u00bb global_colors_info=\u00a0\u00bb{}\u00a0\u00bb][et_pb_shop type=\u00a0\u00bbproduct_category\u00a0\u00bb posts_number=\u00a0\u00bb60&Prime; include_categories=\u00a0\u00bb336&Prime; orderby=\u00a0\u00bbmenu_order\u00a0\u00bb show_rating=\u00a0\u00bboff\u00a0\u00bb show_sale_badge=\u00a0\u00bboff\u00a0\u00bb _builder_version=\u00a0\u00bb4.27.4&Prime; _module_preset=\u00a0\u00bbdefault\u00a0\u00bb title_text_color=\u00a0\u00bb#E09900&Prime; title_font_size=\u00a0\u00bb20px\u00a0\u00bb title_line_height=\u00a0\u00bb1.3em\u00a0\u00bb price_font_size=\u00a0\u00bb16px\u00a0\u00bb global_colors_info=\u00a0\u00bb{}\u00a0\u00bb][\/et_pb_shop][\/et_pb_column][\/et_pb_row][et_pb_row _builder_version=\u00a0\u00bb4.27.4&Prime; _module_preset=\u00a0\u00bbdefault\u00a0\u00bb background_color=\u00a0\u00bb#F9B233&Prime; border_radii=\u00a0\u00bbon|80px|80px|80px|80px\u00a0\u00bb global_colors_info=\u00a0\u00bb{}\u00a0\u00bb][et_pb_column type=\u00a0\u00bb4_4&Prime; _builder_version=\u00a0\u00bb4.19.4&Prime; _module_preset=\u00a0\u00bbdefault\u00a0\u00bb global_colors_info=\u00a0\u00bb{}\u00a0\u00bb][et_pb_text _builder_version=\u00a0\u00bb4.27.4&Prime; _module_preset=\u00a0\u00bbdefault\u00a0\u00bb global_colors_info=\u00a0\u00bb{}\u00a0\u00bb]<\/p>\n<h2 style=\"text-align: center;\"><strong>SOINS CORPS<\/strong><\/h2>\n<p>[\/et_pb_text][\/et_pb_column][\/et_pb_row][et_pb_row _builder_version=\u00a0\u00bb4.27.4&Prime; _module_preset=\u00a0\u00bbdefault\u00a0\u00bb global_colors_info=\u00a0\u00bb{}\u00a0\u00bb][et_pb_column type=\u00a0\u00bb4_4&Prime; _builder_version=\u00a0\u00bb4.27.4&Prime; _module_preset=\u00a0\u00bbdefault\u00a0\u00bb global_colors_info=\u00a0\u00bb{}\u00a0\u00bb][et_pb_shop type=\u00a0\u00bbproduct_category\u00a0\u00bb posts_number=\u00a0\u00bb60&Prime; include_categories=\u00a0\u00bb339&Prime; orderby=\u00a0\u00bbmenu_order\u00a0\u00bb show_rating=\u00a0\u00bboff\u00a0\u00bb show_sale_badge=\u00a0\u00bboff\u00a0\u00bb _builder_version=\u00a0\u00bb4.27.4&Prime; _module_preset=\u00a0\u00bbdefault\u00a0\u00bb title_text_color=\u00a0\u00bb#E09900&Prime; title_font_size=\u00a0\u00bb20px\u00a0\u00bb title_line_height=\u00a0\u00bb1.3em\u00a0\u00bb price_font_size=\u00a0\u00bb16px\u00a0\u00bb global_colors_info=\u00a0\u00bb{}\u00a0\u00bb][\/et_pb_shop][\/et_pb_column][\/et_pb_row][et_pb_row _builder_version=\u00a0\u00bb4.27.4&Prime; _module_preset=\u00a0\u00bbdefault\u00a0\u00bb background_color=\u00a0\u00bb#F9B233&Prime; border_radii=\u00a0\u00bbon|80px|80px|80px|80px\u00a0\u00bb global_colors_info=\u00a0\u00bb{}\u00a0\u00bb][et_pb_column type=\u00a0\u00bb4_4&Prime; _builder_version=\u00a0\u00bb4.19.4&Prime; _module_preset=\u00a0\u00bbdefault\u00a0\u00bb global_colors_info=\u00a0\u00bb{}\u00a0\u00bb][et_pb_text _builder_version=\u00a0\u00bb4.27.4&Prime; _module_preset=\u00a0\u00bbdefault\u00a0\u00bb global_colors_info=\u00a0\u00bb{}\u00a0\u00bb]<\/p>\n<h2 style=\"text-align: center;\"><strong>ACCESSOIRES<\/strong><\/h2>\n<p>[\/et_pb_text][\/et_pb_column][\/et_pb_row][et_pb_row _builder_version=\u00a0\u00bb4.27.4&Prime; _module_preset=\u00a0\u00bbdefault\u00a0\u00bb global_colors_info=\u00a0\u00bb{}\u00a0\u00bb][et_pb_column type=\u00a0\u00bb4_4&Prime; _builder_version=\u00a0\u00bb4.27.4&Prime; _module_preset=\u00a0\u00bbdefault\u00a0\u00bb global_colors_info=\u00a0\u00bb{}\u00a0\u00bb][et_pb_shop type=\u00a0\u00bbproduct_category\u00a0\u00bb posts_number=\u00a0\u00bb60&Prime; include_categories=\u00a0\u00bb337&Prime; orderby=\u00a0\u00bbmenu_order\u00a0\u00bb show_rating=\u00a0\u00bboff\u00a0\u00bb show_sale_badge=\u00a0\u00bboff\u00a0\u00bb _builder_version=\u00a0\u00bb4.27.4&Prime; _module_preset=\u00a0\u00bbdefault\u00a0\u00bb title_text_color=\u00a0\u00bb#E09900&Prime; title_font_size=\u00a0\u00bb20px\u00a0\u00bb title_line_height=\u00a0\u00bb1.3em\u00a0\u00bb price_font_size=\u00a0\u00bb16px\u00a0\u00bb global_colors_info=\u00a0\u00bb{}\u00a0\u00bb][\/et_pb_shop][\/et_pb_column][\/et_pb_row][\/et_pb_section][et_pb_section fb_built=\u00a0\u00bb1&Prime; admin_label=\u00a0\u00bbServices\u00a0\u00bb _builder_version=\u00a0\u00bb4.19.4&Prime; background_color=\u00a0\u00bb#f9f9f4&Prime; use_background_color_gradient=\u00a0\u00bbon\u00a0\u00bb background_color_gradient_type=\u00a0\u00bbcircular\u00a0\u00bb background_color_gradient_stops=\u00a0\u00bbrgba(249,249,244,0.94) 80%|#ffffff 100%\u00a0\u00bb background_color_gradient_overlays_image=\u00a0\u00bbon\u00a0\u00bb background_color_gradient_start=\u00a0\u00bbrgba(249,249,244,0.94)\u00a0\u00bb background_color_gradient_start_position=\u00a0\u00bb80%\u00a0\u00bb background_color_gradient_end=\u00a0\u00bb#ffffff\u00a0\u00bb background_image=\u00a0\u00bbhttp:\/\/matsara.fr\/wp-content\/uploads\/2022\/11\/drying-114135-scaled.jpg\u00a0\u00bb module_alignment=\u00a0\u00bbcenter\u00a0\u00bb custom_margin=\u00a0\u00bb|||\u00a0\u00bb custom_padding=\u00a0\u00bb|0||0|false|true\u00a0\u00bb animation_style=\u00a0\u00bbzoom\u00a0\u00bb animation_intensity_zoom=\u00a0\u00bb10%\u00a0\u00bb saved_tabs=\u00a0\u00bball\u00a0\u00bb locked=\u00a0\u00bboff\u00a0\u00bb global_colors_info=\u00a0\u00bb{}\u00a0\u00bb][\/et_pb_section][et_pb_section fb_built=\u00a0\u00bb1&Prime; disabled_on=\u00a0\u00bbon|on|on\u00a0\u00bb admin_label=\u00a0\u00bbFrequently Asked Questions\u00a0\u00bb _builder_version=\u00a0\u00bb4.16&Prime; disabled=\u00a0\u00bbon\u00a0\u00bb global_colors_info=\u00a0\u00bb{}\u00a0\u00bb][\/et_pb_section]<\/p>\n","protected":false},"excerpt":{"rendered":"<p>La boutique : Soin et bien-\u00eatreMatsara propose l&rsquo;achat d&rsquo;huiles essentielles \u00e0 Marmande. Notre soci\u00e9t\u00e9 commercialise \u00e9galement une gamme d&rsquo;huiles v\u00e9g\u00e9tales pour le corps. Nos produits poss\u00e8dent diff\u00e9rentes propri\u00e9t\u00e9s afin de s&rsquo;adapter \u00e0 chacun de vos besoins : peau s\u00eache, peau grasse, formule anti-\u00e2ge, lutte contre le stress, att\u00e9nuation des cicatrices&#8230;SAVONSHUILES ESSENTIELLESHUILES V\u00c9G\u00c9TALESCOMPL\u00c9MENTSSOINS VISAGE ET CHEVEUXSOINS [&hellip;]<\/p>\n","protected":false},"author":3,"featured_media":0,"parent":0,"menu_order":0,"comment_status":"closed","ping_status":"closed","template":"","meta":{"_et_pb_use_builder":"on","_et_pb_old_content":"","_et_gb_content_width":"","footnotes":""},"class_list":["post-4933","page","type-page","status-publish","hentry"],"yoast_head":"<!-- This site is optimized with the Yoast SEO plugin v26.4 - https:\/\/yoast.com\/wordpress\/plugins\/seo\/ -->\n<title>La boutique- Soin et bien-\u00eatre - matsara.fr<\/title>\n<meta name=\"robots\" content=\"index, follow, max-snippet:-1, max-image-preview:large, max-video-preview:-1\" \/>\n<link rel=\"canonical\" href=\"https:\/\/matsara.fr\/?page_id=4933\" \/>\n<meta property=\"og:locale\" content=\"fr_FR\" \/>\n<meta property=\"og:type\" content=\"article\" \/>\n<meta property=\"og:title\" content=\"La boutique- Soin et bien-\u00eatre - matsara.fr\" \/>\n<meta property=\"og:description\" content=\"La boutique : Soin et bien-\u00eatreMatsara propose l&#039;achat d&#039;huiles essentielles \u00e0 Marmande. Notre soci\u00e9t\u00e9 commercialise \u00e9galement une gamme d&#039;huiles v\u00e9g\u00e9tales pour le corps. Nos produits poss\u00e8dent diff\u00e9rentes propri\u00e9t\u00e9s afin de s&#039;adapter \u00e0 chacun de vos besoins : peau s\u00eache, peau grasse, formule anti-\u00e2ge, lutte contre le stress, att\u00e9nuation des cicatrices...SAVONSHUILES ESSENTIELLESHUILES V\u00c9G\u00c9TALESCOMPL\u00c9MENTSSOINS VISAGE ET CHEVEUXSOINS [&hellip;]\" \/>\n<meta property=\"og:url\" content=\"https:\/\/matsara.fr\/?page_id=4933\" \/>\n<meta property=\"og:site_name\" content=\"matsara.fr\" \/>\n<meta property=\"article:modified_time\" content=\"2025-01-23T16:09:05+00:00\" \/>\n<meta name=\"twitter:card\" content=\"summary_large_image\" \/>\n<meta name=\"twitter:label1\" content=\"Dur\u00e9e de lecture estim\u00e9e\" \/>\n\t<meta name=\"twitter:data1\" content=\"7 minutes\" \/>\n<script type=\"application\/ld+json\" class=\"yoast-schema-graph\">{\"@context\":\"https:\/\/schema.org\",\"@graph\":[{\"@type\":\"WebPage\",\"@id\":\"https:\/\/matsara.fr\/?page_id=4933\",\"url\":\"https:\/\/matsara.fr\/?page_id=4933\",\"name\":\"La boutique- Soin et bien-\u00eatre - matsara.fr\",\"isPartOf\":{\"@id\":\"https:\/\/matsara.fr\/#website\"},\"datePublished\":\"2022-12-14T12:41:24+00:00\",\"dateModified\":\"2025-01-23T16:09:05+00:00\",\"breadcrumb\":{\"@id\":\"https:\/\/matsara.fr\/?page_id=4933#breadcrumb\"},\"inLanguage\":\"fr-FR\",\"potentialAction\":[{\"@type\":\"ReadAction\",\"target\":[\"https:\/\/matsara.fr\/?page_id=4933\"]}]},{\"@type\":\"BreadcrumbList\",\"@id\":\"https:\/\/matsara.fr\/?page_id=4933#breadcrumb\",\"itemListElement\":[{\"@type\":\"ListItem\",\"position\":1,\"name\":\"Accueil\",\"item\":\"https:\/\/matsara.fr\/\"},{\"@type\":\"ListItem\",\"position\":2,\"name\":\"La boutique- Soin et bien-\u00eatre\"}]},{\"@type\":\"WebSite\",\"@id\":\"https:\/\/matsara.fr\/#website\",\"url\":\"https:\/\/matsara.fr\/\",\"name\":\"matsara.fr\",\"description\":\"La vanille qui vous veut du bien\",\"publisher\":{\"@id\":\"https:\/\/matsara.fr\/#organization\"},\"potentialAction\":[{\"@type\":\"SearchAction\",\"target\":{\"@type\":\"EntryPoint\",\"urlTemplate\":\"https:\/\/matsara.fr\/?s={search_term_string}\"},\"query-input\":{\"@type\":\"PropertyValueSpecification\",\"valueRequired\":true,\"valueName\":\"search_term_string\"}}],\"inLanguage\":\"fr-FR\"},{\"@type\":\"Organization\",\"@id\":\"https:\/\/matsara.fr\/#organization\",\"name\":\"matsara.fr\",\"url\":\"https:\/\/matsara.fr\/\",\"logo\":{\"@type\":\"ImageObject\",\"inLanguage\":\"fr-FR\",\"@id\":\"https:\/\/matsara.fr\/#\/schema\/logo\/image\/\",\"url\":\"https:\/\/matsara.fr\/wp-content\/uploads\/2019\/06\/organic-store-logo5.svg\",\"contentUrl\":\"https:\/\/matsara.fr\/wp-content\/uploads\/2019\/06\/organic-store-logo5.svg\",\"caption\":\"matsara.fr\"},\"image\":{\"@id\":\"https:\/\/matsara.fr\/#\/schema\/logo\/image\/\"}}]}<\/script>\n<!-- \/ Yoast SEO plugin. -->","yoast_head_json":{"title":"La boutique- Soin et bien-\u00eatre - matsara.fr","robots":{"index":"index","follow":"follow","max-snippet":"max-snippet:-1","max-image-preview":"max-image-preview:large","max-video-preview":"max-video-preview:-1"},"canonical":"https:\/\/matsara.fr\/?page_id=4933","og_locale":"fr_FR","og_type":"article","og_title":"La boutique- Soin et bien-\u00eatre - matsara.fr","og_description":"La boutique : Soin et bien-\u00eatreMatsara propose l'achat d'huiles essentielles \u00e0 Marmande. Notre soci\u00e9t\u00e9 commercialise \u00e9galement une gamme d'huiles v\u00e9g\u00e9tales pour le corps. Nos produits poss\u00e8dent diff\u00e9rentes propri\u00e9t\u00e9s afin de s'adapter \u00e0 chacun de vos besoins : peau s\u00eache, peau grasse, formule anti-\u00e2ge, lutte contre le stress, att\u00e9nuation des cicatrices...SAVONSHUILES ESSENTIELLESHUILES V\u00c9G\u00c9TALESCOMPL\u00c9MENTSSOINS VISAGE ET CHEVEUXSOINS [&hellip;]","og_url":"https:\/\/matsara.fr\/?page_id=4933","og_site_name":"matsara.fr","article_modified_time":"2025-01-23T16:09:05+00:00","twitter_card":"summary_large_image","twitter_misc":{"Dur\u00e9e de lecture estim\u00e9e":"7 minutes"},"schema":{"@context":"https:\/\/schema.org","@graph":[{"@type":"WebPage","@id":"https:\/\/matsara.fr\/?page_id=4933","url":"https:\/\/matsara.fr\/?page_id=4933","name":"La boutique- Soin et bien-\u00eatre - matsara.fr","isPartOf":{"@id":"https:\/\/matsara.fr\/#website"},"datePublished":"2022-12-14T12:41:24+00:00","dateModified":"2025-01-23T16:09:05+00:00","breadcrumb":{"@id":"https:\/\/matsara.fr\/?page_id=4933#breadcrumb"},"inLanguage":"fr-FR","potentialAction":[{"@type":"ReadAction","target":["https:\/\/matsara.fr\/?page_id=4933"]}]},{"@type":"BreadcrumbList","@id":"https:\/\/matsara.fr\/?page_id=4933#breadcrumb","itemListElement":[{"@type":"ListItem","position":1,"name":"Accueil","item":"https:\/\/matsara.fr\/"},{"@type":"ListItem","position":2,"name":"La boutique- Soin et bien-\u00eatre"}]},{"@type":"WebSite","@id":"https:\/\/matsara.fr\/#website","url":"https:\/\/matsara.fr\/","name":"matsara.fr","description":"La vanille qui vous veut du bien","publisher":{"@id":"https:\/\/matsara.fr\/#organization"},"potentialAction":[{"@type":"SearchAction","target":{"@type":"EntryPoint","urlTemplate":"https:\/\/matsara.fr\/?s={search_term_string}"},"query-input":{"@type":"PropertyValueSpecification","valueRequired":true,"valueName":"search_term_string"}}],"inLanguage":"fr-FR"},{"@type":"Organization","@id":"https:\/\/matsara.fr\/#organization","name":"matsara.fr","url":"https:\/\/matsara.fr\/","logo":{"@type":"ImageObject","inLanguage":"fr-FR","@id":"https:\/\/matsara.fr\/#\/schema\/logo\/image\/","url":"https:\/\/matsara.fr\/wp-content\/uploads\/2019\/06\/organic-store-logo5.svg","contentUrl":"https:\/\/matsara.fr\/wp-content\/uploads\/2019\/06\/organic-store-logo5.svg","caption":"matsara.fr"},"image":{"@id":"https:\/\/matsara.fr\/#\/schema\/logo\/image\/"}}]}},"_links":{"self":[{"href":"https:\/\/matsara.fr\/index.php?rest_route=\/wp\/v2\/pages\/4933","targetHints":{"allow":["GET"]}}],"collection":[{"href":"https:\/\/matsara.fr\/index.php?rest_route=\/wp\/v2\/pages"}],"about":[{"href":"https:\/\/matsara.fr\/index.php?rest_route=\/wp\/v2\/types\/page"}],"author":[{"embeddable":true,"href":"https:\/\/matsara.fr\/index.php?rest_route=\/wp\/v2\/users\/3"}],"replies":[{"embeddable":true,"href":"https:\/\/matsara.fr\/index.php?rest_route=%2Fwp%2Fv2%2Fcomments&post=4933"}],"version-history":[{"count":58,"href":"https:\/\/matsara.fr\/index.php?rest_route=\/wp\/v2\/pages\/4933\/revisions"}],"predecessor-version":[{"id":6708,"href":"https:\/\/matsara.fr\/index.php?rest_route=\/wp\/v2\/pages\/4933\/revisions\/6708"}],"wp:attachment":[{"href":"https:\/\/matsara.fr\/index.php?rest_route=%2Fwp%2Fv2%2Fmedia&parent=4933"}],"curies":[{"name":"wp","href":"https:\/\/api.w.org\/{rel}","templated":true}]}}