{"id":4881,"date":"2022-12-12T13:45:35","date_gmt":"2022-12-12T13:45:35","guid":{"rendered":"https:\/\/matsara.fr\/?post_type=product&#038;p=4881"},"modified":"2024-08-04T21:48:05","modified_gmt":"2024-08-04T21:48:05","slug":"3-gousses-de-vanille-en-tube-15-17-cm","status":"publish","type":"product","link":"https:\/\/matsara.fr\/?product=3-gousses-de-vanille-en-tube-15-17-cm","title":{"rendered":"3 gousses de vanille en tube- 15-17 cm"},"content":{"rendered":"<p>Nos vanilles sont souples, grasses et de couleur uniforme (noire\/ brun fonc\u00e9).<\/p>\n<p>Pour vos desserts, glaces et boissons, cette vanille apporte toujours une touche raffin\u00e9e.<\/p>\n<p>Nous vous assurons un produit issu de l&rsquo;agriculture sans produits chimiques.<\/p>\n<p>Gousses de vanille Bourbon- 15-20cm<\/p>\n<p>Conditionnement : sachet sous vide ou tube en verre<\/p>\n<p>Dur\u00e9e de conservation : 1 \u00e0 4 ans<\/p>\n<p>Origine : Madagascar<\/p>\n<p><strong>Conseils de conservation :<\/strong><\/p>\n<p>Utilisez un tube en verre ou un bocal en verre pas trop grand (de pr\u00e9f\u00e9rence emballez les gousses dans un papier paraffin\u00e9), ou encore une boite en fer herm\u00e9tique. Pr\u00e9servez votre vanille \u00e0 l&rsquo;abri de la chaleur, de l&rsquo;humidit\u00e9 et limitez les contacts avec l&rsquo;air.<\/p>\n","protected":false},"excerpt":{"rendered":"<p>Gousse de vanille intense et savoureuse<\/p>\n","protected":false},"featured_media":4886,"comment_status":"open","ping_status":"closed","template":"","meta":{"_et_pb_use_builder":"","_et_pb_old_content":"","_et_gb_content_width":""},"product_brand":[],"product_cat":[34],"product_tag":[36,35],"class_list":{"0":"post-4881","1":"product","2":"type-product","3":"status-publish","4":"has-post-thumbnail","6":"product_cat-la-vanille","7":"product_tag-gousses","8":"product_tag-vanille","10":"first","11":"instock","12":"taxable","13":"shipping-taxable","14":"purchasable","15":"product-type-simple"},"yoast_head":"<!-- This site is optimized with the Yoast SEO plugin v26.4 - https:\/\/yoast.com\/wordpress\/plugins\/seo\/ -->\n<title>3 gousses de vanille en tube- 15-17 cm - matsara.fr<\/title>\n<meta name=\"robots\" content=\"index, follow, max-snippet:-1, max-image-preview:large, max-video-preview:-1\" \/>\n<link rel=\"canonical\" href=\"https:\/\/matsara.fr\/?product=3-gousses-de-vanille-en-tube-15-17-cm\" \/>\n<meta property=\"og:locale\" content=\"fr_FR\" \/>\n<meta property=\"og:type\" content=\"article\" \/>\n<meta property=\"og:title\" content=\"3 gousses de vanille en tube- 15-17 cm - matsara.fr\" \/>\n<meta property=\"og:description\" content=\"Gousse de vanille intense et savoureuse\" \/>\n<meta property=\"og:url\" content=\"https:\/\/matsara.fr\/?product=3-gousses-de-vanille-en-tube-15-17-cm\" \/>\n<meta property=\"og:site_name\" content=\"matsara.fr\" \/>\n<meta property=\"article:modified_time\" content=\"2024-08-04T21:48:05+00:00\" \/>\n<meta property=\"og:image\" content=\"https:\/\/matsara.fr\/wp-content\/uploads\/2022\/11\/Sans-titre-18.png\" \/>\n\t<meta property=\"og:image:width\" content=\"700\" \/>\n\t<meta property=\"og:image:height\" content=\"700\" \/>\n\t<meta property=\"og:image:type\" content=\"image\/png\" \/>\n<meta name=\"twitter:card\" content=\"summary_large_image\" \/>\n<meta name=\"twitter:label1\" content=\"Dur\u00e9e de lecture estim\u00e9e\" \/>\n\t<meta name=\"twitter:data1\" content=\"1 minute\" \/>\n<script type=\"application\/ld+json\" class=\"yoast-schema-graph\">{\"@context\":\"https:\/\/schema.org\",\"@graph\":[{\"@type\":\"WebPage\",\"@id\":\"https:\/\/matsara.fr\/?product=3-gousses-de-vanille-en-tube-15-17-cm\",\"url\":\"https:\/\/matsara.fr\/?product=3-gousses-de-vanille-en-tube-15-17-cm\",\"name\":\"3 gousses de vanille en tube- 15-17 cm - matsara.fr\",\"isPartOf\":{\"@id\":\"https:\/\/matsara.fr\/#website\"},\"primaryImageOfPage\":{\"@id\":\"https:\/\/matsara.fr\/?product=3-gousses-de-vanille-en-tube-15-17-cm#primaryimage\"},\"image\":{\"@id\":\"https:\/\/matsara.fr\/?product=3-gousses-de-vanille-en-tube-15-17-cm#primaryimage\"},\"thumbnailUrl\":\"https:\/\/matsara.fr\/wp-content\/uploads\/2022\/11\/Sans-titre-18.png\",\"datePublished\":\"2022-12-12T13:45:35+00:00\",\"dateModified\":\"2024-08-04T21:48:05+00:00\",\"breadcrumb\":{\"@id\":\"https:\/\/matsara.fr\/?product=3-gousses-de-vanille-en-tube-15-17-cm#breadcrumb\"},\"inLanguage\":\"fr-FR\",\"potentialAction\":[{\"@type\":\"ReadAction\",\"target\":[\"https:\/\/matsara.fr\/?product=3-gousses-de-vanille-en-tube-15-17-cm\"]}]},{\"@type\":\"ImageObject\",\"inLanguage\":\"fr-FR\",\"@id\":\"https:\/\/matsara.fr\/?product=3-gousses-de-vanille-en-tube-15-17-cm#primaryimage\",\"url\":\"https:\/\/matsara.fr\/wp-content\/uploads\/2022\/11\/Sans-titre-18.png\",\"contentUrl\":\"https:\/\/matsara.fr\/wp-content\/uploads\/2022\/11\/Sans-titre-18.png\",\"width\":700,\"height\":700,\"caption\":\"vanille grasse\"},{\"@type\":\"BreadcrumbList\",\"@id\":\"https:\/\/matsara.fr\/?product=3-gousses-de-vanille-en-tube-15-17-cm#breadcrumb\",\"itemListElement\":[{\"@type\":\"ListItem\",\"position\":1,\"name\":\"Accueil\",\"item\":\"https:\/\/matsara.fr\/\"},{\"@type\":\"ListItem\",\"position\":2,\"name\":\"Produits\",\"item\":\"https:\/\/matsara.fr\/?post_type=product\"},{\"@type\":\"ListItem\",\"position\":3,\"name\":\"3 gousses de vanille en tube- 15-17 cm\"}]},{\"@type\":\"WebSite\",\"@id\":\"https:\/\/matsara.fr\/#website\",\"url\":\"https:\/\/matsara.fr\/\",\"name\":\"matsara.fr\",\"description\":\"La vanille qui vous veut du bien\",\"publisher\":{\"@id\":\"https:\/\/matsara.fr\/#organization\"},\"potentialAction\":[{\"@type\":\"SearchAction\",\"target\":{\"@type\":\"EntryPoint\",\"urlTemplate\":\"https:\/\/matsara.fr\/?s={search_term_string}\"},\"query-input\":{\"@type\":\"PropertyValueSpecification\",\"valueRequired\":true,\"valueName\":\"search_term_string\"}}],\"inLanguage\":\"fr-FR\"},{\"@type\":\"Organization\",\"@id\":\"https:\/\/matsara.fr\/#organization\",\"name\":\"matsara.fr\",\"url\":\"https:\/\/matsara.fr\/\",\"logo\":{\"@type\":\"ImageObject\",\"inLanguage\":\"fr-FR\",\"@id\":\"https:\/\/matsara.fr\/#\/schema\/logo\/image\/\",\"url\":\"https:\/\/matsara.fr\/wp-content\/uploads\/2019\/06\/organic-store-logo5.svg\",\"contentUrl\":\"https:\/\/matsara.fr\/wp-content\/uploads\/2019\/06\/organic-store-logo5.svg\",\"caption\":\"matsara.fr\"},\"image\":{\"@id\":\"https:\/\/matsara.fr\/#\/schema\/logo\/image\/\"}}]}<\/script>\n<!-- \/ Yoast SEO plugin. -->","yoast_head_json":{"title":"3 gousses de vanille en tube- 15-17 cm - matsara.fr","robots":{"index":"index","follow":"follow","max-snippet":"max-snippet:-1","max-image-preview":"max-image-preview:large","max-video-preview":"max-video-preview:-1"},"canonical":"https:\/\/matsara.fr\/?product=3-gousses-de-vanille-en-tube-15-17-cm","og_locale":"fr_FR","og_type":"article","og_title":"3 gousses de vanille en tube- 15-17 cm - matsara.fr","og_description":"Gousse de vanille intense et savoureuse","og_url":"https:\/\/matsara.fr\/?product=3-gousses-de-vanille-en-tube-15-17-cm","og_site_name":"matsara.fr","article_modified_time":"2024-08-04T21:48:05+00:00","og_image":[{"width":700,"height":700,"url":"https:\/\/matsara.fr\/wp-content\/uploads\/2022\/11\/Sans-titre-18.png","type":"image\/png"}],"twitter_card":"summary_large_image","twitter_misc":{"Dur\u00e9e de lecture estim\u00e9e":"1 minute"},"schema":{"@context":"https:\/\/schema.org","@graph":[{"@type":"WebPage","@id":"https:\/\/matsara.fr\/?product=3-gousses-de-vanille-en-tube-15-17-cm","url":"https:\/\/matsara.fr\/?product=3-gousses-de-vanille-en-tube-15-17-cm","name":"3 gousses de vanille en tube- 15-17 cm - matsara.fr","isPartOf":{"@id":"https:\/\/matsara.fr\/#website"},"primaryImageOfPage":{"@id":"https:\/\/matsara.fr\/?product=3-gousses-de-vanille-en-tube-15-17-cm#primaryimage"},"image":{"@id":"https:\/\/matsara.fr\/?product=3-gousses-de-vanille-en-tube-15-17-cm#primaryimage"},"thumbnailUrl":"https:\/\/matsara.fr\/wp-content\/uploads\/2022\/11\/Sans-titre-18.png","datePublished":"2022-12-12T13:45:35+00:00","dateModified":"2024-08-04T21:48:05+00:00","breadcrumb":{"@id":"https:\/\/matsara.fr\/?product=3-gousses-de-vanille-en-tube-15-17-cm#breadcrumb"},"inLanguage":"fr-FR","potentialAction":[{"@type":"ReadAction","target":["https:\/\/matsara.fr\/?product=3-gousses-de-vanille-en-tube-15-17-cm"]}]},{"@type":"ImageObject","inLanguage":"fr-FR","@id":"https:\/\/matsara.fr\/?product=3-gousses-de-vanille-en-tube-15-17-cm#primaryimage","url":"https:\/\/matsara.fr\/wp-content\/uploads\/2022\/11\/Sans-titre-18.png","contentUrl":"https:\/\/matsara.fr\/wp-content\/uploads\/2022\/11\/Sans-titre-18.png","width":700,"height":700,"caption":"vanille grasse"},{"@type":"BreadcrumbList","@id":"https:\/\/matsara.fr\/?product=3-gousses-de-vanille-en-tube-15-17-cm#breadcrumb","itemListElement":[{"@type":"ListItem","position":1,"name":"Accueil","item":"https:\/\/matsara.fr\/"},{"@type":"ListItem","position":2,"name":"Produits","item":"https:\/\/matsara.fr\/?post_type=product"},{"@type":"ListItem","position":3,"name":"3 gousses de vanille en tube- 15-17 cm"}]},{"@type":"WebSite","@id":"https:\/\/matsara.fr\/#website","url":"https:\/\/matsara.fr\/","name":"matsara.fr","description":"La vanille qui vous veut du bien","publisher":{"@id":"https:\/\/matsara.fr\/#organization"},"potentialAction":[{"@type":"SearchAction","target":{"@type":"EntryPoint","urlTemplate":"https:\/\/matsara.fr\/?s={search_term_string}"},"query-input":{"@type":"PropertyValueSpecification","valueRequired":true,"valueName":"search_term_string"}}],"inLanguage":"fr-FR"},{"@type":"Organization","@id":"https:\/\/matsara.fr\/#organization","name":"matsara.fr","url":"https:\/\/matsara.fr\/","logo":{"@type":"ImageObject","inLanguage":"fr-FR","@id":"https:\/\/matsara.fr\/#\/schema\/logo\/image\/","url":"https:\/\/matsara.fr\/wp-content\/uploads\/2019\/06\/organic-store-logo5.svg","contentUrl":"https:\/\/matsara.fr\/wp-content\/uploads\/2019\/06\/organic-store-logo5.svg","caption":"matsara.fr"},"image":{"@id":"https:\/\/matsara.fr\/#\/schema\/logo\/image\/"}}]}},"_links":{"self":[{"href":"https:\/\/matsara.fr\/index.php?rest_route=\/wp\/v2\/product\/4881","targetHints":{"allow":["GET"]}}],"collection":[{"href":"https:\/\/matsara.fr\/index.php?rest_route=\/wp\/v2\/product"}],"about":[{"href":"https:\/\/matsara.fr\/index.php?rest_route=\/wp\/v2\/types\/product"}],"replies":[{"embeddable":true,"href":"https:\/\/matsara.fr\/index.php?rest_route=%2Fwp%2Fv2%2Fcomments&post=4881"}],"wp:featuredmedia":[{"embeddable":true,"href":"https:\/\/matsara.fr\/index.php?rest_route=\/wp\/v2\/media\/4886"}],"wp:attachment":[{"href":"https:\/\/matsara.fr\/index.php?rest_route=%2Fwp%2Fv2%2Fmedia&parent=4881"}],"wp:term":[{"taxonomy":"product_brand","embeddable":true,"href":"https:\/\/matsara.fr\/index.php?rest_route=%2Fwp%2Fv2%2Fproduct_brand&post=4881"},{"taxonomy":"product_cat","embeddable":true,"href":"https:\/\/matsara.fr\/index.php?rest_route=%2Fwp%2Fv2%2Fproduct_cat&post=4881"},{"taxonomy":"product_tag","embeddable":true,"href":"https:\/\/matsara.fr\/index.php?rest_route=%2Fwp%2Fv2%2Fproduct_tag&post=4881"}],"curies":[{"name":"wp","href":"https:\/\/api.w.org\/{rel}","templated":true}]}}