{"id":4883,"date":"2022-12-12T13:47:52","date_gmt":"2022-12-12T13:47:52","guid":{"rendered":"https:\/\/matsara.fr\/?post_type=product&#038;p=4883"},"modified":"2024-08-04T21:53:56","modified_gmt":"2024-08-04T21:53:56","slug":"extrait-de-vanille-20ml","status":"publish","type":"product","link":"https:\/\/matsara.fr\/?product=extrait-de-vanille-20ml","title":{"rendered":"Extrait de vanille- 20ml"},"content":{"rendered":"<p>A utiliser pour tout type de plat, mais de pr\u00e9f\u00e9rence pour les pr\u00e9parations liquides (cr\u00eapes, cr\u00e8me anglaise, , cr\u00e8me br\u00fbl\u00e9e, cr\u00e8me glac\u00e9e, riz au lait, yaourt, cocktail&#8230;)<\/p>\n<p><strong>Concentration : 300g\/litre<\/strong><\/p>\n<p>Odeur : chaude, sucr\u00e9e, balsamique<\/p>\n<p>Parties distill\u00e9es : gousses<\/p>\n<p>Ingr\u00e9dients : gousse de vanille, alcool, eau<\/p>\n<p>Contenance : 20ml\/ 100ml<\/p>\n<p>Allerg\u00e8nes : certains compos\u00e9s naturels contenus dans cet extrait peuvent pr\u00e9senter un risque d&rsquo;allergie chez certaines personnes. Pour mesurer votre tol\u00e9rance, faites toujours un test d&rsquo;application dans le pli du coude avant utilisation dans vos m\u00e9langes.<\/p>\n","protected":false},"excerpt":{"rendered":"<p>Gousse de vanille intense et savoureuse<\/p>\n","protected":false},"featured_media":6009,"comment_status":"open","ping_status":"closed","template":"","meta":{"_et_pb_use_builder":"","_et_pb_old_content":"","_et_gb_content_width":""},"product_brand":[],"product_cat":[34],"product_tag":[36,35],"class_list":{"0":"post-4883","1":"product","2":"type-product","3":"status-publish","4":"has-post-thumbnail","6":"product_cat-la-vanille","7":"product_tag-gousses","8":"product_tag-vanille","10":"first","11":"instock","12":"taxable","13":"shipping-taxable","14":"purchasable","15":"product-type-simple"},"yoast_head":"<!-- This site is optimized with the Yoast SEO plugin v26.4 - https:\/\/yoast.com\/wordpress\/plugins\/seo\/ -->\n<title>Extrait de vanille- 20ml - matsara.fr<\/title>\n<meta name=\"robots\" content=\"index, follow, max-snippet:-1, max-image-preview:large, max-video-preview:-1\" \/>\n<link rel=\"canonical\" href=\"https:\/\/matsara.fr\/?product=extrait-de-vanille-20ml\" \/>\n<meta property=\"og:locale\" content=\"fr_FR\" \/>\n<meta property=\"og:type\" content=\"article\" \/>\n<meta property=\"og:title\" content=\"Extrait de vanille- 20ml - matsara.fr\" \/>\n<meta property=\"og:description\" content=\"Gousse de vanille intense et savoureuse\" \/>\n<meta property=\"og:url\" content=\"https:\/\/matsara.fr\/?product=extrait-de-vanille-20ml\" \/>\n<meta property=\"og:site_name\" content=\"matsara.fr\" \/>\n<meta property=\"article:modified_time\" content=\"2024-08-04T21:53:56+00:00\" \/>\n<meta property=\"og:image\" content=\"https:\/\/matsara.fr\/wp-content\/uploads\/2022\/12\/Extrait-de-vanille.png\" \/>\n\t<meta property=\"og:image:width\" content=\"500\" \/>\n\t<meta property=\"og:image:height\" content=\"700\" \/>\n\t<meta property=\"og:image:type\" content=\"image\/png\" \/>\n<meta name=\"twitter:card\" content=\"summary_large_image\" \/>\n<script type=\"application\/ld+json\" class=\"yoast-schema-graph\">{\"@context\":\"https:\/\/schema.org\",\"@graph\":[{\"@type\":\"WebPage\",\"@id\":\"https:\/\/matsara.fr\/?product=extrait-de-vanille-20ml\",\"url\":\"https:\/\/matsara.fr\/?product=extrait-de-vanille-20ml\",\"name\":\"Extrait de vanille- 20ml - matsara.fr\",\"isPartOf\":{\"@id\":\"https:\/\/matsara.fr\/#website\"},\"primaryImageOfPage\":{\"@id\":\"https:\/\/matsara.fr\/?product=extrait-de-vanille-20ml#primaryimage\"},\"image\":{\"@id\":\"https:\/\/matsara.fr\/?product=extrait-de-vanille-20ml#primaryimage\"},\"thumbnailUrl\":\"https:\/\/matsara.fr\/wp-content\/uploads\/2022\/12\/Extrait-de-vanille.png\",\"datePublished\":\"2022-12-12T13:47:52+00:00\",\"dateModified\":\"2024-08-04T21:53:56+00:00\",\"breadcrumb\":{\"@id\":\"https:\/\/matsara.fr\/?product=extrait-de-vanille-20ml#breadcrumb\"},\"inLanguage\":\"fr-FR\",\"potentialAction\":[{\"@type\":\"ReadAction\",\"target\":[\"https:\/\/matsara.fr\/?product=extrait-de-vanille-20ml\"]}]},{\"@type\":\"ImageObject\",\"inLanguage\":\"fr-FR\",\"@id\":\"https:\/\/matsara.fr\/?product=extrait-de-vanille-20ml#primaryimage\",\"url\":\"https:\/\/matsara.fr\/wp-content\/uploads\/2022\/12\/Extrait-de-vanille.png\",\"contentUrl\":\"https:\/\/matsara.fr\/wp-content\/uploads\/2022\/12\/Extrait-de-vanille.png\",\"width\":500,\"height\":700},{\"@type\":\"BreadcrumbList\",\"@id\":\"https:\/\/matsara.fr\/?product=extrait-de-vanille-20ml#breadcrumb\",\"itemListElement\":[{\"@type\":\"ListItem\",\"position\":1,\"name\":\"Accueil\",\"item\":\"https:\/\/matsara.fr\/\"},{\"@type\":\"ListItem\",\"position\":2,\"name\":\"Produits\",\"item\":\"https:\/\/matsara.fr\/?post_type=product\"},{\"@type\":\"ListItem\",\"position\":3,\"name\":\"Extrait de vanille- 20ml\"}]},{\"@type\":\"WebSite\",\"@id\":\"https:\/\/matsara.fr\/#website\",\"url\":\"https:\/\/matsara.fr\/\",\"name\":\"matsara.fr\",\"description\":\"La vanille qui vous veut du bien\",\"publisher\":{\"@id\":\"https:\/\/matsara.fr\/#organization\"},\"potentialAction\":[{\"@type\":\"SearchAction\",\"target\":{\"@type\":\"EntryPoint\",\"urlTemplate\":\"https:\/\/matsara.fr\/?s={search_term_string}\"},\"query-input\":{\"@type\":\"PropertyValueSpecification\",\"valueRequired\":true,\"valueName\":\"search_term_string\"}}],\"inLanguage\":\"fr-FR\"},{\"@type\":\"Organization\",\"@id\":\"https:\/\/matsara.fr\/#organization\",\"name\":\"matsara.fr\",\"url\":\"https:\/\/matsara.fr\/\",\"logo\":{\"@type\":\"ImageObject\",\"inLanguage\":\"fr-FR\",\"@id\":\"https:\/\/matsara.fr\/#\/schema\/logo\/image\/\",\"url\":\"https:\/\/matsara.fr\/wp-content\/uploads\/2019\/06\/organic-store-logo5.svg\",\"contentUrl\":\"https:\/\/matsara.fr\/wp-content\/uploads\/2019\/06\/organic-store-logo5.svg\",\"caption\":\"matsara.fr\"},\"image\":{\"@id\":\"https:\/\/matsara.fr\/#\/schema\/logo\/image\/\"}}]}<\/script>\n<!-- \/ Yoast SEO plugin. -->","yoast_head_json":{"title":"Extrait de vanille- 20ml - matsara.fr","robots":{"index":"index","follow":"follow","max-snippet":"max-snippet:-1","max-image-preview":"max-image-preview:large","max-video-preview":"max-video-preview:-1"},"canonical":"https:\/\/matsara.fr\/?product=extrait-de-vanille-20ml","og_locale":"fr_FR","og_type":"article","og_title":"Extrait de vanille- 20ml - matsara.fr","og_description":"Gousse de vanille intense et savoureuse","og_url":"https:\/\/matsara.fr\/?product=extrait-de-vanille-20ml","og_site_name":"matsara.fr","article_modified_time":"2024-08-04T21:53:56+00:00","og_image":[{"width":500,"height":700,"url":"https:\/\/matsara.fr\/wp-content\/uploads\/2022\/12\/Extrait-de-vanille.png","type":"image\/png"}],"twitter_card":"summary_large_image","schema":{"@context":"https:\/\/schema.org","@graph":[{"@type":"WebPage","@id":"https:\/\/matsara.fr\/?product=extrait-de-vanille-20ml","url":"https:\/\/matsara.fr\/?product=extrait-de-vanille-20ml","name":"Extrait de vanille- 20ml - matsara.fr","isPartOf":{"@id":"https:\/\/matsara.fr\/#website"},"primaryImageOfPage":{"@id":"https:\/\/matsara.fr\/?product=extrait-de-vanille-20ml#primaryimage"},"image":{"@id":"https:\/\/matsara.fr\/?product=extrait-de-vanille-20ml#primaryimage"},"thumbnailUrl":"https:\/\/matsara.fr\/wp-content\/uploads\/2022\/12\/Extrait-de-vanille.png","datePublished":"2022-12-12T13:47:52+00:00","dateModified":"2024-08-04T21:53:56+00:00","breadcrumb":{"@id":"https:\/\/matsara.fr\/?product=extrait-de-vanille-20ml#breadcrumb"},"inLanguage":"fr-FR","potentialAction":[{"@type":"ReadAction","target":["https:\/\/matsara.fr\/?product=extrait-de-vanille-20ml"]}]},{"@type":"ImageObject","inLanguage":"fr-FR","@id":"https:\/\/matsara.fr\/?product=extrait-de-vanille-20ml#primaryimage","url":"https:\/\/matsara.fr\/wp-content\/uploads\/2022\/12\/Extrait-de-vanille.png","contentUrl":"https:\/\/matsara.fr\/wp-content\/uploads\/2022\/12\/Extrait-de-vanille.png","width":500,"height":700},{"@type":"BreadcrumbList","@id":"https:\/\/matsara.fr\/?product=extrait-de-vanille-20ml#breadcrumb","itemListElement":[{"@type":"ListItem","position":1,"name":"Accueil","item":"https:\/\/matsara.fr\/"},{"@type":"ListItem","position":2,"name":"Produits","item":"https:\/\/matsara.fr\/?post_type=product"},{"@type":"ListItem","position":3,"name":"Extrait de vanille- 20ml"}]},{"@type":"WebSite","@id":"https:\/\/matsara.fr\/#website","url":"https:\/\/matsara.fr\/","name":"matsara.fr","description":"La vanille qui vous veut du bien","publisher":{"@id":"https:\/\/matsara.fr\/#organization"},"potentialAction":[{"@type":"SearchAction","target":{"@type":"EntryPoint","urlTemplate":"https:\/\/matsara.fr\/?s={search_term_string}"},"query-input":{"@type":"PropertyValueSpecification","valueRequired":true,"valueName":"search_term_string"}}],"inLanguage":"fr-FR"},{"@type":"Organization","@id":"https:\/\/matsara.fr\/#organization","name":"matsara.fr","url":"https:\/\/matsara.fr\/","logo":{"@type":"ImageObject","inLanguage":"fr-FR","@id":"https:\/\/matsara.fr\/#\/schema\/logo\/image\/","url":"https:\/\/matsara.fr\/wp-content\/uploads\/2019\/06\/organic-store-logo5.svg","contentUrl":"https:\/\/matsara.fr\/wp-content\/uploads\/2019\/06\/organic-store-logo5.svg","caption":"matsara.fr"},"image":{"@id":"https:\/\/matsara.fr\/#\/schema\/logo\/image\/"}}]}},"_links":{"self":[{"href":"https:\/\/matsara.fr\/index.php?rest_route=\/wp\/v2\/product\/4883","targetHints":{"allow":["GET"]}}],"collection":[{"href":"https:\/\/matsara.fr\/index.php?rest_route=\/wp\/v2\/product"}],"about":[{"href":"https:\/\/matsara.fr\/index.php?rest_route=\/wp\/v2\/types\/product"}],"replies":[{"embeddable":true,"href":"https:\/\/matsara.fr\/index.php?rest_route=%2Fwp%2Fv2%2Fcomments&post=4883"}],"wp:featuredmedia":[{"embeddable":true,"href":"https:\/\/matsara.fr\/index.php?rest_route=\/wp\/v2\/media\/6009"}],"wp:attachment":[{"href":"https:\/\/matsara.fr\/index.php?rest_route=%2Fwp%2Fv2%2Fmedia&parent=4883"}],"wp:term":[{"taxonomy":"product_brand","embeddable":true,"href":"https:\/\/matsara.fr\/index.php?rest_route=%2Fwp%2Fv2%2Fproduct_brand&post=4883"},{"taxonomy":"product_cat","embeddable":true,"href":"https:\/\/matsara.fr\/index.php?rest_route=%2Fwp%2Fv2%2Fproduct_cat&post=4883"},{"taxonomy":"product_tag","embeddable":true,"href":"https:\/\/matsara.fr\/index.php?rest_route=%2Fwp%2Fv2%2Fproduct_tag&post=4883"}],"curies":[{"name":"wp","href":"https:\/\/api.w.org\/{rel}","templated":true}]}}