{"id":4941,"date":"2022-12-14T12:42:04","date_gmt":"2022-12-14T12:42:04","guid":{"rendered":"https:\/\/matsara.fr\/?post_type=product&#038;p=4941"},"modified":"2026-02-28T20:00:40","modified_gmt":"2026-02-28T20:00:40","slug":"savane-parfum-homme-100ml","status":"publish","type":"product","link":"https:\/\/matsara.fr\/?product=savane-parfum-homme-100ml","title":{"rendered":"Savane parfum homme 100ml"},"content":{"rendered":"<p>Ce parfum d\u00e9livre un <strong>sillage riche, charg\u00e9 d&rsquo;intensit\u00e9<\/strong>, m\u00e9lant avec subtilit\u00e9, tour \u00e0 tour des facettes hesp\u00e9rid\u00e9es, bois\u00e9es et aromatiques.<\/p>\n<p>La fusion citron menthe l\u00e9g\u00e8re et fraiche se nuance peu \u00e0 peu de notes chaudes et sensuelles de gingembre. Une dimension velout\u00e9e, douce et chaleureuse de bois de <strong>santal<\/strong> et de <strong>v\u00e9tiver<\/strong> \u00e9volue et nous enveloppe instantan\u00e9ment.<\/p>\n<p>Charismatique, il gagne en intensit\u00e9 lib\u00e9rant un souffle de <strong>tabac<\/strong> chaud aussi \u00e9l\u00e9gant qu&rsquo;envo\u00fbtant. une odeur famili\u00e8re d&rsquo;orange sucr\u00e9e, lumineuse et p\u00e9tillante vient adoucir la composition.<\/p>\n<p><strong>Parfum homme- collection escapade<\/strong><\/p>\n<p>Vaporisateur homme<br \/>\nContenance : 100ml<br \/>\nTr\u00e8s haute concentration en parfum<\/p>\n<p>Tenue exceptionnelle<\/p>\n<p>Emball\u00e9 dans son \u00e9tui cartonn\u00e9<\/p>\n<p>Fabrication artisanale et fran\u00e7aise<\/p>\n<p><strong>Fragrance<\/strong> : Santal, tabac, citron, menthe, <strong>gingembre<\/strong>, orange, v\u00e9tiver<\/p>\n","protected":false},"excerpt":{"rendered":"<p><b>SAVANE<\/b>, est un parfum puissant, <b>moderne<\/b>, <b>frais<\/b>, \u00e9nergisant qui plaira autant aux <b>hommes<\/b> qu&rsquo;aux <b>femmes<\/b>.<\/p>\n","protected":false},"featured_media":6460,"comment_status":"open","ping_status":"closed","template":"","meta":{"_et_pb_use_builder":"","_et_pb_old_content":"","_et_gb_content_width":""},"product_brand":[],"product_cat":[40],"product_tag":[],"class_list":{"0":"post-4941","1":"product","2":"type-product","3":"status-publish","4":"has-post-thumbnail","6":"product_cat-parfum-produits-de-beaute","8":"first","9":"instock","10":"taxable","11":"shipping-taxable","12":"purchasable","13":"product-type-simple"},"yoast_head":"<!-- This site is optimized with the Yoast SEO plugin v26.4 - https:\/\/yoast.com\/wordpress\/plugins\/seo\/ -->\n<title>Savane parfum homme 100ml - matsara.fr<\/title>\n<meta name=\"robots\" content=\"index, follow, max-snippet:-1, max-image-preview:large, max-video-preview:-1\" \/>\n<link rel=\"canonical\" href=\"https:\/\/matsara.fr\/?product=savane-parfum-homme-100ml\" \/>\n<meta property=\"og:locale\" content=\"fr_FR\" \/>\n<meta property=\"og:type\" content=\"article\" \/>\n<meta property=\"og:title\" content=\"Savane parfum homme 100ml - matsara.fr\" \/>\n<meta property=\"og:description\" content=\"SAVANE, est un parfum puissant, moderne, frais, \u00e9nergisant qui plaira autant aux hommes qu&#039;aux femmes.\" \/>\n<meta property=\"og:url\" content=\"https:\/\/matsara.fr\/?product=savane-parfum-homme-100ml\" \/>\n<meta property=\"og:site_name\" content=\"matsara.fr\" \/>\n<meta property=\"article:modified_time\" content=\"2026-02-28T20:00:40+00:00\" \/>\n<meta property=\"og:image\" content=\"https:\/\/matsara.fr\/wp-content\/uploads\/2022\/12\/savane-1.jpg\" \/>\n\t<meta property=\"og:image:width\" content=\"683\" \/>\n\t<meta property=\"og:image:height\" content=\"1024\" \/>\n\t<meta property=\"og:image:type\" content=\"image\/jpeg\" \/>\n<meta name=\"twitter:card\" content=\"summary_large_image\" \/>\n<meta name=\"twitter:label1\" content=\"Dur\u00e9e de lecture estim\u00e9e\" \/>\n\t<meta name=\"twitter:data1\" content=\"1 minute\" \/>\n<script type=\"application\/ld+json\" class=\"yoast-schema-graph\">{\"@context\":\"https:\/\/schema.org\",\"@graph\":[{\"@type\":\"WebPage\",\"@id\":\"https:\/\/matsara.fr\/?product=savane-parfum-homme-100ml\",\"url\":\"https:\/\/matsara.fr\/?product=savane-parfum-homme-100ml\",\"name\":\"Savane parfum homme 100ml - matsara.fr\",\"isPartOf\":{\"@id\":\"https:\/\/matsara.fr\/#website\"},\"primaryImageOfPage\":{\"@id\":\"https:\/\/matsara.fr\/?product=savane-parfum-homme-100ml#primaryimage\"},\"image\":{\"@id\":\"https:\/\/matsara.fr\/?product=savane-parfum-homme-100ml#primaryimage\"},\"thumbnailUrl\":\"https:\/\/matsara.fr\/wp-content\/uploads\/2022\/12\/savane-1.jpg\",\"datePublished\":\"2022-12-14T12:42:04+00:00\",\"dateModified\":\"2026-02-28T20:00:40+00:00\",\"breadcrumb\":{\"@id\":\"https:\/\/matsara.fr\/?product=savane-parfum-homme-100ml#breadcrumb\"},\"inLanguage\":\"fr-FR\",\"potentialAction\":[{\"@type\":\"ReadAction\",\"target\":[\"https:\/\/matsara.fr\/?product=savane-parfum-homme-100ml\"]}]},{\"@type\":\"ImageObject\",\"inLanguage\":\"fr-FR\",\"@id\":\"https:\/\/matsara.fr\/?product=savane-parfum-homme-100ml#primaryimage\",\"url\":\"https:\/\/matsara.fr\/wp-content\/uploads\/2022\/12\/savane-1.jpg\",\"contentUrl\":\"https:\/\/matsara.fr\/wp-content\/uploads\/2022\/12\/savane-1.jpg\",\"width\":683,\"height\":1024,\"caption\":\"savane\"},{\"@type\":\"BreadcrumbList\",\"@id\":\"https:\/\/matsara.fr\/?product=savane-parfum-homme-100ml#breadcrumb\",\"itemListElement\":[{\"@type\":\"ListItem\",\"position\":1,\"name\":\"Accueil\",\"item\":\"https:\/\/matsara.fr\/\"},{\"@type\":\"ListItem\",\"position\":2,\"name\":\"Produits\",\"item\":\"https:\/\/matsara.fr\/?post_type=product\"},{\"@type\":\"ListItem\",\"position\":3,\"name\":\"Savane parfum homme 100ml\"}]},{\"@type\":\"WebSite\",\"@id\":\"https:\/\/matsara.fr\/#website\",\"url\":\"https:\/\/matsara.fr\/\",\"name\":\"matsara.fr\",\"description\":\"La vanille qui vous veut du bien\",\"publisher\":{\"@id\":\"https:\/\/matsara.fr\/#organization\"},\"potentialAction\":[{\"@type\":\"SearchAction\",\"target\":{\"@type\":\"EntryPoint\",\"urlTemplate\":\"https:\/\/matsara.fr\/?s={search_term_string}\"},\"query-input\":{\"@type\":\"PropertyValueSpecification\",\"valueRequired\":true,\"valueName\":\"search_term_string\"}}],\"inLanguage\":\"fr-FR\"},{\"@type\":\"Organization\",\"@id\":\"https:\/\/matsara.fr\/#organization\",\"name\":\"matsara.fr\",\"url\":\"https:\/\/matsara.fr\/\",\"logo\":{\"@type\":\"ImageObject\",\"inLanguage\":\"fr-FR\",\"@id\":\"https:\/\/matsara.fr\/#\/schema\/logo\/image\/\",\"url\":\"https:\/\/matsara.fr\/wp-content\/uploads\/2019\/06\/organic-store-logo5.svg\",\"contentUrl\":\"https:\/\/matsara.fr\/wp-content\/uploads\/2019\/06\/organic-store-logo5.svg\",\"caption\":\"matsara.fr\"},\"image\":{\"@id\":\"https:\/\/matsara.fr\/#\/schema\/logo\/image\/\"}}]}<\/script>\n<!-- \/ Yoast SEO plugin. -->","yoast_head_json":{"title":"Savane parfum homme 100ml - matsara.fr","robots":{"index":"index","follow":"follow","max-snippet":"max-snippet:-1","max-image-preview":"max-image-preview:large","max-video-preview":"max-video-preview:-1"},"canonical":"https:\/\/matsara.fr\/?product=savane-parfum-homme-100ml","og_locale":"fr_FR","og_type":"article","og_title":"Savane parfum homme 100ml - matsara.fr","og_description":"SAVANE, est un parfum puissant, moderne, frais, \u00e9nergisant qui plaira autant aux hommes qu'aux femmes.","og_url":"https:\/\/matsara.fr\/?product=savane-parfum-homme-100ml","og_site_name":"matsara.fr","article_modified_time":"2026-02-28T20:00:40+00:00","og_image":[{"width":683,"height":1024,"url":"https:\/\/matsara.fr\/wp-content\/uploads\/2022\/12\/savane-1.jpg","type":"image\/jpeg"}],"twitter_card":"summary_large_image","twitter_misc":{"Dur\u00e9e de lecture estim\u00e9e":"1 minute"},"schema":{"@context":"https:\/\/schema.org","@graph":[{"@type":"WebPage","@id":"https:\/\/matsara.fr\/?product=savane-parfum-homme-100ml","url":"https:\/\/matsara.fr\/?product=savane-parfum-homme-100ml","name":"Savane parfum homme 100ml - matsara.fr","isPartOf":{"@id":"https:\/\/matsara.fr\/#website"},"primaryImageOfPage":{"@id":"https:\/\/matsara.fr\/?product=savane-parfum-homme-100ml#primaryimage"},"image":{"@id":"https:\/\/matsara.fr\/?product=savane-parfum-homme-100ml#primaryimage"},"thumbnailUrl":"https:\/\/matsara.fr\/wp-content\/uploads\/2022\/12\/savane-1.jpg","datePublished":"2022-12-14T12:42:04+00:00","dateModified":"2026-02-28T20:00:40+00:00","breadcrumb":{"@id":"https:\/\/matsara.fr\/?product=savane-parfum-homme-100ml#breadcrumb"},"inLanguage":"fr-FR","potentialAction":[{"@type":"ReadAction","target":["https:\/\/matsara.fr\/?product=savane-parfum-homme-100ml"]}]},{"@type":"ImageObject","inLanguage":"fr-FR","@id":"https:\/\/matsara.fr\/?product=savane-parfum-homme-100ml#primaryimage","url":"https:\/\/matsara.fr\/wp-content\/uploads\/2022\/12\/savane-1.jpg","contentUrl":"https:\/\/matsara.fr\/wp-content\/uploads\/2022\/12\/savane-1.jpg","width":683,"height":1024,"caption":"savane"},{"@type":"BreadcrumbList","@id":"https:\/\/matsara.fr\/?product=savane-parfum-homme-100ml#breadcrumb","itemListElement":[{"@type":"ListItem","position":1,"name":"Accueil","item":"https:\/\/matsara.fr\/"},{"@type":"ListItem","position":2,"name":"Produits","item":"https:\/\/matsara.fr\/?post_type=product"},{"@type":"ListItem","position":3,"name":"Savane parfum homme 100ml"}]},{"@type":"WebSite","@id":"https:\/\/matsara.fr\/#website","url":"https:\/\/matsara.fr\/","name":"matsara.fr","description":"La vanille qui vous veut du bien","publisher":{"@id":"https:\/\/matsara.fr\/#organization"},"potentialAction":[{"@type":"SearchAction","target":{"@type":"EntryPoint","urlTemplate":"https:\/\/matsara.fr\/?s={search_term_string}"},"query-input":{"@type":"PropertyValueSpecification","valueRequired":true,"valueName":"search_term_string"}}],"inLanguage":"fr-FR"},{"@type":"Organization","@id":"https:\/\/matsara.fr\/#organization","name":"matsara.fr","url":"https:\/\/matsara.fr\/","logo":{"@type":"ImageObject","inLanguage":"fr-FR","@id":"https:\/\/matsara.fr\/#\/schema\/logo\/image\/","url":"https:\/\/matsara.fr\/wp-content\/uploads\/2019\/06\/organic-store-logo5.svg","contentUrl":"https:\/\/matsara.fr\/wp-content\/uploads\/2019\/06\/organic-store-logo5.svg","caption":"matsara.fr"},"image":{"@id":"https:\/\/matsara.fr\/#\/schema\/logo\/image\/"}}]}},"_links":{"self":[{"href":"https:\/\/matsara.fr\/index.php?rest_route=\/wp\/v2\/product\/4941","targetHints":{"allow":["GET"]}}],"collection":[{"href":"https:\/\/matsara.fr\/index.php?rest_route=\/wp\/v2\/product"}],"about":[{"href":"https:\/\/matsara.fr\/index.php?rest_route=\/wp\/v2\/types\/product"}],"replies":[{"embeddable":true,"href":"https:\/\/matsara.fr\/index.php?rest_route=%2Fwp%2Fv2%2Fcomments&post=4941"}],"wp:featuredmedia":[{"embeddable":true,"href":"https:\/\/matsara.fr\/index.php?rest_route=\/wp\/v2\/media\/6460"}],"wp:attachment":[{"href":"https:\/\/matsara.fr\/index.php?rest_route=%2Fwp%2Fv2%2Fmedia&parent=4941"}],"wp:term":[{"taxonomy":"product_brand","embeddable":true,"href":"https:\/\/matsara.fr\/index.php?rest_route=%2Fwp%2Fv2%2Fproduct_brand&post=4941"},{"taxonomy":"product_cat","embeddable":true,"href":"https:\/\/matsara.fr\/index.php?rest_route=%2Fwp%2Fv2%2Fproduct_cat&post=4941"},{"taxonomy":"product_tag","embeddable":true,"href":"https:\/\/matsara.fr\/index.php?rest_route=%2Fwp%2Fv2%2Fproduct_tag&post=4941"}],"curies":[{"name":"wp","href":"https:\/\/api.w.org\/{rel}","templated":true}]}}