{"id":5120,"date":"2023-02-10T10:47:24","date_gmt":"2023-02-10T10:47:24","guid":{"rendered":"https:\/\/matsara.fr\/?post_type=product&#038;p=5120"},"modified":"2024-08-04T21:56:52","modified_gmt":"2024-08-04T21:56:52","slug":"huile-de-vanille","status":"publish","type":"product","link":"https:\/\/matsara.fr\/?product=huile-de-vanille","title":{"rendered":"Huile de vanille 20ml"},"content":{"rendered":"<p>Il s\u2019agit d\u2019une<strong>\u00a0mac\u00e9ration<\/strong>\u00a0des gousses de Vanille dans de l<strong>\u2019huile de tournesol<\/strong>\u00a0bio.\u00a0Ses actifs aident la peau \u00e0 se d\u00e9fendre contre les radicaux libres et peuvent ainsi contribuer \u00e0 freiner l\u2019apparition des premi\u00e8res rides et ridules. Les acides gras (<strong>om\u00e9ga-6<\/strong>) et la\u00a0<strong>vitamine E<\/strong>\u00a0apport\u00e9s par l<strong>\u2019huile<\/strong>\u00a0de tournesol prot\u00e8gent et\u00a0<strong>hydratent la peau<\/strong>\u00a0fragilis\u00e9e par le stress, la fatigue, la pollution et les autres facteurs environnementaux.<\/p>\n<p><strong>En usage capillaire<\/strong>, le mac\u00e9r\u00e2t de vanille am\u00e9liore la\u00a0<strong>brillance<\/strong>\u00a0des cheveux. Utilis\u00e9 en masque, il est id\u00e9al pour nourrir les cheveux secs et ab\u00eem\u00e9s.<\/p>\n<p>Cette huile poss\u00e8de une\u00a0<strong>senteur puissante et suave de Vanille<\/strong>. Protectrice et nourrissante, elle s&#8217;emploie \u00e0 merveille pour pr\u00e9parer des huiles de massage. Elle offre un v\u00e9ritable moment de\u00a0<strong>bien-\u00eatre<\/strong>\u00a0pour votre corps et vos sens.<\/p>\n<p>L&rsquo;huile de vanille peut aussi \u00eatre incorpor\u00e9 dans vos\u00a0<strong>masques et recettes<\/strong>\u00a0de\u00a0<strong>cosm\u00e9tiques<\/strong>\u00a0en tout genre.<\/p>\n<p><strong>En usage alimentaire<\/strong>, utilisez l&rsquo;huile de vanille en association des viandes blanches, de poissons que ce soit pour la cuisson ou pour le service. On peut l\u2019utiliser aussi dans des desserts en remplacement d\u2019une huile. Mettez quelques gouttes d&rsquo;huile de vanille de Madagascar pour donner une touche suave et d\u00e9licate \u00e0 vos\u00a0<strong>mets sucr\u00e9s ou sal\u00e9s.<\/strong><\/p>\n<p><strong>Concentration : 300g\/litre<\/strong><\/p>\n<p>Origine des gousses\u00a0:\u00a0Madagascar<\/p>\n<p align=\"JUSTIFY\">Ingr\u00e9dients\u00a0: Gousse de Vanille, huile de tournesol<\/p>\n<p align=\"JUSTIFY\">Contenance : 20ml \/ 100ml<\/p>\n<p><strong>Fabrication\u00a0 :<\/strong><strong>\u00a0<\/strong><strong>France<\/strong><\/p>\n<p align=\"LEFT\">Allerg\u00e8nes :\u00a0Certains compos\u00e9s naturels contenus dans cette huile peuvent pr\u00e9senter un risque d\u2019allergie chez certaines personnes. Pour mesurer votre tol\u00e9rance, faites toujours un test d\u2019application dans le pli du coude avant utilisation dans vos m\u00e9langes.<\/p>\n","protected":false},"excerpt":{"rendered":"<div class=\"articleShortDesc\">\n<p>Mac\u00e9r\u00e2t huileux de Vanille, une huile pr\u00e9cieuse qui pr\u00e9sente de nombreuses vertus tant pour la peau que pour les cheveux. Laissez-vous envo\u00fbter par son parfum sucr\u00e9 et gourmand. \u00c9quivalent gousse : 300g\/litre<\/p>\n<\/div>\n","protected":false},"featured_media":6007,"comment_status":"open","ping_status":"closed","template":"","meta":{"_et_pb_use_builder":"","_et_pb_old_content":"","_et_gb_content_width":""},"product_brand":[],"product_cat":[34],"product_tag":[46,35],"class_list":{"0":"post-5120","1":"product","2":"type-product","3":"status-publish","4":"has-post-thumbnail","6":"product_cat-la-vanille","7":"product_tag-huile","8":"product_tag-vanille","10":"first","11":"instock","12":"taxable","13":"shipping-taxable","14":"purchasable","15":"product-type-simple"},"yoast_head":"<!-- This site is optimized with the Yoast SEO plugin v26.4 - https:\/\/yoast.com\/wordpress\/plugins\/seo\/ -->\n<title>Huile de vanille 20ml - matsara.fr<\/title>\n<meta name=\"robots\" content=\"index, follow, max-snippet:-1, max-image-preview:large, max-video-preview:-1\" \/>\n<link rel=\"canonical\" href=\"https:\/\/matsara.fr\/?product=huile-de-vanille\" \/>\n<meta property=\"og:locale\" content=\"fr_FR\" \/>\n<meta property=\"og:type\" content=\"article\" \/>\n<meta property=\"og:title\" content=\"Huile de vanille 20ml - matsara.fr\" \/>\n<meta property=\"og:description\" content=\"Mac\u00e9r\u00e2t huileux de Vanille, une huile pr\u00e9cieuse qui pr\u00e9sente de nombreuses vertus tant pour la peau que pour les cheveux. Laissez-vous envo\u00fbter par son parfum sucr\u00e9 et gourmand. \u00c9quivalent gousse : 300g\/litre\" \/>\n<meta property=\"og:url\" content=\"https:\/\/matsara.fr\/?product=huile-de-vanille\" \/>\n<meta property=\"og:site_name\" content=\"matsara.fr\" \/>\n<meta property=\"article:modified_time\" content=\"2024-08-04T21:56:52+00:00\" \/>\n<meta property=\"og:image\" content=\"https:\/\/matsara.fr\/wp-content\/uploads\/2023\/02\/Huile-de-vanille.png\" \/>\n\t<meta property=\"og:image:width\" content=\"500\" \/>\n\t<meta property=\"og:image:height\" content=\"700\" \/>\n\t<meta property=\"og:image:type\" content=\"image\/png\" \/>\n<meta name=\"twitter:card\" content=\"summary_large_image\" \/>\n<meta name=\"twitter:label1\" content=\"Dur\u00e9e de lecture estim\u00e9e\" \/>\n\t<meta name=\"twitter:data1\" content=\"2 minutes\" \/>\n<script type=\"application\/ld+json\" class=\"yoast-schema-graph\">{\"@context\":\"https:\/\/schema.org\",\"@graph\":[{\"@type\":\"WebPage\",\"@id\":\"https:\/\/matsara.fr\/?product=huile-de-vanille\",\"url\":\"https:\/\/matsara.fr\/?product=huile-de-vanille\",\"name\":\"Huile de vanille 20ml - matsara.fr\",\"isPartOf\":{\"@id\":\"https:\/\/matsara.fr\/#website\"},\"primaryImageOfPage\":{\"@id\":\"https:\/\/matsara.fr\/?product=huile-de-vanille#primaryimage\"},\"image\":{\"@id\":\"https:\/\/matsara.fr\/?product=huile-de-vanille#primaryimage\"},\"thumbnailUrl\":\"https:\/\/matsara.fr\/wp-content\/uploads\/2023\/02\/Huile-de-vanille.png\",\"datePublished\":\"2023-02-10T10:47:24+00:00\",\"dateModified\":\"2024-08-04T21:56:52+00:00\",\"breadcrumb\":{\"@id\":\"https:\/\/matsara.fr\/?product=huile-de-vanille#breadcrumb\"},\"inLanguage\":\"fr-FR\",\"potentialAction\":[{\"@type\":\"ReadAction\",\"target\":[\"https:\/\/matsara.fr\/?product=huile-de-vanille\"]}]},{\"@type\":\"ImageObject\",\"inLanguage\":\"fr-FR\",\"@id\":\"https:\/\/matsara.fr\/?product=huile-de-vanille#primaryimage\",\"url\":\"https:\/\/matsara.fr\/wp-content\/uploads\/2023\/02\/Huile-de-vanille.png\",\"contentUrl\":\"https:\/\/matsara.fr\/wp-content\/uploads\/2023\/02\/Huile-de-vanille.png\",\"width\":500,\"height\":700},{\"@type\":\"BreadcrumbList\",\"@id\":\"https:\/\/matsara.fr\/?product=huile-de-vanille#breadcrumb\",\"itemListElement\":[{\"@type\":\"ListItem\",\"position\":1,\"name\":\"Accueil\",\"item\":\"https:\/\/matsara.fr\/\"},{\"@type\":\"ListItem\",\"position\":2,\"name\":\"Produits\",\"item\":\"https:\/\/matsara.fr\/?post_type=product\"},{\"@type\":\"ListItem\",\"position\":3,\"name\":\"Huile de vanille 20ml\"}]},{\"@type\":\"WebSite\",\"@id\":\"https:\/\/matsara.fr\/#website\",\"url\":\"https:\/\/matsara.fr\/\",\"name\":\"matsara.fr\",\"description\":\"La vanille qui vous veut du bien\",\"publisher\":{\"@id\":\"https:\/\/matsara.fr\/#organization\"},\"potentialAction\":[{\"@type\":\"SearchAction\",\"target\":{\"@type\":\"EntryPoint\",\"urlTemplate\":\"https:\/\/matsara.fr\/?s={search_term_string}\"},\"query-input\":{\"@type\":\"PropertyValueSpecification\",\"valueRequired\":true,\"valueName\":\"search_term_string\"}}],\"inLanguage\":\"fr-FR\"},{\"@type\":\"Organization\",\"@id\":\"https:\/\/matsara.fr\/#organization\",\"name\":\"matsara.fr\",\"url\":\"https:\/\/matsara.fr\/\",\"logo\":{\"@type\":\"ImageObject\",\"inLanguage\":\"fr-FR\",\"@id\":\"https:\/\/matsara.fr\/#\/schema\/logo\/image\/\",\"url\":\"https:\/\/matsara.fr\/wp-content\/uploads\/2019\/06\/organic-store-logo5.svg\",\"contentUrl\":\"https:\/\/matsara.fr\/wp-content\/uploads\/2019\/06\/organic-store-logo5.svg\",\"caption\":\"matsara.fr\"},\"image\":{\"@id\":\"https:\/\/matsara.fr\/#\/schema\/logo\/image\/\"}}]}<\/script>\n<!-- \/ Yoast SEO plugin. -->","yoast_head_json":{"title":"Huile de vanille 20ml - matsara.fr","robots":{"index":"index","follow":"follow","max-snippet":"max-snippet:-1","max-image-preview":"max-image-preview:large","max-video-preview":"max-video-preview:-1"},"canonical":"https:\/\/matsara.fr\/?product=huile-de-vanille","og_locale":"fr_FR","og_type":"article","og_title":"Huile de vanille 20ml - matsara.fr","og_description":"Mac\u00e9r\u00e2t huileux de Vanille, une huile pr\u00e9cieuse qui pr\u00e9sente de nombreuses vertus tant pour la peau que pour les cheveux. Laissez-vous envo\u00fbter par son parfum sucr\u00e9 et gourmand. \u00c9quivalent gousse : 300g\/litre","og_url":"https:\/\/matsara.fr\/?product=huile-de-vanille","og_site_name":"matsara.fr","article_modified_time":"2024-08-04T21:56:52+00:00","og_image":[{"width":500,"height":700,"url":"https:\/\/matsara.fr\/wp-content\/uploads\/2023\/02\/Huile-de-vanille.png","type":"image\/png"}],"twitter_card":"summary_large_image","twitter_misc":{"Dur\u00e9e de lecture estim\u00e9e":"2 minutes"},"schema":{"@context":"https:\/\/schema.org","@graph":[{"@type":"WebPage","@id":"https:\/\/matsara.fr\/?product=huile-de-vanille","url":"https:\/\/matsara.fr\/?product=huile-de-vanille","name":"Huile de vanille 20ml - matsara.fr","isPartOf":{"@id":"https:\/\/matsara.fr\/#website"},"primaryImageOfPage":{"@id":"https:\/\/matsara.fr\/?product=huile-de-vanille#primaryimage"},"image":{"@id":"https:\/\/matsara.fr\/?product=huile-de-vanille#primaryimage"},"thumbnailUrl":"https:\/\/matsara.fr\/wp-content\/uploads\/2023\/02\/Huile-de-vanille.png","datePublished":"2023-02-10T10:47:24+00:00","dateModified":"2024-08-04T21:56:52+00:00","breadcrumb":{"@id":"https:\/\/matsara.fr\/?product=huile-de-vanille#breadcrumb"},"inLanguage":"fr-FR","potentialAction":[{"@type":"ReadAction","target":["https:\/\/matsara.fr\/?product=huile-de-vanille"]}]},{"@type":"ImageObject","inLanguage":"fr-FR","@id":"https:\/\/matsara.fr\/?product=huile-de-vanille#primaryimage","url":"https:\/\/matsara.fr\/wp-content\/uploads\/2023\/02\/Huile-de-vanille.png","contentUrl":"https:\/\/matsara.fr\/wp-content\/uploads\/2023\/02\/Huile-de-vanille.png","width":500,"height":700},{"@type":"BreadcrumbList","@id":"https:\/\/matsara.fr\/?product=huile-de-vanille#breadcrumb","itemListElement":[{"@type":"ListItem","position":1,"name":"Accueil","item":"https:\/\/matsara.fr\/"},{"@type":"ListItem","position":2,"name":"Produits","item":"https:\/\/matsara.fr\/?post_type=product"},{"@type":"ListItem","position":3,"name":"Huile de vanille 20ml"}]},{"@type":"WebSite","@id":"https:\/\/matsara.fr\/#website","url":"https:\/\/matsara.fr\/","name":"matsara.fr","description":"La vanille qui vous veut du bien","publisher":{"@id":"https:\/\/matsara.fr\/#organization"},"potentialAction":[{"@type":"SearchAction","target":{"@type":"EntryPoint","urlTemplate":"https:\/\/matsara.fr\/?s={search_term_string}"},"query-input":{"@type":"PropertyValueSpecification","valueRequired":true,"valueName":"search_term_string"}}],"inLanguage":"fr-FR"},{"@type":"Organization","@id":"https:\/\/matsara.fr\/#organization","name":"matsara.fr","url":"https:\/\/matsara.fr\/","logo":{"@type":"ImageObject","inLanguage":"fr-FR","@id":"https:\/\/matsara.fr\/#\/schema\/logo\/image\/","url":"https:\/\/matsara.fr\/wp-content\/uploads\/2019\/06\/organic-store-logo5.svg","contentUrl":"https:\/\/matsara.fr\/wp-content\/uploads\/2019\/06\/organic-store-logo5.svg","caption":"matsara.fr"},"image":{"@id":"https:\/\/matsara.fr\/#\/schema\/logo\/image\/"}}]}},"_links":{"self":[{"href":"https:\/\/matsara.fr\/index.php?rest_route=\/wp\/v2\/product\/5120","targetHints":{"allow":["GET"]}}],"collection":[{"href":"https:\/\/matsara.fr\/index.php?rest_route=\/wp\/v2\/product"}],"about":[{"href":"https:\/\/matsara.fr\/index.php?rest_route=\/wp\/v2\/types\/product"}],"replies":[{"embeddable":true,"href":"https:\/\/matsara.fr\/index.php?rest_route=%2Fwp%2Fv2%2Fcomments&post=5120"}],"wp:featuredmedia":[{"embeddable":true,"href":"https:\/\/matsara.fr\/index.php?rest_route=\/wp\/v2\/media\/6007"}],"wp:attachment":[{"href":"https:\/\/matsara.fr\/index.php?rest_route=%2Fwp%2Fv2%2Fmedia&parent=5120"}],"wp:term":[{"taxonomy":"product_brand","embeddable":true,"href":"https:\/\/matsara.fr\/index.php?rest_route=%2Fwp%2Fv2%2Fproduct_brand&post=5120"},{"taxonomy":"product_cat","embeddable":true,"href":"https:\/\/matsara.fr\/index.php?rest_route=%2Fwp%2Fv2%2Fproduct_cat&post=5120"},{"taxonomy":"product_tag","embeddable":true,"href":"https:\/\/matsara.fr\/index.php?rest_route=%2Fwp%2Fv2%2Fproduct_tag&post=5120"}],"curies":[{"name":"wp","href":"https:\/\/api.w.org\/{rel}","templated":true}]}}