{"id":5305,"date":"2023-02-16T15:15:43","date_gmt":"2023-02-16T15:15:43","guid":{"rendered":"https:\/\/matsara.fr\/?post_type=product&#038;p=5305"},"modified":"2024-04-30T19:47:56","modified_gmt":"2024-04-30T19:47:56","slug":"tisane-aux-canneberges-20sachets-40g","status":"publish","type":"product","link":"https:\/\/matsara.fr\/?product=tisane-aux-canneberges-20sachets-40g","title":{"rendered":"Tisane aux canneberges 20sachets &#8211; 40g"},"content":{"rendered":"<p><span class=\"ui-shop-property-label ui-shop-property-label-dyn_composition\"><i class=\"icone fa fa-lg fa-list\"><\/i><strong>\u00a0COMPOSITION<\/strong><\/span><\/p>\n<p><span class=\"ui-shop-property-value ui-shop-property-value-dyn_composition\">Fleurs d&rsquo;hibiscus, herbe de citronnelle, feuille de bouleau, saveurs naturelles, baies d&rsquo;\u00e9glantier, baies de gen\u00e9vrier, acide citrique, \u00e9corce de cannelle, fruit d&rsquo;anis \u00e9toil\u00e9, racine de r\u00e9glisse, clou de girofle, fruit de canneberge.<\/span><\/p>\n<p><span class=\"ui-shop-property-label ui-shop-property-label-dyn_conseils\"><i class=\"icone fa fa-lg fa-cutlery\"><\/i><strong>\u00a0NOS CONSEILS<\/strong><\/span><\/p>\n<p><span class=\"ui-shop-property-value ui-shop-property-value-dyn_conseils\">Pour pr\u00e9parer votre tisane aux canneberges, au go\u00fbt unique, nous recommandons d&rsquo;utiliser un sachet \u00ab\u00a0fra\u00eecheur garantie\u00a0\u00bb par tasse. Versez de l&rsquo;eau fr\u00e9missante dans une tasse. Laissez infuser 4 \u00e0 6 minutes. Remuez le sachet. Retirez et versez.<\/span><\/p>\n","protected":false},"excerpt":{"rendered":"<p><span class=\"ui-shop-property-label ui-shop-property-label-dyn_conseils\"><i class=\"icone fa fa-lg fa-cutlery\"><\/i> Retrouvez les ar\u00f4mes de la canneberge ou cranberry avec notre tisane aux canneberges 100% naturelle. Les bienfaits de la canneberge sont nombreux et aujourd&rsquo;hui bien reconnues.<\/span><\/p>\n","protected":false},"featured_media":5296,"comment_status":"open","ping_status":"closed","template":"","meta":{"_et_pb_use_builder":"","_et_pb_old_content":"","_et_gb_content_width":""},"product_brand":[],"product_cat":[38],"product_tag":[111,112],"class_list":{"0":"post-5305","1":"product","2":"type-product","3":"status-publish","4":"has-post-thumbnail","6":"product_cat-le-the","7":"product_tag-tisane-aux-canneberges","8":"product_tag-tisane-canadienne","10":"first","11":"outofstock","12":"taxable","13":"shipping-taxable","14":"purchasable","15":"product-type-simple"},"yoast_head":"<!-- This site is optimized with the Yoast SEO plugin v26.4 - https:\/\/yoast.com\/wordpress\/plugins\/seo\/ -->\n<title>Tisane aux canneberges 20sachets - 40g - matsara.fr<\/title>\n<meta name=\"robots\" content=\"index, follow, max-snippet:-1, max-image-preview:large, max-video-preview:-1\" \/>\n<link rel=\"canonical\" href=\"https:\/\/matsara.fr\/?product=tisane-aux-canneberges-20sachets-40g\" \/>\n<meta property=\"og:locale\" content=\"fr_FR\" \/>\n<meta property=\"og:type\" content=\"article\" \/>\n<meta property=\"og:title\" content=\"Tisane aux canneberges 20sachets - 40g - matsara.fr\" \/>\n<meta property=\"og:description\" content=\"Retrouvez les ar\u00f4mes de la canneberge ou cranberry avec notre tisane aux canneberges 100% naturelle. Les bienfaits de la canneberge sont nombreux et aujourd&#039;hui bien reconnues.\" \/>\n<meta property=\"og:url\" content=\"https:\/\/matsara.fr\/?product=tisane-aux-canneberges-20sachets-40g\" \/>\n<meta property=\"og:site_name\" content=\"matsara.fr\" \/>\n<meta property=\"article:modified_time\" content=\"2024-04-30T19:47:56+00:00\" \/>\n<meta property=\"og:image\" content=\"https:\/\/matsara.fr\/wp-content\/uploads\/2023\/02\/Tisane-aux-canneberges-Tipi-e1676560484267.webp\" \/>\n\t<meta property=\"og:image:width\" content=\"265\" \/>\n\t<meta property=\"og:image:height\" content=\"392\" \/>\n\t<meta property=\"og:image:type\" content=\"image\/webp\" \/>\n<meta name=\"twitter:card\" content=\"summary_large_image\" \/>\n<script type=\"application\/ld+json\" class=\"yoast-schema-graph\">{\"@context\":\"https:\/\/schema.org\",\"@graph\":[{\"@type\":\"WebPage\",\"@id\":\"https:\/\/matsara.fr\/?product=tisane-aux-canneberges-20sachets-40g\",\"url\":\"https:\/\/matsara.fr\/?product=tisane-aux-canneberges-20sachets-40g\",\"name\":\"Tisane aux canneberges 20sachets - 40g - matsara.fr\",\"isPartOf\":{\"@id\":\"https:\/\/matsara.fr\/#website\"},\"primaryImageOfPage\":{\"@id\":\"https:\/\/matsara.fr\/?product=tisane-aux-canneberges-20sachets-40g#primaryimage\"},\"image\":{\"@id\":\"https:\/\/matsara.fr\/?product=tisane-aux-canneberges-20sachets-40g#primaryimage\"},\"thumbnailUrl\":\"https:\/\/matsara.fr\/wp-content\/uploads\/2023\/02\/Tisane-aux-canneberges-Tipi-e1676560484267.webp\",\"datePublished\":\"2023-02-16T15:15:43+00:00\",\"dateModified\":\"2024-04-30T19:47:56+00:00\",\"breadcrumb\":{\"@id\":\"https:\/\/matsara.fr\/?product=tisane-aux-canneberges-20sachets-40g#breadcrumb\"},\"inLanguage\":\"fr-FR\",\"potentialAction\":[{\"@type\":\"ReadAction\",\"target\":[\"https:\/\/matsara.fr\/?product=tisane-aux-canneberges-20sachets-40g\"]}]},{\"@type\":\"ImageObject\",\"inLanguage\":\"fr-FR\",\"@id\":\"https:\/\/matsara.fr\/?product=tisane-aux-canneberges-20sachets-40g#primaryimage\",\"url\":\"https:\/\/matsara.fr\/wp-content\/uploads\/2023\/02\/Tisane-aux-canneberges-Tipi-e1676560484267.webp\",\"contentUrl\":\"https:\/\/matsara.fr\/wp-content\/uploads\/2023\/02\/Tisane-aux-canneberges-Tipi-e1676560484267.webp\",\"width\":265,\"height\":392},{\"@type\":\"BreadcrumbList\",\"@id\":\"https:\/\/matsara.fr\/?product=tisane-aux-canneberges-20sachets-40g#breadcrumb\",\"itemListElement\":[{\"@type\":\"ListItem\",\"position\":1,\"name\":\"Accueil\",\"item\":\"https:\/\/matsara.fr\/\"},{\"@type\":\"ListItem\",\"position\":2,\"name\":\"Produits\",\"item\":\"https:\/\/matsara.fr\/?post_type=product\"},{\"@type\":\"ListItem\",\"position\":3,\"name\":\"Tisane aux canneberges 20sachets &#8211; 40g\"}]},{\"@type\":\"WebSite\",\"@id\":\"https:\/\/matsara.fr\/#website\",\"url\":\"https:\/\/matsara.fr\/\",\"name\":\"matsara.fr\",\"description\":\"La vanille qui vous veut du bien\",\"publisher\":{\"@id\":\"https:\/\/matsara.fr\/#organization\"},\"potentialAction\":[{\"@type\":\"SearchAction\",\"target\":{\"@type\":\"EntryPoint\",\"urlTemplate\":\"https:\/\/matsara.fr\/?s={search_term_string}\"},\"query-input\":{\"@type\":\"PropertyValueSpecification\",\"valueRequired\":true,\"valueName\":\"search_term_string\"}}],\"inLanguage\":\"fr-FR\"},{\"@type\":\"Organization\",\"@id\":\"https:\/\/matsara.fr\/#organization\",\"name\":\"matsara.fr\",\"url\":\"https:\/\/matsara.fr\/\",\"logo\":{\"@type\":\"ImageObject\",\"inLanguage\":\"fr-FR\",\"@id\":\"https:\/\/matsara.fr\/#\/schema\/logo\/image\/\",\"url\":\"https:\/\/matsara.fr\/wp-content\/uploads\/2019\/06\/organic-store-logo5.svg\",\"contentUrl\":\"https:\/\/matsara.fr\/wp-content\/uploads\/2019\/06\/organic-store-logo5.svg\",\"caption\":\"matsara.fr\"},\"image\":{\"@id\":\"https:\/\/matsara.fr\/#\/schema\/logo\/image\/\"}}]}<\/script>\n<!-- \/ Yoast SEO plugin. -->","yoast_head_json":{"title":"Tisane aux canneberges 20sachets - 40g - matsara.fr","robots":{"index":"index","follow":"follow","max-snippet":"max-snippet:-1","max-image-preview":"max-image-preview:large","max-video-preview":"max-video-preview:-1"},"canonical":"https:\/\/matsara.fr\/?product=tisane-aux-canneberges-20sachets-40g","og_locale":"fr_FR","og_type":"article","og_title":"Tisane aux canneberges 20sachets - 40g - matsara.fr","og_description":"Retrouvez les ar\u00f4mes de la canneberge ou cranberry avec notre tisane aux canneberges 100% naturelle. Les bienfaits de la canneberge sont nombreux et aujourd'hui bien reconnues.","og_url":"https:\/\/matsara.fr\/?product=tisane-aux-canneberges-20sachets-40g","og_site_name":"matsara.fr","article_modified_time":"2024-04-30T19:47:56+00:00","og_image":[{"width":265,"height":392,"url":"https:\/\/matsara.fr\/wp-content\/uploads\/2023\/02\/Tisane-aux-canneberges-Tipi-e1676560484267.webp","type":"image\/webp"}],"twitter_card":"summary_large_image","schema":{"@context":"https:\/\/schema.org","@graph":[{"@type":"WebPage","@id":"https:\/\/matsara.fr\/?product=tisane-aux-canneberges-20sachets-40g","url":"https:\/\/matsara.fr\/?product=tisane-aux-canneberges-20sachets-40g","name":"Tisane aux canneberges 20sachets - 40g - matsara.fr","isPartOf":{"@id":"https:\/\/matsara.fr\/#website"},"primaryImageOfPage":{"@id":"https:\/\/matsara.fr\/?product=tisane-aux-canneberges-20sachets-40g#primaryimage"},"image":{"@id":"https:\/\/matsara.fr\/?product=tisane-aux-canneberges-20sachets-40g#primaryimage"},"thumbnailUrl":"https:\/\/matsara.fr\/wp-content\/uploads\/2023\/02\/Tisane-aux-canneberges-Tipi-e1676560484267.webp","datePublished":"2023-02-16T15:15:43+00:00","dateModified":"2024-04-30T19:47:56+00:00","breadcrumb":{"@id":"https:\/\/matsara.fr\/?product=tisane-aux-canneberges-20sachets-40g#breadcrumb"},"inLanguage":"fr-FR","potentialAction":[{"@type":"ReadAction","target":["https:\/\/matsara.fr\/?product=tisane-aux-canneberges-20sachets-40g"]}]},{"@type":"ImageObject","inLanguage":"fr-FR","@id":"https:\/\/matsara.fr\/?product=tisane-aux-canneberges-20sachets-40g#primaryimage","url":"https:\/\/matsara.fr\/wp-content\/uploads\/2023\/02\/Tisane-aux-canneberges-Tipi-e1676560484267.webp","contentUrl":"https:\/\/matsara.fr\/wp-content\/uploads\/2023\/02\/Tisane-aux-canneberges-Tipi-e1676560484267.webp","width":265,"height":392},{"@type":"BreadcrumbList","@id":"https:\/\/matsara.fr\/?product=tisane-aux-canneberges-20sachets-40g#breadcrumb","itemListElement":[{"@type":"ListItem","position":1,"name":"Accueil","item":"https:\/\/matsara.fr\/"},{"@type":"ListItem","position":2,"name":"Produits","item":"https:\/\/matsara.fr\/?post_type=product"},{"@type":"ListItem","position":3,"name":"Tisane aux canneberges 20sachets &#8211; 40g"}]},{"@type":"WebSite","@id":"https:\/\/matsara.fr\/#website","url":"https:\/\/matsara.fr\/","name":"matsara.fr","description":"La vanille qui vous veut du bien","publisher":{"@id":"https:\/\/matsara.fr\/#organization"},"potentialAction":[{"@type":"SearchAction","target":{"@type":"EntryPoint","urlTemplate":"https:\/\/matsara.fr\/?s={search_term_string}"},"query-input":{"@type":"PropertyValueSpecification","valueRequired":true,"valueName":"search_term_string"}}],"inLanguage":"fr-FR"},{"@type":"Organization","@id":"https:\/\/matsara.fr\/#organization","name":"matsara.fr","url":"https:\/\/matsara.fr\/","logo":{"@type":"ImageObject","inLanguage":"fr-FR","@id":"https:\/\/matsara.fr\/#\/schema\/logo\/image\/","url":"https:\/\/matsara.fr\/wp-content\/uploads\/2019\/06\/organic-store-logo5.svg","contentUrl":"https:\/\/matsara.fr\/wp-content\/uploads\/2019\/06\/organic-store-logo5.svg","caption":"matsara.fr"},"image":{"@id":"https:\/\/matsara.fr\/#\/schema\/logo\/image\/"}}]}},"_links":{"self":[{"href":"https:\/\/matsara.fr\/index.php?rest_route=\/wp\/v2\/product\/5305","targetHints":{"allow":["GET"]}}],"collection":[{"href":"https:\/\/matsara.fr\/index.php?rest_route=\/wp\/v2\/product"}],"about":[{"href":"https:\/\/matsara.fr\/index.php?rest_route=\/wp\/v2\/types\/product"}],"replies":[{"embeddable":true,"href":"https:\/\/matsara.fr\/index.php?rest_route=%2Fwp%2Fv2%2Fcomments&post=5305"}],"wp:featuredmedia":[{"embeddable":true,"href":"https:\/\/matsara.fr\/index.php?rest_route=\/wp\/v2\/media\/5296"}],"wp:attachment":[{"href":"https:\/\/matsara.fr\/index.php?rest_route=%2Fwp%2Fv2%2Fmedia&parent=5305"}],"wp:term":[{"taxonomy":"product_brand","embeddable":true,"href":"https:\/\/matsara.fr\/index.php?rest_route=%2Fwp%2Fv2%2Fproduct_brand&post=5305"},{"taxonomy":"product_cat","embeddable":true,"href":"https:\/\/matsara.fr\/index.php?rest_route=%2Fwp%2Fv2%2Fproduct_cat&post=5305"},{"taxonomy":"product_tag","embeddable":true,"href":"https:\/\/matsara.fr\/index.php?rest_route=%2Fwp%2Fv2%2Fproduct_tag&post=5305"}],"curies":[{"name":"wp","href":"https:\/\/api.w.org\/{rel}","templated":true}]}}