{"id":5343,"date":"2023-02-17T16:17:29","date_gmt":"2023-02-17T16:17:29","guid":{"rendered":"https:\/\/matsara.fr\/?post_type=product&#038;p=5343"},"modified":"2025-01-23T09:36:54","modified_gmt":"2025-01-23T09:36:54","slug":"bredes-mafana-codal-400g","status":"publish","type":"product","link":"https:\/\/matsara.fr\/?product=bredes-mafana-codal-400g","title":{"rendered":"Br\u00e8des mafana &#8211; codal 400g"},"content":{"rendered":"<p>Plat traditionnel malgache pr\u00e9par\u00e9 avec des br\u00e8des finement hach\u00e9es et assaisonn\u00e9es.<\/p>\n<p>Les br\u00e8des mafane peuvent \u00eatres pr\u00e9par\u00e9es simplement \u00e0 la po\u00eale ou au bain marie, accompagn\u00e9es de riz blanc par exemple. Elles accompagneront id\u00e9alement vos plats de viandes ou de poissons.<\/p>\n","protected":false},"excerpt":{"rendered":"<p>Plat traditionnel malgache pr\u00e9par\u00e9 avec des br\u00e8des finement hach\u00e9es et assaisonn\u00e9es. Les br\u00e8des mafane peuvent \u00eatres pr\u00e9par\u00e9es simplement \u00e0 la po\u00eale ou au bain marie, accompagn\u00e9es de riz blanc par exemple. Elles accompagneront id\u00e9alement vos plats de viandes ou de poissons.<\/p>\n","protected":false},"featured_media":5344,"comment_status":"open","ping_status":"closed","template":"","meta":{"_et_pb_use_builder":"","_et_pb_old_content":"","_et_gb_content_width":""},"product_brand":[],"product_cat":[326,43],"product_tag":[126],"class_list":{"0":"post-5343","1":"product","2":"type-product","3":"status-publish","4":"has-post-thumbnail","6":"product_cat-conserve","7":"product_cat-epicerie","8":"product_tag-bredes-fane","10":"first","11":"instock","12":"taxable","13":"shipping-taxable","14":"purchasable","15":"product-type-simple"},"yoast_head":"<!-- This site is optimized with the Yoast SEO plugin v26.4 - https:\/\/yoast.com\/wordpress\/plugins\/seo\/ -->\n<title>Br\u00e8des mafana - codal 400g - matsara.fr<\/title>\n<meta name=\"robots\" content=\"index, follow, max-snippet:-1, max-image-preview:large, max-video-preview:-1\" \/>\n<link rel=\"canonical\" href=\"https:\/\/matsara.fr\/?product=bredes-mafana-codal-400g\" \/>\n<meta property=\"og:locale\" content=\"fr_FR\" \/>\n<meta property=\"og:type\" content=\"article\" \/>\n<meta property=\"og:title\" content=\"Br\u00e8des mafana - codal 400g - matsara.fr\" \/>\n<meta property=\"og:description\" content=\"Plat traditionnel malgache pr\u00e9par\u00e9 avec des br\u00e8des finement hach\u00e9es et assaisonn\u00e9es. Les br\u00e8des mafane peuvent \u00eatres pr\u00e9par\u00e9es simplement \u00e0 la po\u00eale ou au bain marie, accompagn\u00e9es de riz blanc par exemple. Elles accompagneront id\u00e9alement vos plats de viandes ou de poissons.\" \/>\n<meta property=\"og:url\" content=\"https:\/\/matsara.fr\/?product=bredes-mafana-codal-400g\" \/>\n<meta property=\"og:site_name\" content=\"matsara.fr\" \/>\n<meta property=\"article:modified_time\" content=\"2025-01-23T09:36:54+00:00\" \/>\n<meta property=\"og:image\" content=\"https:\/\/matsara.fr\/wp-content\/uploads\/2023\/02\/BREDES_MAFANe-e1676650463620.webp\" \/>\n\t<meta property=\"og:image:width\" content=\"236\" \/>\n\t<meta property=\"og:image:height\" content=\"334\" \/>\n\t<meta property=\"og:image:type\" content=\"image\/webp\" \/>\n<meta name=\"twitter:card\" content=\"summary_large_image\" \/>\n<script type=\"application\/ld+json\" class=\"yoast-schema-graph\">{\"@context\":\"https:\/\/schema.org\",\"@graph\":[{\"@type\":\"WebPage\",\"@id\":\"https:\/\/matsara.fr\/?product=bredes-mafana-codal-400g\",\"url\":\"https:\/\/matsara.fr\/?product=bredes-mafana-codal-400g\",\"name\":\"Br\u00e8des mafana - codal 400g - matsara.fr\",\"isPartOf\":{\"@id\":\"https:\/\/matsara.fr\/#website\"},\"primaryImageOfPage\":{\"@id\":\"https:\/\/matsara.fr\/?product=bredes-mafana-codal-400g#primaryimage\"},\"image\":{\"@id\":\"https:\/\/matsara.fr\/?product=bredes-mafana-codal-400g#primaryimage\"},\"thumbnailUrl\":\"https:\/\/matsara.fr\/wp-content\/uploads\/2023\/02\/BREDES_MAFANe-e1676650463620.webp\",\"datePublished\":\"2023-02-17T16:17:29+00:00\",\"dateModified\":\"2025-01-23T09:36:54+00:00\",\"breadcrumb\":{\"@id\":\"https:\/\/matsara.fr\/?product=bredes-mafana-codal-400g#breadcrumb\"},\"inLanguage\":\"fr-FR\",\"potentialAction\":[{\"@type\":\"ReadAction\",\"target\":[\"https:\/\/matsara.fr\/?product=bredes-mafana-codal-400g\"]}]},{\"@type\":\"ImageObject\",\"inLanguage\":\"fr-FR\",\"@id\":\"https:\/\/matsara.fr\/?product=bredes-mafana-codal-400g#primaryimage\",\"url\":\"https:\/\/matsara.fr\/wp-content\/uploads\/2023\/02\/BREDES_MAFANe-e1676650463620.webp\",\"contentUrl\":\"https:\/\/matsara.fr\/wp-content\/uploads\/2023\/02\/BREDES_MAFANe-e1676650463620.webp\",\"width\":236,\"height\":334},{\"@type\":\"BreadcrumbList\",\"@id\":\"https:\/\/matsara.fr\/?product=bredes-mafana-codal-400g#breadcrumb\",\"itemListElement\":[{\"@type\":\"ListItem\",\"position\":1,\"name\":\"Accueil\",\"item\":\"https:\/\/matsara.fr\/\"},{\"@type\":\"ListItem\",\"position\":2,\"name\":\"Produits\",\"item\":\"https:\/\/matsara.fr\/?post_type=product\"},{\"@type\":\"ListItem\",\"position\":3,\"name\":\"Br\u00e8des mafana &#8211; codal 400g\"}]},{\"@type\":\"WebSite\",\"@id\":\"https:\/\/matsara.fr\/#website\",\"url\":\"https:\/\/matsara.fr\/\",\"name\":\"matsara.fr\",\"description\":\"La vanille qui vous veut du bien\",\"publisher\":{\"@id\":\"https:\/\/matsara.fr\/#organization\"},\"potentialAction\":[{\"@type\":\"SearchAction\",\"target\":{\"@type\":\"EntryPoint\",\"urlTemplate\":\"https:\/\/matsara.fr\/?s={search_term_string}\"},\"query-input\":{\"@type\":\"PropertyValueSpecification\",\"valueRequired\":true,\"valueName\":\"search_term_string\"}}],\"inLanguage\":\"fr-FR\"},{\"@type\":\"Organization\",\"@id\":\"https:\/\/matsara.fr\/#organization\",\"name\":\"matsara.fr\",\"url\":\"https:\/\/matsara.fr\/\",\"logo\":{\"@type\":\"ImageObject\",\"inLanguage\":\"fr-FR\",\"@id\":\"https:\/\/matsara.fr\/#\/schema\/logo\/image\/\",\"url\":\"https:\/\/matsara.fr\/wp-content\/uploads\/2019\/06\/organic-store-logo5.svg\",\"contentUrl\":\"https:\/\/matsara.fr\/wp-content\/uploads\/2019\/06\/organic-store-logo5.svg\",\"caption\":\"matsara.fr\"},\"image\":{\"@id\":\"https:\/\/matsara.fr\/#\/schema\/logo\/image\/\"}}]}<\/script>\n<!-- \/ Yoast SEO plugin. -->","yoast_head_json":{"title":"Br\u00e8des mafana - codal 400g - matsara.fr","robots":{"index":"index","follow":"follow","max-snippet":"max-snippet:-1","max-image-preview":"max-image-preview:large","max-video-preview":"max-video-preview:-1"},"canonical":"https:\/\/matsara.fr\/?product=bredes-mafana-codal-400g","og_locale":"fr_FR","og_type":"article","og_title":"Br\u00e8des mafana - codal 400g - matsara.fr","og_description":"Plat traditionnel malgache pr\u00e9par\u00e9 avec des br\u00e8des finement hach\u00e9es et assaisonn\u00e9es. Les br\u00e8des mafane peuvent \u00eatres pr\u00e9par\u00e9es simplement \u00e0 la po\u00eale ou au bain marie, accompagn\u00e9es de riz blanc par exemple. Elles accompagneront id\u00e9alement vos plats de viandes ou de poissons.","og_url":"https:\/\/matsara.fr\/?product=bredes-mafana-codal-400g","og_site_name":"matsara.fr","article_modified_time":"2025-01-23T09:36:54+00:00","og_image":[{"width":236,"height":334,"url":"https:\/\/matsara.fr\/wp-content\/uploads\/2023\/02\/BREDES_MAFANe-e1676650463620.webp","type":"image\/webp"}],"twitter_card":"summary_large_image","schema":{"@context":"https:\/\/schema.org","@graph":[{"@type":"WebPage","@id":"https:\/\/matsara.fr\/?product=bredes-mafana-codal-400g","url":"https:\/\/matsara.fr\/?product=bredes-mafana-codal-400g","name":"Br\u00e8des mafana - codal 400g - matsara.fr","isPartOf":{"@id":"https:\/\/matsara.fr\/#website"},"primaryImageOfPage":{"@id":"https:\/\/matsara.fr\/?product=bredes-mafana-codal-400g#primaryimage"},"image":{"@id":"https:\/\/matsara.fr\/?product=bredes-mafana-codal-400g#primaryimage"},"thumbnailUrl":"https:\/\/matsara.fr\/wp-content\/uploads\/2023\/02\/BREDES_MAFANe-e1676650463620.webp","datePublished":"2023-02-17T16:17:29+00:00","dateModified":"2025-01-23T09:36:54+00:00","breadcrumb":{"@id":"https:\/\/matsara.fr\/?product=bredes-mafana-codal-400g#breadcrumb"},"inLanguage":"fr-FR","potentialAction":[{"@type":"ReadAction","target":["https:\/\/matsara.fr\/?product=bredes-mafana-codal-400g"]}]},{"@type":"ImageObject","inLanguage":"fr-FR","@id":"https:\/\/matsara.fr\/?product=bredes-mafana-codal-400g#primaryimage","url":"https:\/\/matsara.fr\/wp-content\/uploads\/2023\/02\/BREDES_MAFANe-e1676650463620.webp","contentUrl":"https:\/\/matsara.fr\/wp-content\/uploads\/2023\/02\/BREDES_MAFANe-e1676650463620.webp","width":236,"height":334},{"@type":"BreadcrumbList","@id":"https:\/\/matsara.fr\/?product=bredes-mafana-codal-400g#breadcrumb","itemListElement":[{"@type":"ListItem","position":1,"name":"Accueil","item":"https:\/\/matsara.fr\/"},{"@type":"ListItem","position":2,"name":"Produits","item":"https:\/\/matsara.fr\/?post_type=product"},{"@type":"ListItem","position":3,"name":"Br\u00e8des mafana &#8211; codal 400g"}]},{"@type":"WebSite","@id":"https:\/\/matsara.fr\/#website","url":"https:\/\/matsara.fr\/","name":"matsara.fr","description":"La vanille qui vous veut du bien","publisher":{"@id":"https:\/\/matsara.fr\/#organization"},"potentialAction":[{"@type":"SearchAction","target":{"@type":"EntryPoint","urlTemplate":"https:\/\/matsara.fr\/?s={search_term_string}"},"query-input":{"@type":"PropertyValueSpecification","valueRequired":true,"valueName":"search_term_string"}}],"inLanguage":"fr-FR"},{"@type":"Organization","@id":"https:\/\/matsara.fr\/#organization","name":"matsara.fr","url":"https:\/\/matsara.fr\/","logo":{"@type":"ImageObject","inLanguage":"fr-FR","@id":"https:\/\/matsara.fr\/#\/schema\/logo\/image\/","url":"https:\/\/matsara.fr\/wp-content\/uploads\/2019\/06\/organic-store-logo5.svg","contentUrl":"https:\/\/matsara.fr\/wp-content\/uploads\/2019\/06\/organic-store-logo5.svg","caption":"matsara.fr"},"image":{"@id":"https:\/\/matsara.fr\/#\/schema\/logo\/image\/"}}]}},"_links":{"self":[{"href":"https:\/\/matsara.fr\/index.php?rest_route=\/wp\/v2\/product\/5343","targetHints":{"allow":["GET"]}}],"collection":[{"href":"https:\/\/matsara.fr\/index.php?rest_route=\/wp\/v2\/product"}],"about":[{"href":"https:\/\/matsara.fr\/index.php?rest_route=\/wp\/v2\/types\/product"}],"replies":[{"embeddable":true,"href":"https:\/\/matsara.fr\/index.php?rest_route=%2Fwp%2Fv2%2Fcomments&post=5343"}],"wp:featuredmedia":[{"embeddable":true,"href":"https:\/\/matsara.fr\/index.php?rest_route=\/wp\/v2\/media\/5344"}],"wp:attachment":[{"href":"https:\/\/matsara.fr\/index.php?rest_route=%2Fwp%2Fv2%2Fmedia&parent=5343"}],"wp:term":[{"taxonomy":"product_brand","embeddable":true,"href":"https:\/\/matsara.fr\/index.php?rest_route=%2Fwp%2Fv2%2Fproduct_brand&post=5343"},{"taxonomy":"product_cat","embeddable":true,"href":"https:\/\/matsara.fr\/index.php?rest_route=%2Fwp%2Fv2%2Fproduct_cat&post=5343"},{"taxonomy":"product_tag","embeddable":true,"href":"https:\/\/matsara.fr\/index.php?rest_route=%2Fwp%2Fv2%2Fproduct_tag&post=5343"}],"curies":[{"name":"wp","href":"https:\/\/api.w.org\/{rel}","templated":true}]}}