{"id":5360,"date":"2023-02-18T14:43:21","date_gmt":"2023-02-18T14:43:21","guid":{"rendered":"https:\/\/matsara.fr\/?post_type=product&#038;p=5360"},"modified":"2025-05-08T13:22:10","modified_gmt":"2025-05-08T13:22:10","slug":"fleur-de-sava-100ml","status":"publish","type":"product","link":"https:\/\/matsara.fr\/?product=fleur-de-sava-100ml","title":{"rendered":"Fleur de sava 100ml"},"content":{"rendered":"<p><span style=\"font-family: Arial, sans-serif;\"><span style=\"font-size: medium;\"><span style=\"color: #001022;\">Le m\u00e9lange de la vanille avec le senteur de Gard\u00e9nia, d&rsquo;<\/span><span style=\"color: #222222;\">ylang-ylang<\/span><span style=\"color: #001022;\">, de jasmin, de tub\u00e9reuse, de p\u00eache, de musc blanc, offre des <\/span><span style=\"color: #001022;\"><b>notes myst\u00e9rieuses <\/b><\/span><span style=\"color: #001022;\">\u00e0 ce parfum.<\/span><\/span><\/span><\/p>\n<p><span style=\"color: #00cc33;\"><span style=\"font-family: Arial, sans-serif;\"><span style=\"font-size: medium;\"><b><span style=\"color: #001022;\">La vanille planifolia <\/span><\/b><span style=\"color: #001022;\">est appel\u00e9e<\/span><b><span style=\"color: #001022;\"> : La reine <\/span><\/b><span style=\"color: #001022;\">de la palette des parfumeurs<\/span><b><span style=\"color: #001022;\">.<\/span> <\/b><\/span><\/span><\/span><\/p>\n<p><span style=\"color: #222222;\"><span style=\"font-family: Arial, sans-serif;\"><span style=\"font-size: medium;\"><strong>Fragrance <\/strong><strong>: <\/strong><strong>Gard\u00e9nia, <\/strong><strong><b>vanille<\/b><\/strong><strong>, <\/strong><strong><b>ylang-ylang<\/b><\/strong><strong>, jasmin, tub\u00e9reuse, p\u00eache, musc blanc <\/strong><\/span><\/span><\/span><\/p>\n<p><span style=\"color: #222222;\"><span style=\"font-family: Arial, Helvetica, sans-serif;\"><span style=\"font-size: medium;\"><strong><span style=\"font-family: Arial, sans-serif;\">Note : Fleuri bois\u00e9<\/span><\/strong><span style=\"font-family: Arial, sans-serif;\"><br \/>\n<\/span><span style=\"color: #000000;\"><span style=\"font-family: Arial, sans-serif;\"><br \/>\nTr\u00e8s haute concentration en parfum <\/span><\/span><\/span><\/span><\/span><\/p>\n<p><span style=\"color: #000000;\"><span style=\"font-family: Arial, sans-serif;\"><span style=\"font-size: medium;\"><b>Tenue exceptionnelle<\/b><\/span><\/span><\/span><\/p>\n<p><span style=\"font-family: Arial, sans-serif;\"><span style=\"font-size: medium;\">Fabrication fran\u00e7aise<\/span><\/span><\/p>\n<p>&nbsp;<\/p>\n<p>&nbsp;<\/p>\n<p>&nbsp;<\/p>\n","protected":false},"excerpt":{"rendered":"<p>Le m\u00e9lange de la vanille avec le senteur de Gard\u00e9nia, d&rsquo;ylang-ylang, de jasmin, de tub\u00e9reuse, de p\u00eache, de musc blanc, offre des notes myst\u00e9rieuses \u00e0 ce parfum. La vanille planifolia est appel\u00e9e : La reine de la palette des parfumeurs. Fragrance : Gard\u00e9nia, vanille, ylang-ylang, jasmin, tub\u00e9reuse, p\u00eache, musc blanc Note : Fleuri bois\u00e9 Tr\u00e8s [&hellip;]<\/p>\n","protected":false},"featured_media":6458,"comment_status":"open","ping_status":"closed","template":"","meta":{"_et_pb_use_builder":"","_et_pb_old_content":"","_et_gb_content_width":""},"product_brand":[],"product_cat":[40],"product_tag":[131],"class_list":{"0":"post-5360","1":"product","2":"type-product","3":"status-publish","4":"has-post-thumbnail","6":"product_cat-parfum-produits-de-beaute","7":"product_tag-fleur-de-sava","9":"first","10":"instock","11":"taxable","12":"shipping-taxable","13":"purchasable","14":"product-type-simple"},"yoast_head":"<!-- This site is optimized with the Yoast SEO plugin v26.4 - https:\/\/yoast.com\/wordpress\/plugins\/seo\/ -->\n<title>Fleur de sava 100ml - matsara.fr<\/title>\n<meta name=\"robots\" content=\"index, follow, max-snippet:-1, max-image-preview:large, max-video-preview:-1\" \/>\n<link rel=\"canonical\" href=\"https:\/\/matsara.fr\/?product=fleur-de-sava-100ml\" \/>\n<meta property=\"og:locale\" content=\"fr_FR\" \/>\n<meta property=\"og:type\" content=\"article\" \/>\n<meta property=\"og:title\" content=\"Fleur de sava 100ml - matsara.fr\" \/>\n<meta property=\"og:description\" content=\"Le m\u00e9lange de la vanille avec le senteur de Gard\u00e9nia, d&rsquo;ylang-ylang, de jasmin, de tub\u00e9reuse, de p\u00eache, de musc blanc, offre des notes myst\u00e9rieuses \u00e0 ce parfum. La vanille planifolia est appel\u00e9e : La reine de la palette des parfumeurs. Fragrance : Gard\u00e9nia, vanille, ylang-ylang, jasmin, tub\u00e9reuse, p\u00eache, musc blanc Note : Fleuri bois\u00e9 Tr\u00e8s [&hellip;]\" \/>\n<meta property=\"og:url\" content=\"https:\/\/matsara.fr\/?product=fleur-de-sava-100ml\" \/>\n<meta property=\"og:site_name\" content=\"matsara.fr\" \/>\n<meta property=\"article:modified_time\" content=\"2025-05-08T13:22:10+00:00\" \/>\n<meta property=\"og:image\" content=\"https:\/\/matsara.fr\/wp-content\/uploads\/2023\/02\/sava.jpg\" \/>\n\t<meta property=\"og:image:width\" content=\"683\" \/>\n\t<meta property=\"og:image:height\" content=\"1024\" \/>\n\t<meta property=\"og:image:type\" content=\"image\/jpeg\" \/>\n<meta name=\"twitter:card\" content=\"summary_large_image\" \/>\n<script type=\"application\/ld+json\" class=\"yoast-schema-graph\">{\"@context\":\"https:\/\/schema.org\",\"@graph\":[{\"@type\":\"WebPage\",\"@id\":\"https:\/\/matsara.fr\/?product=fleur-de-sava-100ml\",\"url\":\"https:\/\/matsara.fr\/?product=fleur-de-sava-100ml\",\"name\":\"Fleur de sava 100ml - matsara.fr\",\"isPartOf\":{\"@id\":\"https:\/\/matsara.fr\/#website\"},\"primaryImageOfPage\":{\"@id\":\"https:\/\/matsara.fr\/?product=fleur-de-sava-100ml#primaryimage\"},\"image\":{\"@id\":\"https:\/\/matsara.fr\/?product=fleur-de-sava-100ml#primaryimage\"},\"thumbnailUrl\":\"https:\/\/matsara.fr\/wp-content\/uploads\/2023\/02\/sava.jpg\",\"datePublished\":\"2023-02-18T14:43:21+00:00\",\"dateModified\":\"2025-05-08T13:22:10+00:00\",\"breadcrumb\":{\"@id\":\"https:\/\/matsara.fr\/?product=fleur-de-sava-100ml#breadcrumb\"},\"inLanguage\":\"fr-FR\",\"potentialAction\":[{\"@type\":\"ReadAction\",\"target\":[\"https:\/\/matsara.fr\/?product=fleur-de-sava-100ml\"]}]},{\"@type\":\"ImageObject\",\"inLanguage\":\"fr-FR\",\"@id\":\"https:\/\/matsara.fr\/?product=fleur-de-sava-100ml#primaryimage\",\"url\":\"https:\/\/matsara.fr\/wp-content\/uploads\/2023\/02\/sava.jpg\",\"contentUrl\":\"https:\/\/matsara.fr\/wp-content\/uploads\/2023\/02\/sava.jpg\",\"width\":683,\"height\":1024,\"caption\":\"sava\"},{\"@type\":\"BreadcrumbList\",\"@id\":\"https:\/\/matsara.fr\/?product=fleur-de-sava-100ml#breadcrumb\",\"itemListElement\":[{\"@type\":\"ListItem\",\"position\":1,\"name\":\"Accueil\",\"item\":\"https:\/\/matsara.fr\/\"},{\"@type\":\"ListItem\",\"position\":2,\"name\":\"Produits\",\"item\":\"https:\/\/matsara.fr\/?post_type=product\"},{\"@type\":\"ListItem\",\"position\":3,\"name\":\"Fleur de sava 100ml\"}]},{\"@type\":\"WebSite\",\"@id\":\"https:\/\/matsara.fr\/#website\",\"url\":\"https:\/\/matsara.fr\/\",\"name\":\"matsara.fr\",\"description\":\"La vanille qui vous veut du bien\",\"publisher\":{\"@id\":\"https:\/\/matsara.fr\/#organization\"},\"potentialAction\":[{\"@type\":\"SearchAction\",\"target\":{\"@type\":\"EntryPoint\",\"urlTemplate\":\"https:\/\/matsara.fr\/?s={search_term_string}\"},\"query-input\":{\"@type\":\"PropertyValueSpecification\",\"valueRequired\":true,\"valueName\":\"search_term_string\"}}],\"inLanguage\":\"fr-FR\"},{\"@type\":\"Organization\",\"@id\":\"https:\/\/matsara.fr\/#organization\",\"name\":\"matsara.fr\",\"url\":\"https:\/\/matsara.fr\/\",\"logo\":{\"@type\":\"ImageObject\",\"inLanguage\":\"fr-FR\",\"@id\":\"https:\/\/matsara.fr\/#\/schema\/logo\/image\/\",\"url\":\"https:\/\/matsara.fr\/wp-content\/uploads\/2019\/06\/organic-store-logo5.svg\",\"contentUrl\":\"https:\/\/matsara.fr\/wp-content\/uploads\/2019\/06\/organic-store-logo5.svg\",\"caption\":\"matsara.fr\"},\"image\":{\"@id\":\"https:\/\/matsara.fr\/#\/schema\/logo\/image\/\"}}]}<\/script>\n<!-- \/ Yoast SEO plugin. -->","yoast_head_json":{"title":"Fleur de sava 100ml - matsara.fr","robots":{"index":"index","follow":"follow","max-snippet":"max-snippet:-1","max-image-preview":"max-image-preview:large","max-video-preview":"max-video-preview:-1"},"canonical":"https:\/\/matsara.fr\/?product=fleur-de-sava-100ml","og_locale":"fr_FR","og_type":"article","og_title":"Fleur de sava 100ml - matsara.fr","og_description":"Le m\u00e9lange de la vanille avec le senteur de Gard\u00e9nia, d&rsquo;ylang-ylang, de jasmin, de tub\u00e9reuse, de p\u00eache, de musc blanc, offre des notes myst\u00e9rieuses \u00e0 ce parfum. La vanille planifolia est appel\u00e9e : La reine de la palette des parfumeurs. Fragrance : Gard\u00e9nia, vanille, ylang-ylang, jasmin, tub\u00e9reuse, p\u00eache, musc blanc Note : Fleuri bois\u00e9 Tr\u00e8s [&hellip;]","og_url":"https:\/\/matsara.fr\/?product=fleur-de-sava-100ml","og_site_name":"matsara.fr","article_modified_time":"2025-05-08T13:22:10+00:00","og_image":[{"width":683,"height":1024,"url":"https:\/\/matsara.fr\/wp-content\/uploads\/2023\/02\/sava.jpg","type":"image\/jpeg"}],"twitter_card":"summary_large_image","schema":{"@context":"https:\/\/schema.org","@graph":[{"@type":"WebPage","@id":"https:\/\/matsara.fr\/?product=fleur-de-sava-100ml","url":"https:\/\/matsara.fr\/?product=fleur-de-sava-100ml","name":"Fleur de sava 100ml - matsara.fr","isPartOf":{"@id":"https:\/\/matsara.fr\/#website"},"primaryImageOfPage":{"@id":"https:\/\/matsara.fr\/?product=fleur-de-sava-100ml#primaryimage"},"image":{"@id":"https:\/\/matsara.fr\/?product=fleur-de-sava-100ml#primaryimage"},"thumbnailUrl":"https:\/\/matsara.fr\/wp-content\/uploads\/2023\/02\/sava.jpg","datePublished":"2023-02-18T14:43:21+00:00","dateModified":"2025-05-08T13:22:10+00:00","breadcrumb":{"@id":"https:\/\/matsara.fr\/?product=fleur-de-sava-100ml#breadcrumb"},"inLanguage":"fr-FR","potentialAction":[{"@type":"ReadAction","target":["https:\/\/matsara.fr\/?product=fleur-de-sava-100ml"]}]},{"@type":"ImageObject","inLanguage":"fr-FR","@id":"https:\/\/matsara.fr\/?product=fleur-de-sava-100ml#primaryimage","url":"https:\/\/matsara.fr\/wp-content\/uploads\/2023\/02\/sava.jpg","contentUrl":"https:\/\/matsara.fr\/wp-content\/uploads\/2023\/02\/sava.jpg","width":683,"height":1024,"caption":"sava"},{"@type":"BreadcrumbList","@id":"https:\/\/matsara.fr\/?product=fleur-de-sava-100ml#breadcrumb","itemListElement":[{"@type":"ListItem","position":1,"name":"Accueil","item":"https:\/\/matsara.fr\/"},{"@type":"ListItem","position":2,"name":"Produits","item":"https:\/\/matsara.fr\/?post_type=product"},{"@type":"ListItem","position":3,"name":"Fleur de sava 100ml"}]},{"@type":"WebSite","@id":"https:\/\/matsara.fr\/#website","url":"https:\/\/matsara.fr\/","name":"matsara.fr","description":"La vanille qui vous veut du bien","publisher":{"@id":"https:\/\/matsara.fr\/#organization"},"potentialAction":[{"@type":"SearchAction","target":{"@type":"EntryPoint","urlTemplate":"https:\/\/matsara.fr\/?s={search_term_string}"},"query-input":{"@type":"PropertyValueSpecification","valueRequired":true,"valueName":"search_term_string"}}],"inLanguage":"fr-FR"},{"@type":"Organization","@id":"https:\/\/matsara.fr\/#organization","name":"matsara.fr","url":"https:\/\/matsara.fr\/","logo":{"@type":"ImageObject","inLanguage":"fr-FR","@id":"https:\/\/matsara.fr\/#\/schema\/logo\/image\/","url":"https:\/\/matsara.fr\/wp-content\/uploads\/2019\/06\/organic-store-logo5.svg","contentUrl":"https:\/\/matsara.fr\/wp-content\/uploads\/2019\/06\/organic-store-logo5.svg","caption":"matsara.fr"},"image":{"@id":"https:\/\/matsara.fr\/#\/schema\/logo\/image\/"}}]}},"_links":{"self":[{"href":"https:\/\/matsara.fr\/index.php?rest_route=\/wp\/v2\/product\/5360","targetHints":{"allow":["GET"]}}],"collection":[{"href":"https:\/\/matsara.fr\/index.php?rest_route=\/wp\/v2\/product"}],"about":[{"href":"https:\/\/matsara.fr\/index.php?rest_route=\/wp\/v2\/types\/product"}],"replies":[{"embeddable":true,"href":"https:\/\/matsara.fr\/index.php?rest_route=%2Fwp%2Fv2%2Fcomments&post=5360"}],"wp:featuredmedia":[{"embeddable":true,"href":"https:\/\/matsara.fr\/index.php?rest_route=\/wp\/v2\/media\/6458"}],"wp:attachment":[{"href":"https:\/\/matsara.fr\/index.php?rest_route=%2Fwp%2Fv2%2Fmedia&parent=5360"}],"wp:term":[{"taxonomy":"product_brand","embeddable":true,"href":"https:\/\/matsara.fr\/index.php?rest_route=%2Fwp%2Fv2%2Fproduct_brand&post=5360"},{"taxonomy":"product_cat","embeddable":true,"href":"https:\/\/matsara.fr\/index.php?rest_route=%2Fwp%2Fv2%2Fproduct_cat&post=5360"},{"taxonomy":"product_tag","embeddable":true,"href":"https:\/\/matsara.fr\/index.php?rest_route=%2Fwp%2Fv2%2Fproduct_tag&post=5360"}],"curies":[{"name":"wp","href":"https:\/\/api.w.org\/{rel}","templated":true}]}}