{"id":5363,"date":"2023-02-18T14:51:31","date_gmt":"2023-02-18T14:51:31","guid":{"rendered":"https:\/\/matsara.fr\/?post_type=product&#038;p=5363"},"modified":"2025-02-15T00:01:28","modified_gmt":"2025-02-15T00:01:28","slug":"izy-parfum-homme-100ml","status":"publish","type":"product","link":"https:\/\/matsara.fr\/?product=izy-parfum-homme-100ml","title":{"rendered":"Izy parfum homme 100ml"},"content":{"rendered":"<p>Ce parfum pour homme est un v\u00e9ritable <b>tourbillon de senteurs<\/b>.<\/p>\n<p>Il d\u00e9bute par une mandarine lumineuse qui affole les sens et d\u2019un citron \u00e0 la fra\u00eecheur explosive qui fait na\u00eetre le frisson. S\u2019ensuit une facette cuir\u00e9e, chaude, enveloppante associ\u00e9e \u00e0 des notes de caf\u00e9 puissantes, rondes et gourmandes qui offrent un souffle sensuel tout en pr\u00e9servant une puissante masculinit\u00e9. Le sillage s\u2019envole sur des notes fra\u00eeches et aromatiques de lavandin. Son fond entrelace la vanille subtile, chaude, sucr\u00e9e et le patchouli \u00e0 la douceur orientale.<\/p>\n<p><b>Notes : Bois\u00e9 oriental<\/b><\/p>\n<p>Fragrance<b> : Citron, orange, lavandin, patchouli, vanille<\/b><\/p>\n<p>Tr\u00e8s haute concentration en parfum<\/p>\n<p><b>Tenue exceptionnelle<\/b><\/p>\n<p>Fabrication fran\u00e7aise<\/p>\n","protected":false},"excerpt":{"rendered":"<p><b>IZY<\/b>\u00a0, s\u2019adresse \u00e0 l\u2019homme rebelle, Sulfureux, <b>passionn\u00e9, s\u00e9ducteur.<\/b><\/p>\n","protected":false},"featured_media":6457,"comment_status":"open","ping_status":"closed","template":"","meta":{"_et_pb_use_builder":"","_et_pb_old_content":"","_et_gb_content_width":""},"product_brand":[],"product_cat":[40],"product_tag":[133,132],"class_list":{"0":"post-5363","1":"product","2":"type-product","3":"status-publish","4":"has-post-thumbnail","6":"product_cat-parfum-produits-de-beaute","7":"product_tag-izy","8":"product_tag-parfum-homme","10":"first","11":"instock","12":"taxable","13":"shipping-taxable","14":"purchasable","15":"product-type-simple"},"yoast_head":"<!-- This site is optimized with the Yoast SEO plugin v26.4 - https:\/\/yoast.com\/wordpress\/plugins\/seo\/ -->\n<title>Izy parfum homme 100ml - matsara.fr<\/title>\n<meta name=\"robots\" content=\"index, follow, max-snippet:-1, max-image-preview:large, max-video-preview:-1\" \/>\n<link rel=\"canonical\" href=\"https:\/\/matsara.fr\/?product=izy-parfum-homme-100ml\" \/>\n<meta property=\"og:locale\" content=\"fr_FR\" \/>\n<meta property=\"og:type\" content=\"article\" \/>\n<meta property=\"og:title\" content=\"Izy parfum homme 100ml - matsara.fr\" \/>\n<meta property=\"og:description\" content=\"IZY\u00a0, s\u2019adresse \u00e0 l\u2019homme rebelle, Sulfureux, passionn\u00e9, s\u00e9ducteur.\" \/>\n<meta property=\"og:url\" content=\"https:\/\/matsara.fr\/?product=izy-parfum-homme-100ml\" \/>\n<meta property=\"og:site_name\" content=\"matsara.fr\" \/>\n<meta property=\"article:modified_time\" content=\"2025-02-15T00:01:28+00:00\" \/>\n<meta property=\"og:image\" content=\"https:\/\/matsara.fr\/wp-content\/uploads\/2023\/02\/izy-1.jpg\" \/>\n\t<meta property=\"og:image:width\" content=\"683\" \/>\n\t<meta property=\"og:image:height\" content=\"1024\" \/>\n\t<meta property=\"og:image:type\" content=\"image\/jpeg\" \/>\n<meta name=\"twitter:card\" content=\"summary_large_image\" \/>\n<meta name=\"twitter:label1\" content=\"Dur\u00e9e de lecture estim\u00e9e\" \/>\n\t<meta name=\"twitter:data1\" content=\"1 minute\" \/>\n<script type=\"application\/ld+json\" class=\"yoast-schema-graph\">{\"@context\":\"https:\/\/schema.org\",\"@graph\":[{\"@type\":\"WebPage\",\"@id\":\"https:\/\/matsara.fr\/?product=izy-parfum-homme-100ml\",\"url\":\"https:\/\/matsara.fr\/?product=izy-parfum-homme-100ml\",\"name\":\"Izy parfum homme 100ml - matsara.fr\",\"isPartOf\":{\"@id\":\"https:\/\/matsara.fr\/#website\"},\"primaryImageOfPage\":{\"@id\":\"https:\/\/matsara.fr\/?product=izy-parfum-homme-100ml#primaryimage\"},\"image\":{\"@id\":\"https:\/\/matsara.fr\/?product=izy-parfum-homme-100ml#primaryimage\"},\"thumbnailUrl\":\"https:\/\/matsara.fr\/wp-content\/uploads\/2023\/02\/izy-1.jpg\",\"datePublished\":\"2023-02-18T14:51:31+00:00\",\"dateModified\":\"2025-02-15T00:01:28+00:00\",\"breadcrumb\":{\"@id\":\"https:\/\/matsara.fr\/?product=izy-parfum-homme-100ml#breadcrumb\"},\"inLanguage\":\"fr-FR\",\"potentialAction\":[{\"@type\":\"ReadAction\",\"target\":[\"https:\/\/matsara.fr\/?product=izy-parfum-homme-100ml\"]}]},{\"@type\":\"ImageObject\",\"inLanguage\":\"fr-FR\",\"@id\":\"https:\/\/matsara.fr\/?product=izy-parfum-homme-100ml#primaryimage\",\"url\":\"https:\/\/matsara.fr\/wp-content\/uploads\/2023\/02\/izy-1.jpg\",\"contentUrl\":\"https:\/\/matsara.fr\/wp-content\/uploads\/2023\/02\/izy-1.jpg\",\"width\":683,\"height\":1024,\"caption\":\"izy\"},{\"@type\":\"BreadcrumbList\",\"@id\":\"https:\/\/matsara.fr\/?product=izy-parfum-homme-100ml#breadcrumb\",\"itemListElement\":[{\"@type\":\"ListItem\",\"position\":1,\"name\":\"Accueil\",\"item\":\"https:\/\/matsara.fr\/\"},{\"@type\":\"ListItem\",\"position\":2,\"name\":\"Produits\",\"item\":\"https:\/\/matsara.fr\/?post_type=product\"},{\"@type\":\"ListItem\",\"position\":3,\"name\":\"Izy parfum homme 100ml\"}]},{\"@type\":\"WebSite\",\"@id\":\"https:\/\/matsara.fr\/#website\",\"url\":\"https:\/\/matsara.fr\/\",\"name\":\"matsara.fr\",\"description\":\"La vanille qui vous veut du bien\",\"publisher\":{\"@id\":\"https:\/\/matsara.fr\/#organization\"},\"potentialAction\":[{\"@type\":\"SearchAction\",\"target\":{\"@type\":\"EntryPoint\",\"urlTemplate\":\"https:\/\/matsara.fr\/?s={search_term_string}\"},\"query-input\":{\"@type\":\"PropertyValueSpecification\",\"valueRequired\":true,\"valueName\":\"search_term_string\"}}],\"inLanguage\":\"fr-FR\"},{\"@type\":\"Organization\",\"@id\":\"https:\/\/matsara.fr\/#organization\",\"name\":\"matsara.fr\",\"url\":\"https:\/\/matsara.fr\/\",\"logo\":{\"@type\":\"ImageObject\",\"inLanguage\":\"fr-FR\",\"@id\":\"https:\/\/matsara.fr\/#\/schema\/logo\/image\/\",\"url\":\"https:\/\/matsara.fr\/wp-content\/uploads\/2019\/06\/organic-store-logo5.svg\",\"contentUrl\":\"https:\/\/matsara.fr\/wp-content\/uploads\/2019\/06\/organic-store-logo5.svg\",\"caption\":\"matsara.fr\"},\"image\":{\"@id\":\"https:\/\/matsara.fr\/#\/schema\/logo\/image\/\"}}]}<\/script>\n<!-- \/ Yoast SEO plugin. -->","yoast_head_json":{"title":"Izy parfum homme 100ml - matsara.fr","robots":{"index":"index","follow":"follow","max-snippet":"max-snippet:-1","max-image-preview":"max-image-preview:large","max-video-preview":"max-video-preview:-1"},"canonical":"https:\/\/matsara.fr\/?product=izy-parfum-homme-100ml","og_locale":"fr_FR","og_type":"article","og_title":"Izy parfum homme 100ml - matsara.fr","og_description":"IZY\u00a0, s\u2019adresse \u00e0 l\u2019homme rebelle, Sulfureux, passionn\u00e9, s\u00e9ducteur.","og_url":"https:\/\/matsara.fr\/?product=izy-parfum-homme-100ml","og_site_name":"matsara.fr","article_modified_time":"2025-02-15T00:01:28+00:00","og_image":[{"width":683,"height":1024,"url":"https:\/\/matsara.fr\/wp-content\/uploads\/2023\/02\/izy-1.jpg","type":"image\/jpeg"}],"twitter_card":"summary_large_image","twitter_misc":{"Dur\u00e9e de lecture estim\u00e9e":"1 minute"},"schema":{"@context":"https:\/\/schema.org","@graph":[{"@type":"WebPage","@id":"https:\/\/matsara.fr\/?product=izy-parfum-homme-100ml","url":"https:\/\/matsara.fr\/?product=izy-parfum-homme-100ml","name":"Izy parfum homme 100ml - matsara.fr","isPartOf":{"@id":"https:\/\/matsara.fr\/#website"},"primaryImageOfPage":{"@id":"https:\/\/matsara.fr\/?product=izy-parfum-homme-100ml#primaryimage"},"image":{"@id":"https:\/\/matsara.fr\/?product=izy-parfum-homme-100ml#primaryimage"},"thumbnailUrl":"https:\/\/matsara.fr\/wp-content\/uploads\/2023\/02\/izy-1.jpg","datePublished":"2023-02-18T14:51:31+00:00","dateModified":"2025-02-15T00:01:28+00:00","breadcrumb":{"@id":"https:\/\/matsara.fr\/?product=izy-parfum-homme-100ml#breadcrumb"},"inLanguage":"fr-FR","potentialAction":[{"@type":"ReadAction","target":["https:\/\/matsara.fr\/?product=izy-parfum-homme-100ml"]}]},{"@type":"ImageObject","inLanguage":"fr-FR","@id":"https:\/\/matsara.fr\/?product=izy-parfum-homme-100ml#primaryimage","url":"https:\/\/matsara.fr\/wp-content\/uploads\/2023\/02\/izy-1.jpg","contentUrl":"https:\/\/matsara.fr\/wp-content\/uploads\/2023\/02\/izy-1.jpg","width":683,"height":1024,"caption":"izy"},{"@type":"BreadcrumbList","@id":"https:\/\/matsara.fr\/?product=izy-parfum-homme-100ml#breadcrumb","itemListElement":[{"@type":"ListItem","position":1,"name":"Accueil","item":"https:\/\/matsara.fr\/"},{"@type":"ListItem","position":2,"name":"Produits","item":"https:\/\/matsara.fr\/?post_type=product"},{"@type":"ListItem","position":3,"name":"Izy parfum homme 100ml"}]},{"@type":"WebSite","@id":"https:\/\/matsara.fr\/#website","url":"https:\/\/matsara.fr\/","name":"matsara.fr","description":"La vanille qui vous veut du bien","publisher":{"@id":"https:\/\/matsara.fr\/#organization"},"potentialAction":[{"@type":"SearchAction","target":{"@type":"EntryPoint","urlTemplate":"https:\/\/matsara.fr\/?s={search_term_string}"},"query-input":{"@type":"PropertyValueSpecification","valueRequired":true,"valueName":"search_term_string"}}],"inLanguage":"fr-FR"},{"@type":"Organization","@id":"https:\/\/matsara.fr\/#organization","name":"matsara.fr","url":"https:\/\/matsara.fr\/","logo":{"@type":"ImageObject","inLanguage":"fr-FR","@id":"https:\/\/matsara.fr\/#\/schema\/logo\/image\/","url":"https:\/\/matsara.fr\/wp-content\/uploads\/2019\/06\/organic-store-logo5.svg","contentUrl":"https:\/\/matsara.fr\/wp-content\/uploads\/2019\/06\/organic-store-logo5.svg","caption":"matsara.fr"},"image":{"@id":"https:\/\/matsara.fr\/#\/schema\/logo\/image\/"}}]}},"_links":{"self":[{"href":"https:\/\/matsara.fr\/index.php?rest_route=\/wp\/v2\/product\/5363","targetHints":{"allow":["GET"]}}],"collection":[{"href":"https:\/\/matsara.fr\/index.php?rest_route=\/wp\/v2\/product"}],"about":[{"href":"https:\/\/matsara.fr\/index.php?rest_route=\/wp\/v2\/types\/product"}],"replies":[{"embeddable":true,"href":"https:\/\/matsara.fr\/index.php?rest_route=%2Fwp%2Fv2%2Fcomments&post=5363"}],"wp:featuredmedia":[{"embeddable":true,"href":"https:\/\/matsara.fr\/index.php?rest_route=\/wp\/v2\/media\/6457"}],"wp:attachment":[{"href":"https:\/\/matsara.fr\/index.php?rest_route=%2Fwp%2Fv2%2Fmedia&parent=5363"}],"wp:term":[{"taxonomy":"product_brand","embeddable":true,"href":"https:\/\/matsara.fr\/index.php?rest_route=%2Fwp%2Fv2%2Fproduct_brand&post=5363"},{"taxonomy":"product_cat","embeddable":true,"href":"https:\/\/matsara.fr\/index.php?rest_route=%2Fwp%2Fv2%2Fproduct_cat&post=5363"},{"taxonomy":"product_tag","embeddable":true,"href":"https:\/\/matsara.fr\/index.php?rest_route=%2Fwp%2Fv2%2Fproduct_tag&post=5363"}],"curies":[{"name":"wp","href":"https:\/\/api.w.org\/{rel}","templated":true}]}}