{"id":5468,"date":"2023-03-02T13:59:56","date_gmt":"2023-03-02T13:59:56","guid":{"rendered":"https:\/\/matsara.fr\/?post_type=product&#038;p=5468"},"modified":"2025-01-23T13:34:23","modified_gmt":"2025-01-23T13:34:23","slug":"masque-reparateur-intensif-a-lhuile-de-ricin-noir-jamaicain","status":"publish","type":"product","link":"https:\/\/matsara.fr\/?product=masque-reparateur-intensif-a-lhuile-de-ricin-noir-jamaicain","title":{"rendered":"Masque r\u00e9parateur intensif \u00e0 l&rsquo;huile de ricin noir jama\u00efcain"},"content":{"rendered":"<p><span class=\"Y2IQFc\" lang=\"fr\">Vos cheveux ternes et secs gardent votre style secret ? Ne le couvrez pas, \u00ab\u00a0masquez-le\u00a0\u00bb avec notre toute nouvelle formule, <strong>Sunny Isle Jamaican Black Castor Oil Intensive Repair Masque<\/strong> !<\/span><\/p>\n<p><span class=\"Y2IQFc\" lang=\"fr\">Ce traitement p\u00e9n\u00e9trant en profondeur est un puissant m\u00e9lange d&rsquo;ingr\u00e9dients naturels, infus\u00e9 d&rsquo;huile de ricin noire jama\u00efcaine pour hydrater et nourrir votre cuir chevelu ; laissant vos cheveux plus doux, plus sains et plus forts.<\/span><\/p>\n<p><span class=\"Y2IQFc\" lang=\"fr\">Alors quel que soit votre type ou votre texture de cheveux, ne les cachez pas, \u00ab masquez-les \u00bb\u2026 et d\u00e9voilez vos plus beaux cheveux !<\/span><\/p>\n<p><span class=\"Y2IQFc\" lang=\"fr\"><strong>Sunny Isle JBCO <\/strong><\/span><strong><span class=\"Y2IQFc\" lang=\"fr\">Masque r\u00e9parateur intensif \u00e0 l&rsquo;huile de ricin noir jama\u00efcain\u00a0 <\/span><\/strong><span class=\"Y2IQFc\" lang=\"fr\"><strong>est une r\u00e9\u00e9ducation capillaire dans un pot !<\/strong><\/span><\/p>\n<p><span class=\"Y2IQFc\" lang=\"fr\"><strong> Caract\u00e9ristiques et avantages:<\/strong><\/span><\/p>\n<ul>\n<li><span class=\"Y2IQFc\" lang=\"fr\">Infus\u00e9 d&rsquo;huile de ricin noire jama\u00efcaine authentique<\/span><\/li>\n<li><span class=\"Y2IQFc\" lang=\"fr\">Nourrit les cheveux de la racine aux pointes<\/span><\/li>\n<li><span class=\"Y2IQFc\" lang=\"fr\">Aide \u00e0 promouvoir une croissance saine des cheveux<\/span><\/li>\n<li><span class=\"Y2IQFc\" lang=\"fr\">Excellent pour une utilisation sur tous les types et textures de cheveux <\/span><\/li>\n<\/ul>\n<p><span class=\"Y2IQFc\" lang=\"fr\"><strong>Ingr\u00e9dients cl\u00e9s:<\/strong><\/span><\/p>\n<ul>\n<li><span class=\"Y2IQFc\" lang=\"fr\"> Huile de ricin noire jama\u00efcaine originale Sunny Isle<\/span><\/li>\n<li><span class=\"Y2IQFc\" lang=\"fr\">Prot\u00e9ine de bl\u00e9<\/span><\/li>\n<li><span class=\"Y2IQFc\" lang=\"fr\">L&rsquo;huile de carthame <\/span><\/li>\n<li><span class=\"Y2IQFc\" lang=\"fr\">Huile de noix de coco <\/span><\/li>\n<li><span class=\"Y2IQFc\" lang=\"fr\">L&rsquo;huile de p\u00e9pins de raisin <\/span><\/li>\n<li><span class=\"Y2IQFc\" lang=\"fr\">L&rsquo;huile de lin<\/span><\/li>\n<\/ul>\n","protected":false},"excerpt":{"rendered":"<p>Vos cheveux ternes et secs gardent votre style secret ? Ne le couvrez pas, \u00ab\u00a0masquez-le\u00a0\u00bb avec notre toute nouvelle formule, Sunny Isle Jamaican Black Castor Oil Intensive Repair Masque ! Ce traitement p\u00e9n\u00e9trant en profondeur est un puissant m\u00e9lange d&rsquo;ingr\u00e9dients naturels, infus\u00e9 d&rsquo;huile de ricin noire jama\u00efcaine pour hydrater et nourrir votre cuir chevelu ; [&hellip;]<\/p>\n","protected":false},"featured_media":5469,"comment_status":"open","ping_status":"closed","template":"","meta":{"_et_pb_use_builder":"","_et_pb_old_content":"","_et_gb_content_width":""},"product_brand":[],"product_cat":[39,336],"product_tag":[159],"class_list":{"0":"post-5468","1":"product","2":"type-product","3":"status-publish","4":"has-post-thumbnail","6":"product_cat-soin-et-bien-etre","7":"product_cat-soin-visage-cheveux","8":"product_tag-masque-reparateur-intensif-a-lhuile-de-ricin-noir-jamaicain","10":"first","11":"instock","12":"taxable","13":"shipping-taxable","14":"purchasable","15":"product-type-simple"},"yoast_head":"<!-- This site is optimized with the Yoast SEO plugin v26.4 - https:\/\/yoast.com\/wordpress\/plugins\/seo\/ -->\n<title>Masque r\u00e9parateur intensif \u00e0 l&#039;huile de ricin noir jama\u00efcain - matsara.fr<\/title>\n<meta name=\"robots\" content=\"index, follow, max-snippet:-1, max-image-preview:large, max-video-preview:-1\" \/>\n<link rel=\"canonical\" href=\"https:\/\/matsara.fr\/?product=masque-reparateur-intensif-a-lhuile-de-ricin-noir-jamaicain\" \/>\n<meta property=\"og:locale\" content=\"fr_FR\" \/>\n<meta property=\"og:type\" content=\"article\" \/>\n<meta property=\"og:title\" content=\"Masque r\u00e9parateur intensif \u00e0 l&#039;huile de ricin noir jama\u00efcain - matsara.fr\" \/>\n<meta property=\"og:description\" content=\"Vos cheveux ternes et secs gardent votre style secret ? Ne le couvrez pas, \u00ab\u00a0masquez-le\u00a0\u00bb avec notre toute nouvelle formule, Sunny Isle Jamaican Black Castor Oil Intensive Repair Masque ! Ce traitement p\u00e9n\u00e9trant en profondeur est un puissant m\u00e9lange d&rsquo;ingr\u00e9dients naturels, infus\u00e9 d&rsquo;huile de ricin noire jama\u00efcaine pour hydrater et nourrir votre cuir chevelu ; [&hellip;]\" \/>\n<meta property=\"og:url\" content=\"https:\/\/matsara.fr\/?product=masque-reparateur-intensif-a-lhuile-de-ricin-noir-jamaicain\" \/>\n<meta property=\"og:site_name\" content=\"matsara.fr\" \/>\n<meta property=\"article:modified_time\" content=\"2025-01-23T13:34:23+00:00\" \/>\n<meta property=\"og:image\" content=\"https:\/\/matsara.fr\/wp-content\/uploads\/2023\/03\/100-huile-de-ricin.webp\" \/>\n\t<meta property=\"og:image:width\" content=\"1800\" \/>\n\t<meta property=\"og:image:height\" content=\"1350\" \/>\n\t<meta property=\"og:image:type\" content=\"image\/webp\" \/>\n<meta name=\"twitter:card\" content=\"summary_large_image\" \/>\n<meta name=\"twitter:label1\" content=\"Dur\u00e9e de lecture estim\u00e9e\" \/>\n\t<meta name=\"twitter:data1\" content=\"1 minute\" \/>\n<script type=\"application\/ld+json\" class=\"yoast-schema-graph\">{\"@context\":\"https:\/\/schema.org\",\"@graph\":[{\"@type\":\"WebPage\",\"@id\":\"https:\/\/matsara.fr\/?product=masque-reparateur-intensif-a-lhuile-de-ricin-noir-jamaicain\",\"url\":\"https:\/\/matsara.fr\/?product=masque-reparateur-intensif-a-lhuile-de-ricin-noir-jamaicain\",\"name\":\"Masque r\u00e9parateur intensif \u00e0 l'huile de ricin noir jama\u00efcain - matsara.fr\",\"isPartOf\":{\"@id\":\"https:\/\/matsara.fr\/#website\"},\"primaryImageOfPage\":{\"@id\":\"https:\/\/matsara.fr\/?product=masque-reparateur-intensif-a-lhuile-de-ricin-noir-jamaicain#primaryimage\"},\"image\":{\"@id\":\"https:\/\/matsara.fr\/?product=masque-reparateur-intensif-a-lhuile-de-ricin-noir-jamaicain#primaryimage\"},\"thumbnailUrl\":\"https:\/\/matsara.fr\/wp-content\/uploads\/2023\/03\/100-huile-de-ricin.webp\",\"datePublished\":\"2023-03-02T13:59:56+00:00\",\"dateModified\":\"2025-01-23T13:34:23+00:00\",\"breadcrumb\":{\"@id\":\"https:\/\/matsara.fr\/?product=masque-reparateur-intensif-a-lhuile-de-ricin-noir-jamaicain#breadcrumb\"},\"inLanguage\":\"fr-FR\",\"potentialAction\":[{\"@type\":\"ReadAction\",\"target\":[\"https:\/\/matsara.fr\/?product=masque-reparateur-intensif-a-lhuile-de-ricin-noir-jamaicain\"]}]},{\"@type\":\"ImageObject\",\"inLanguage\":\"fr-FR\",\"@id\":\"https:\/\/matsara.fr\/?product=masque-reparateur-intensif-a-lhuile-de-ricin-noir-jamaicain#primaryimage\",\"url\":\"https:\/\/matsara.fr\/wp-content\/uploads\/2023\/03\/100-huile-de-ricin.webp\",\"contentUrl\":\"https:\/\/matsara.fr\/wp-content\/uploads\/2023\/03\/100-huile-de-ricin.webp\",\"width\":1800,\"height\":1350},{\"@type\":\"BreadcrumbList\",\"@id\":\"https:\/\/matsara.fr\/?product=masque-reparateur-intensif-a-lhuile-de-ricin-noir-jamaicain#breadcrumb\",\"itemListElement\":[{\"@type\":\"ListItem\",\"position\":1,\"name\":\"Accueil\",\"item\":\"https:\/\/matsara.fr\/\"},{\"@type\":\"ListItem\",\"position\":2,\"name\":\"Produits\",\"item\":\"https:\/\/matsara.fr\/?post_type=product\"},{\"@type\":\"ListItem\",\"position\":3,\"name\":\"Masque r\u00e9parateur intensif \u00e0 l&rsquo;huile de ricin noir jama\u00efcain\"}]},{\"@type\":\"WebSite\",\"@id\":\"https:\/\/matsara.fr\/#website\",\"url\":\"https:\/\/matsara.fr\/\",\"name\":\"matsara.fr\",\"description\":\"La vanille qui vous veut du bien\",\"publisher\":{\"@id\":\"https:\/\/matsara.fr\/#organization\"},\"potentialAction\":[{\"@type\":\"SearchAction\",\"target\":{\"@type\":\"EntryPoint\",\"urlTemplate\":\"https:\/\/matsara.fr\/?s={search_term_string}\"},\"query-input\":{\"@type\":\"PropertyValueSpecification\",\"valueRequired\":true,\"valueName\":\"search_term_string\"}}],\"inLanguage\":\"fr-FR\"},{\"@type\":\"Organization\",\"@id\":\"https:\/\/matsara.fr\/#organization\",\"name\":\"matsara.fr\",\"url\":\"https:\/\/matsara.fr\/\",\"logo\":{\"@type\":\"ImageObject\",\"inLanguage\":\"fr-FR\",\"@id\":\"https:\/\/matsara.fr\/#\/schema\/logo\/image\/\",\"url\":\"https:\/\/matsara.fr\/wp-content\/uploads\/2019\/06\/organic-store-logo5.svg\",\"contentUrl\":\"https:\/\/matsara.fr\/wp-content\/uploads\/2019\/06\/organic-store-logo5.svg\",\"caption\":\"matsara.fr\"},\"image\":{\"@id\":\"https:\/\/matsara.fr\/#\/schema\/logo\/image\/\"}}]}<\/script>\n<!-- \/ Yoast SEO plugin. -->","yoast_head_json":{"title":"Masque r\u00e9parateur intensif \u00e0 l'huile de ricin noir jama\u00efcain - matsara.fr","robots":{"index":"index","follow":"follow","max-snippet":"max-snippet:-1","max-image-preview":"max-image-preview:large","max-video-preview":"max-video-preview:-1"},"canonical":"https:\/\/matsara.fr\/?product=masque-reparateur-intensif-a-lhuile-de-ricin-noir-jamaicain","og_locale":"fr_FR","og_type":"article","og_title":"Masque r\u00e9parateur intensif \u00e0 l'huile de ricin noir jama\u00efcain - matsara.fr","og_description":"Vos cheveux ternes et secs gardent votre style secret ? Ne le couvrez pas, \u00ab\u00a0masquez-le\u00a0\u00bb avec notre toute nouvelle formule, Sunny Isle Jamaican Black Castor Oil Intensive Repair Masque ! Ce traitement p\u00e9n\u00e9trant en profondeur est un puissant m\u00e9lange d&rsquo;ingr\u00e9dients naturels, infus\u00e9 d&rsquo;huile de ricin noire jama\u00efcaine pour hydrater et nourrir votre cuir chevelu ; [&hellip;]","og_url":"https:\/\/matsara.fr\/?product=masque-reparateur-intensif-a-lhuile-de-ricin-noir-jamaicain","og_site_name":"matsara.fr","article_modified_time":"2025-01-23T13:34:23+00:00","og_image":[{"width":1800,"height":1350,"url":"https:\/\/matsara.fr\/wp-content\/uploads\/2023\/03\/100-huile-de-ricin.webp","type":"image\/webp"}],"twitter_card":"summary_large_image","twitter_misc":{"Dur\u00e9e de lecture estim\u00e9e":"1 minute"},"schema":{"@context":"https:\/\/schema.org","@graph":[{"@type":"WebPage","@id":"https:\/\/matsara.fr\/?product=masque-reparateur-intensif-a-lhuile-de-ricin-noir-jamaicain","url":"https:\/\/matsara.fr\/?product=masque-reparateur-intensif-a-lhuile-de-ricin-noir-jamaicain","name":"Masque r\u00e9parateur intensif \u00e0 l'huile de ricin noir jama\u00efcain - matsara.fr","isPartOf":{"@id":"https:\/\/matsara.fr\/#website"},"primaryImageOfPage":{"@id":"https:\/\/matsara.fr\/?product=masque-reparateur-intensif-a-lhuile-de-ricin-noir-jamaicain#primaryimage"},"image":{"@id":"https:\/\/matsara.fr\/?product=masque-reparateur-intensif-a-lhuile-de-ricin-noir-jamaicain#primaryimage"},"thumbnailUrl":"https:\/\/matsara.fr\/wp-content\/uploads\/2023\/03\/100-huile-de-ricin.webp","datePublished":"2023-03-02T13:59:56+00:00","dateModified":"2025-01-23T13:34:23+00:00","breadcrumb":{"@id":"https:\/\/matsara.fr\/?product=masque-reparateur-intensif-a-lhuile-de-ricin-noir-jamaicain#breadcrumb"},"inLanguage":"fr-FR","potentialAction":[{"@type":"ReadAction","target":["https:\/\/matsara.fr\/?product=masque-reparateur-intensif-a-lhuile-de-ricin-noir-jamaicain"]}]},{"@type":"ImageObject","inLanguage":"fr-FR","@id":"https:\/\/matsara.fr\/?product=masque-reparateur-intensif-a-lhuile-de-ricin-noir-jamaicain#primaryimage","url":"https:\/\/matsara.fr\/wp-content\/uploads\/2023\/03\/100-huile-de-ricin.webp","contentUrl":"https:\/\/matsara.fr\/wp-content\/uploads\/2023\/03\/100-huile-de-ricin.webp","width":1800,"height":1350},{"@type":"BreadcrumbList","@id":"https:\/\/matsara.fr\/?product=masque-reparateur-intensif-a-lhuile-de-ricin-noir-jamaicain#breadcrumb","itemListElement":[{"@type":"ListItem","position":1,"name":"Accueil","item":"https:\/\/matsara.fr\/"},{"@type":"ListItem","position":2,"name":"Produits","item":"https:\/\/matsara.fr\/?post_type=product"},{"@type":"ListItem","position":3,"name":"Masque r\u00e9parateur intensif \u00e0 l&rsquo;huile de ricin noir jama\u00efcain"}]},{"@type":"WebSite","@id":"https:\/\/matsara.fr\/#website","url":"https:\/\/matsara.fr\/","name":"matsara.fr","description":"La vanille qui vous veut du bien","publisher":{"@id":"https:\/\/matsara.fr\/#organization"},"potentialAction":[{"@type":"SearchAction","target":{"@type":"EntryPoint","urlTemplate":"https:\/\/matsara.fr\/?s={search_term_string}"},"query-input":{"@type":"PropertyValueSpecification","valueRequired":true,"valueName":"search_term_string"}}],"inLanguage":"fr-FR"},{"@type":"Organization","@id":"https:\/\/matsara.fr\/#organization","name":"matsara.fr","url":"https:\/\/matsara.fr\/","logo":{"@type":"ImageObject","inLanguage":"fr-FR","@id":"https:\/\/matsara.fr\/#\/schema\/logo\/image\/","url":"https:\/\/matsara.fr\/wp-content\/uploads\/2019\/06\/organic-store-logo5.svg","contentUrl":"https:\/\/matsara.fr\/wp-content\/uploads\/2019\/06\/organic-store-logo5.svg","caption":"matsara.fr"},"image":{"@id":"https:\/\/matsara.fr\/#\/schema\/logo\/image\/"}}]}},"_links":{"self":[{"href":"https:\/\/matsara.fr\/index.php?rest_route=\/wp\/v2\/product\/5468","targetHints":{"allow":["GET"]}}],"collection":[{"href":"https:\/\/matsara.fr\/index.php?rest_route=\/wp\/v2\/product"}],"about":[{"href":"https:\/\/matsara.fr\/index.php?rest_route=\/wp\/v2\/types\/product"}],"replies":[{"embeddable":true,"href":"https:\/\/matsara.fr\/index.php?rest_route=%2Fwp%2Fv2%2Fcomments&post=5468"}],"wp:featuredmedia":[{"embeddable":true,"href":"https:\/\/matsara.fr\/index.php?rest_route=\/wp\/v2\/media\/5469"}],"wp:attachment":[{"href":"https:\/\/matsara.fr\/index.php?rest_route=%2Fwp%2Fv2%2Fmedia&parent=5468"}],"wp:term":[{"taxonomy":"product_brand","embeddable":true,"href":"https:\/\/matsara.fr\/index.php?rest_route=%2Fwp%2Fv2%2Fproduct_brand&post=5468"},{"taxonomy":"product_cat","embeddable":true,"href":"https:\/\/matsara.fr\/index.php?rest_route=%2Fwp%2Fv2%2Fproduct_cat&post=5468"},{"taxonomy":"product_tag","embeddable":true,"href":"https:\/\/matsara.fr\/index.php?rest_route=%2Fwp%2Fv2%2Fproduct_tag&post=5468"}],"curies":[{"name":"wp","href":"https:\/\/api.w.org\/{rel}","templated":true}]}}