{"id":5574,"date":"2023-03-09T16:55:58","date_gmt":"2023-03-09T16:55:58","guid":{"rendered":"https:\/\/matsara.fr\/?post_type=product&#038;p=5574"},"modified":"2025-01-23T13:30:54","modified_gmt":"2025-01-23T13:30:54","slug":"huile-essentielle-dylang-ylang-bio-10ml","status":"publish","type":"product","link":"https:\/\/matsara.fr\/?product=huile-essentielle-dylang-ylang-bio-10ml","title":{"rendered":"Huile essentielle d&rsquo;Ylang-ylang bio &#8211; 10ml"},"content":{"rendered":"<h3>Conseil :<\/h3>\n<p>Destination : Utilisation dans les denr\u00e9es alimentaires.<\/p>\n<p>Pr\u00e9cautions d&#8217;emploi : Tenir hors de la port\u00e9e et de la vue des enfants.\u00a0Ne pas consommer pure.\u00a0Ne pas utiliser chez les enfants, les femmes enceintes ou allaitantes, et les personnes sensibles aux huiles essentielles. Consulter un professionnel de sant\u00e9 en cas de traitement m\u00e9dicamenteux ou pour toute autre utilisation.<\/p>\n<p>Conservation : Conserver \u00e0 l&rsquo;abri de toute source de chaleur et de la lumi\u00e8re. Bien refermer le flacon apr\u00e8s utilisation.<\/p>\n<h3>Composition :<\/h3>\n<p>Plante : Ylang-ylang bio<em>\u00a0<\/em>\/\u00a0<em>Cananga Odorata<\/em>\u00a0*<br \/>\nCh\u00e9motype :\u00a0Germacrene-D, Beta-Caryophyllene, Alpha-Farnesene, Benzoate de Benzyle<br \/>\nAllerg\u00e8nes : Alcool Benzilique, Benzoate de Benzyle, Salicylate de Benzyle, Citral, Eugenol, Farnesol, Geraniol, Isoeugenol, Limonene, Linalol<\/p>\n<p><strong><span class=\"vert\">Origine :<\/span>\u00a0Distillerie Essences de Madagascar<\/strong><\/p>\n","protected":false},"excerpt":{"rendered":"<p>Huile essentielle obtenue \u00e0 partir de la distillation des\u00a0fleurs de\u00a0<em>Cananga Odorata<\/em>\u00a0*.<\/p>\n<p>* Issu de l&rsquo;agriculture biologique.<\/p>\n","protected":false},"featured_media":5575,"comment_status":"open","ping_status":"closed","template":"","meta":{"_et_pb_use_builder":"","_et_pb_old_content":"","_et_gb_content_width":""},"product_brand":[],"product_cat":[334,39],"product_tag":[181],"class_list":{"0":"post-5574","1":"product","2":"type-product","3":"status-publish","4":"has-post-thumbnail","6":"product_cat-huile-essentielle","7":"product_cat-soin-et-bien-etre","8":"product_tag-huile-essentielle-dylang-ylang-bio","10":"first","11":"instock","12":"taxable","13":"shipping-taxable","14":"purchasable","15":"product-type-simple"},"yoast_head":"<!-- This site is optimized with the Yoast SEO plugin v26.4 - https:\/\/yoast.com\/wordpress\/plugins\/seo\/ -->\n<title>Huile essentielle d&#039;Ylang-ylang bio - 10ml - matsara.fr<\/title>\n<meta name=\"robots\" content=\"index, follow, max-snippet:-1, max-image-preview:large, max-video-preview:-1\" \/>\n<link rel=\"canonical\" href=\"https:\/\/matsara.fr\/?product=huile-essentielle-dylang-ylang-bio-10ml\" \/>\n<meta property=\"og:locale\" content=\"fr_FR\" \/>\n<meta property=\"og:type\" content=\"article\" \/>\n<meta property=\"og:title\" content=\"Huile essentielle d&#039;Ylang-ylang bio - 10ml - matsara.fr\" \/>\n<meta property=\"og:description\" content=\"Huile essentielle obtenue \u00e0 partir de la distillation des\u00a0fleurs de\u00a0Cananga Odorata\u00a0*.  * Issu de l&#039;agriculture biologique.\" \/>\n<meta property=\"og:url\" content=\"https:\/\/matsara.fr\/?product=huile-essentielle-dylang-ylang-bio-10ml\" \/>\n<meta property=\"og:site_name\" content=\"matsara.fr\" \/>\n<meta property=\"article:modified_time\" content=\"2025-01-23T13:30:54+00:00\" \/>\n<meta property=\"og:image\" content=\"https:\/\/matsara.fr\/wp-content\/uploads\/2023\/03\/ylang-ylang-bio-10ml.png\" \/>\n\t<meta property=\"og:image:width\" content=\"315\" \/>\n\t<meta property=\"og:image:height\" content=\"420\" \/>\n\t<meta property=\"og:image:type\" content=\"image\/png\" \/>\n<meta name=\"twitter:card\" content=\"summary_large_image\" \/>\n<meta name=\"twitter:label1\" content=\"Dur\u00e9e de lecture estim\u00e9e\" \/>\n\t<meta name=\"twitter:data1\" content=\"1 minute\" \/>\n<script type=\"application\/ld+json\" class=\"yoast-schema-graph\">{\"@context\":\"https:\/\/schema.org\",\"@graph\":[{\"@type\":\"WebPage\",\"@id\":\"https:\/\/matsara.fr\/?product=huile-essentielle-dylang-ylang-bio-10ml\",\"url\":\"https:\/\/matsara.fr\/?product=huile-essentielle-dylang-ylang-bio-10ml\",\"name\":\"Huile essentielle d'Ylang-ylang bio - 10ml - matsara.fr\",\"isPartOf\":{\"@id\":\"https:\/\/matsara.fr\/#website\"},\"primaryImageOfPage\":{\"@id\":\"https:\/\/matsara.fr\/?product=huile-essentielle-dylang-ylang-bio-10ml#primaryimage\"},\"image\":{\"@id\":\"https:\/\/matsara.fr\/?product=huile-essentielle-dylang-ylang-bio-10ml#primaryimage\"},\"thumbnailUrl\":\"https:\/\/matsara.fr\/wp-content\/uploads\/2023\/03\/ylang-ylang-bio-10ml.png\",\"datePublished\":\"2023-03-09T16:55:58+00:00\",\"dateModified\":\"2025-01-23T13:30:54+00:00\",\"breadcrumb\":{\"@id\":\"https:\/\/matsara.fr\/?product=huile-essentielle-dylang-ylang-bio-10ml#breadcrumb\"},\"inLanguage\":\"fr-FR\",\"potentialAction\":[{\"@type\":\"ReadAction\",\"target\":[\"https:\/\/matsara.fr\/?product=huile-essentielle-dylang-ylang-bio-10ml\"]}]},{\"@type\":\"ImageObject\",\"inLanguage\":\"fr-FR\",\"@id\":\"https:\/\/matsara.fr\/?product=huile-essentielle-dylang-ylang-bio-10ml#primaryimage\",\"url\":\"https:\/\/matsara.fr\/wp-content\/uploads\/2023\/03\/ylang-ylang-bio-10ml.png\",\"contentUrl\":\"https:\/\/matsara.fr\/wp-content\/uploads\/2023\/03\/ylang-ylang-bio-10ml.png\",\"width\":315,\"height\":420},{\"@type\":\"BreadcrumbList\",\"@id\":\"https:\/\/matsara.fr\/?product=huile-essentielle-dylang-ylang-bio-10ml#breadcrumb\",\"itemListElement\":[{\"@type\":\"ListItem\",\"position\":1,\"name\":\"Accueil\",\"item\":\"https:\/\/matsara.fr\/\"},{\"@type\":\"ListItem\",\"position\":2,\"name\":\"Produits\",\"item\":\"https:\/\/matsara.fr\/?post_type=product\"},{\"@type\":\"ListItem\",\"position\":3,\"name\":\"Huile essentielle d&rsquo;Ylang-ylang bio &#8211; 10ml\"}]},{\"@type\":\"WebSite\",\"@id\":\"https:\/\/matsara.fr\/#website\",\"url\":\"https:\/\/matsara.fr\/\",\"name\":\"matsara.fr\",\"description\":\"La vanille qui vous veut du bien\",\"publisher\":{\"@id\":\"https:\/\/matsara.fr\/#organization\"},\"potentialAction\":[{\"@type\":\"SearchAction\",\"target\":{\"@type\":\"EntryPoint\",\"urlTemplate\":\"https:\/\/matsara.fr\/?s={search_term_string}\"},\"query-input\":{\"@type\":\"PropertyValueSpecification\",\"valueRequired\":true,\"valueName\":\"search_term_string\"}}],\"inLanguage\":\"fr-FR\"},{\"@type\":\"Organization\",\"@id\":\"https:\/\/matsara.fr\/#organization\",\"name\":\"matsara.fr\",\"url\":\"https:\/\/matsara.fr\/\",\"logo\":{\"@type\":\"ImageObject\",\"inLanguage\":\"fr-FR\",\"@id\":\"https:\/\/matsara.fr\/#\/schema\/logo\/image\/\",\"url\":\"https:\/\/matsara.fr\/wp-content\/uploads\/2019\/06\/organic-store-logo5.svg\",\"contentUrl\":\"https:\/\/matsara.fr\/wp-content\/uploads\/2019\/06\/organic-store-logo5.svg\",\"caption\":\"matsara.fr\"},\"image\":{\"@id\":\"https:\/\/matsara.fr\/#\/schema\/logo\/image\/\"}}]}<\/script>\n<!-- \/ Yoast SEO plugin. -->","yoast_head_json":{"title":"Huile essentielle d'Ylang-ylang bio - 10ml - matsara.fr","robots":{"index":"index","follow":"follow","max-snippet":"max-snippet:-1","max-image-preview":"max-image-preview:large","max-video-preview":"max-video-preview:-1"},"canonical":"https:\/\/matsara.fr\/?product=huile-essentielle-dylang-ylang-bio-10ml","og_locale":"fr_FR","og_type":"article","og_title":"Huile essentielle d'Ylang-ylang bio - 10ml - matsara.fr","og_description":"Huile essentielle obtenue \u00e0 partir de la distillation des\u00a0fleurs de\u00a0Cananga Odorata\u00a0*.  * Issu de l'agriculture biologique.","og_url":"https:\/\/matsara.fr\/?product=huile-essentielle-dylang-ylang-bio-10ml","og_site_name":"matsara.fr","article_modified_time":"2025-01-23T13:30:54+00:00","og_image":[{"width":315,"height":420,"url":"https:\/\/matsara.fr\/wp-content\/uploads\/2023\/03\/ylang-ylang-bio-10ml.png","type":"image\/png"}],"twitter_card":"summary_large_image","twitter_misc":{"Dur\u00e9e de lecture estim\u00e9e":"1 minute"},"schema":{"@context":"https:\/\/schema.org","@graph":[{"@type":"WebPage","@id":"https:\/\/matsara.fr\/?product=huile-essentielle-dylang-ylang-bio-10ml","url":"https:\/\/matsara.fr\/?product=huile-essentielle-dylang-ylang-bio-10ml","name":"Huile essentielle d'Ylang-ylang bio - 10ml - matsara.fr","isPartOf":{"@id":"https:\/\/matsara.fr\/#website"},"primaryImageOfPage":{"@id":"https:\/\/matsara.fr\/?product=huile-essentielle-dylang-ylang-bio-10ml#primaryimage"},"image":{"@id":"https:\/\/matsara.fr\/?product=huile-essentielle-dylang-ylang-bio-10ml#primaryimage"},"thumbnailUrl":"https:\/\/matsara.fr\/wp-content\/uploads\/2023\/03\/ylang-ylang-bio-10ml.png","datePublished":"2023-03-09T16:55:58+00:00","dateModified":"2025-01-23T13:30:54+00:00","breadcrumb":{"@id":"https:\/\/matsara.fr\/?product=huile-essentielle-dylang-ylang-bio-10ml#breadcrumb"},"inLanguage":"fr-FR","potentialAction":[{"@type":"ReadAction","target":["https:\/\/matsara.fr\/?product=huile-essentielle-dylang-ylang-bio-10ml"]}]},{"@type":"ImageObject","inLanguage":"fr-FR","@id":"https:\/\/matsara.fr\/?product=huile-essentielle-dylang-ylang-bio-10ml#primaryimage","url":"https:\/\/matsara.fr\/wp-content\/uploads\/2023\/03\/ylang-ylang-bio-10ml.png","contentUrl":"https:\/\/matsara.fr\/wp-content\/uploads\/2023\/03\/ylang-ylang-bio-10ml.png","width":315,"height":420},{"@type":"BreadcrumbList","@id":"https:\/\/matsara.fr\/?product=huile-essentielle-dylang-ylang-bio-10ml#breadcrumb","itemListElement":[{"@type":"ListItem","position":1,"name":"Accueil","item":"https:\/\/matsara.fr\/"},{"@type":"ListItem","position":2,"name":"Produits","item":"https:\/\/matsara.fr\/?post_type=product"},{"@type":"ListItem","position":3,"name":"Huile essentielle d&rsquo;Ylang-ylang bio &#8211; 10ml"}]},{"@type":"WebSite","@id":"https:\/\/matsara.fr\/#website","url":"https:\/\/matsara.fr\/","name":"matsara.fr","description":"La vanille qui vous veut du bien","publisher":{"@id":"https:\/\/matsara.fr\/#organization"},"potentialAction":[{"@type":"SearchAction","target":{"@type":"EntryPoint","urlTemplate":"https:\/\/matsara.fr\/?s={search_term_string}"},"query-input":{"@type":"PropertyValueSpecification","valueRequired":true,"valueName":"search_term_string"}}],"inLanguage":"fr-FR"},{"@type":"Organization","@id":"https:\/\/matsara.fr\/#organization","name":"matsara.fr","url":"https:\/\/matsara.fr\/","logo":{"@type":"ImageObject","inLanguage":"fr-FR","@id":"https:\/\/matsara.fr\/#\/schema\/logo\/image\/","url":"https:\/\/matsara.fr\/wp-content\/uploads\/2019\/06\/organic-store-logo5.svg","contentUrl":"https:\/\/matsara.fr\/wp-content\/uploads\/2019\/06\/organic-store-logo5.svg","caption":"matsara.fr"},"image":{"@id":"https:\/\/matsara.fr\/#\/schema\/logo\/image\/"}}]}},"_links":{"self":[{"href":"https:\/\/matsara.fr\/index.php?rest_route=\/wp\/v2\/product\/5574","targetHints":{"allow":["GET"]}}],"collection":[{"href":"https:\/\/matsara.fr\/index.php?rest_route=\/wp\/v2\/product"}],"about":[{"href":"https:\/\/matsara.fr\/index.php?rest_route=\/wp\/v2\/types\/product"}],"replies":[{"embeddable":true,"href":"https:\/\/matsara.fr\/index.php?rest_route=%2Fwp%2Fv2%2Fcomments&post=5574"}],"wp:featuredmedia":[{"embeddable":true,"href":"https:\/\/matsara.fr\/index.php?rest_route=\/wp\/v2\/media\/5575"}],"wp:attachment":[{"href":"https:\/\/matsara.fr\/index.php?rest_route=%2Fwp%2Fv2%2Fmedia&parent=5574"}],"wp:term":[{"taxonomy":"product_brand","embeddable":true,"href":"https:\/\/matsara.fr\/index.php?rest_route=%2Fwp%2Fv2%2Fproduct_brand&post=5574"},{"taxonomy":"product_cat","embeddable":true,"href":"https:\/\/matsara.fr\/index.php?rest_route=%2Fwp%2Fv2%2Fproduct_cat&post=5574"},{"taxonomy":"product_tag","embeddable":true,"href":"https:\/\/matsara.fr\/index.php?rest_route=%2Fwp%2Fv2%2Fproduct_tag&post=5574"}],"curies":[{"name":"wp","href":"https:\/\/api.w.org\/{rel}","templated":true}]}}