{"id":5577,"date":"2023-03-10T16:20:47","date_gmt":"2023-03-10T16:20:47","guid":{"rendered":"https:\/\/matsara.fr\/?post_type=product&#038;p=5577"},"modified":"2025-01-23T13:30:45","modified_gmt":"2025-01-23T13:30:45","slug":"beurre-vegetal-de-cacao-bio-150-ml","status":"publish","type":"product","link":"https:\/\/matsara.fr\/?product=beurre-vegetal-de-cacao-bio-150-ml","title":{"rendered":"Beurre v\u00e9g\u00e9tal de Cacao bio &#8211; 150 ml"},"content":{"rendered":"<h3>Conseil :<\/h3>\n<p>Peut \u00eatre utilis\u00e9 avec d\u2019autres huiles v\u00e9g\u00e9tales pour en assouplir la consistance.<br \/>\nA utiliser dans la confection des savons pour en augmenter la duret\u00e9.<\/p>\n<h3>Composition :<\/h3>\n<p>Theobroma cacao*<\/p>\n<p>*Issu de l&rsquo;agriculture biologique<\/p>\n","protected":false},"excerpt":{"rendered":"<p>Le beurre de cacao est un soin adapt\u00e9 aux peaux s\u00e8ches et matures. Gr\u00e2ce \u00e0 ses propri\u00e9t\u00e9s anti oxydantes, il permet de lutter contre les effets du temps.<br \/>\nSes propri\u00e9t\u00e9s nourrissantes en font un alli\u00e9 des cheveux secs.<\/p>\n","protected":false},"featured_media":5578,"comment_status":"open","ping_status":"closed","template":"","meta":{"_et_pb_use_builder":"","_et_pb_old_content":"","_et_gb_content_width":""},"product_brand":[],"product_cat":[339,39],"product_tag":[182],"class_list":{"0":"post-5577","1":"product","2":"type-product","3":"status-publish","4":"has-post-thumbnail","6":"product_cat-soin-corps","7":"product_cat-soin-et-bien-etre","8":"product_tag-beurre-vegetal-de-cacao-bio-150-ml","10":"first","11":"instock","12":"taxable","13":"shipping-taxable","14":"purchasable","15":"product-type-simple"},"yoast_head":"<!-- This site is optimized with the Yoast SEO plugin v26.4 - https:\/\/yoast.com\/wordpress\/plugins\/seo\/ -->\n<title>Beurre v\u00e9g\u00e9tal de Cacao bio - 150 ml - matsara.fr<\/title>\n<meta name=\"robots\" content=\"index, follow, max-snippet:-1, max-image-preview:large, max-video-preview:-1\" \/>\n<link rel=\"canonical\" href=\"https:\/\/matsara.fr\/?product=beurre-vegetal-de-cacao-bio-150-ml\" \/>\n<meta property=\"og:locale\" content=\"fr_FR\" \/>\n<meta property=\"og:type\" content=\"article\" \/>\n<meta property=\"og:title\" content=\"Beurre v\u00e9g\u00e9tal de Cacao bio - 150 ml - matsara.fr\" \/>\n<meta property=\"og:description\" content=\"Le beurre de cacao est un soin adapt\u00e9 aux peaux s\u00e8ches et matures. Gr\u00e2ce \u00e0 ses propri\u00e9t\u00e9s anti oxydantes, il permet de lutter contre les effets du temps. Ses propri\u00e9t\u00e9s nourrissantes en font un alli\u00e9 des cheveux secs.\" \/>\n<meta property=\"og:url\" content=\"https:\/\/matsara.fr\/?product=beurre-vegetal-de-cacao-bio-150-ml\" \/>\n<meta property=\"og:site_name\" content=\"matsara.fr\" \/>\n<meta property=\"article:modified_time\" content=\"2025-01-23T13:30:45+00:00\" \/>\n<meta property=\"og:image\" content=\"https:\/\/matsara.fr\/wp-content\/uploads\/2023\/03\/cacao-bio-150ml.png\" \/>\n\t<meta property=\"og:image:width\" content=\"315\" \/>\n\t<meta property=\"og:image:height\" content=\"420\" \/>\n\t<meta property=\"og:image:type\" content=\"image\/png\" \/>\n<meta name=\"twitter:card\" content=\"summary_large_image\" \/>\n<script type=\"application\/ld+json\" class=\"yoast-schema-graph\">{\"@context\":\"https:\/\/schema.org\",\"@graph\":[{\"@type\":\"WebPage\",\"@id\":\"https:\/\/matsara.fr\/?product=beurre-vegetal-de-cacao-bio-150-ml\",\"url\":\"https:\/\/matsara.fr\/?product=beurre-vegetal-de-cacao-bio-150-ml\",\"name\":\"Beurre v\u00e9g\u00e9tal de Cacao bio - 150 ml - matsara.fr\",\"isPartOf\":{\"@id\":\"https:\/\/matsara.fr\/#website\"},\"primaryImageOfPage\":{\"@id\":\"https:\/\/matsara.fr\/?product=beurre-vegetal-de-cacao-bio-150-ml#primaryimage\"},\"image\":{\"@id\":\"https:\/\/matsara.fr\/?product=beurre-vegetal-de-cacao-bio-150-ml#primaryimage\"},\"thumbnailUrl\":\"https:\/\/matsara.fr\/wp-content\/uploads\/2023\/03\/cacao-bio-150ml.png\",\"datePublished\":\"2023-03-10T16:20:47+00:00\",\"dateModified\":\"2025-01-23T13:30:45+00:00\",\"breadcrumb\":{\"@id\":\"https:\/\/matsara.fr\/?product=beurre-vegetal-de-cacao-bio-150-ml#breadcrumb\"},\"inLanguage\":\"fr-FR\",\"potentialAction\":[{\"@type\":\"ReadAction\",\"target\":[\"https:\/\/matsara.fr\/?product=beurre-vegetal-de-cacao-bio-150-ml\"]}]},{\"@type\":\"ImageObject\",\"inLanguage\":\"fr-FR\",\"@id\":\"https:\/\/matsara.fr\/?product=beurre-vegetal-de-cacao-bio-150-ml#primaryimage\",\"url\":\"https:\/\/matsara.fr\/wp-content\/uploads\/2023\/03\/cacao-bio-150ml.png\",\"contentUrl\":\"https:\/\/matsara.fr\/wp-content\/uploads\/2023\/03\/cacao-bio-150ml.png\",\"width\":315,\"height\":420},{\"@type\":\"BreadcrumbList\",\"@id\":\"https:\/\/matsara.fr\/?product=beurre-vegetal-de-cacao-bio-150-ml#breadcrumb\",\"itemListElement\":[{\"@type\":\"ListItem\",\"position\":1,\"name\":\"Accueil\",\"item\":\"https:\/\/matsara.fr\/\"},{\"@type\":\"ListItem\",\"position\":2,\"name\":\"Produits\",\"item\":\"https:\/\/matsara.fr\/?post_type=product\"},{\"@type\":\"ListItem\",\"position\":3,\"name\":\"Beurre v\u00e9g\u00e9tal de Cacao bio &#8211; 150 ml\"}]},{\"@type\":\"WebSite\",\"@id\":\"https:\/\/matsara.fr\/#website\",\"url\":\"https:\/\/matsara.fr\/\",\"name\":\"matsara.fr\",\"description\":\"La vanille qui vous veut du bien\",\"publisher\":{\"@id\":\"https:\/\/matsara.fr\/#organization\"},\"potentialAction\":[{\"@type\":\"SearchAction\",\"target\":{\"@type\":\"EntryPoint\",\"urlTemplate\":\"https:\/\/matsara.fr\/?s={search_term_string}\"},\"query-input\":{\"@type\":\"PropertyValueSpecification\",\"valueRequired\":true,\"valueName\":\"search_term_string\"}}],\"inLanguage\":\"fr-FR\"},{\"@type\":\"Organization\",\"@id\":\"https:\/\/matsara.fr\/#organization\",\"name\":\"matsara.fr\",\"url\":\"https:\/\/matsara.fr\/\",\"logo\":{\"@type\":\"ImageObject\",\"inLanguage\":\"fr-FR\",\"@id\":\"https:\/\/matsara.fr\/#\/schema\/logo\/image\/\",\"url\":\"https:\/\/matsara.fr\/wp-content\/uploads\/2019\/06\/organic-store-logo5.svg\",\"contentUrl\":\"https:\/\/matsara.fr\/wp-content\/uploads\/2019\/06\/organic-store-logo5.svg\",\"caption\":\"matsara.fr\"},\"image\":{\"@id\":\"https:\/\/matsara.fr\/#\/schema\/logo\/image\/\"}}]}<\/script>\n<!-- \/ Yoast SEO plugin. -->","yoast_head_json":{"title":"Beurre v\u00e9g\u00e9tal de Cacao bio - 150 ml - matsara.fr","robots":{"index":"index","follow":"follow","max-snippet":"max-snippet:-1","max-image-preview":"max-image-preview:large","max-video-preview":"max-video-preview:-1"},"canonical":"https:\/\/matsara.fr\/?product=beurre-vegetal-de-cacao-bio-150-ml","og_locale":"fr_FR","og_type":"article","og_title":"Beurre v\u00e9g\u00e9tal de Cacao bio - 150 ml - matsara.fr","og_description":"Le beurre de cacao est un soin adapt\u00e9 aux peaux s\u00e8ches et matures. Gr\u00e2ce \u00e0 ses propri\u00e9t\u00e9s anti oxydantes, il permet de lutter contre les effets du temps. Ses propri\u00e9t\u00e9s nourrissantes en font un alli\u00e9 des cheveux secs.","og_url":"https:\/\/matsara.fr\/?product=beurre-vegetal-de-cacao-bio-150-ml","og_site_name":"matsara.fr","article_modified_time":"2025-01-23T13:30:45+00:00","og_image":[{"width":315,"height":420,"url":"https:\/\/matsara.fr\/wp-content\/uploads\/2023\/03\/cacao-bio-150ml.png","type":"image\/png"}],"twitter_card":"summary_large_image","schema":{"@context":"https:\/\/schema.org","@graph":[{"@type":"WebPage","@id":"https:\/\/matsara.fr\/?product=beurre-vegetal-de-cacao-bio-150-ml","url":"https:\/\/matsara.fr\/?product=beurre-vegetal-de-cacao-bio-150-ml","name":"Beurre v\u00e9g\u00e9tal de Cacao bio - 150 ml - matsara.fr","isPartOf":{"@id":"https:\/\/matsara.fr\/#website"},"primaryImageOfPage":{"@id":"https:\/\/matsara.fr\/?product=beurre-vegetal-de-cacao-bio-150-ml#primaryimage"},"image":{"@id":"https:\/\/matsara.fr\/?product=beurre-vegetal-de-cacao-bio-150-ml#primaryimage"},"thumbnailUrl":"https:\/\/matsara.fr\/wp-content\/uploads\/2023\/03\/cacao-bio-150ml.png","datePublished":"2023-03-10T16:20:47+00:00","dateModified":"2025-01-23T13:30:45+00:00","breadcrumb":{"@id":"https:\/\/matsara.fr\/?product=beurre-vegetal-de-cacao-bio-150-ml#breadcrumb"},"inLanguage":"fr-FR","potentialAction":[{"@type":"ReadAction","target":["https:\/\/matsara.fr\/?product=beurre-vegetal-de-cacao-bio-150-ml"]}]},{"@type":"ImageObject","inLanguage":"fr-FR","@id":"https:\/\/matsara.fr\/?product=beurre-vegetal-de-cacao-bio-150-ml#primaryimage","url":"https:\/\/matsara.fr\/wp-content\/uploads\/2023\/03\/cacao-bio-150ml.png","contentUrl":"https:\/\/matsara.fr\/wp-content\/uploads\/2023\/03\/cacao-bio-150ml.png","width":315,"height":420},{"@type":"BreadcrumbList","@id":"https:\/\/matsara.fr\/?product=beurre-vegetal-de-cacao-bio-150-ml#breadcrumb","itemListElement":[{"@type":"ListItem","position":1,"name":"Accueil","item":"https:\/\/matsara.fr\/"},{"@type":"ListItem","position":2,"name":"Produits","item":"https:\/\/matsara.fr\/?post_type=product"},{"@type":"ListItem","position":3,"name":"Beurre v\u00e9g\u00e9tal de Cacao bio &#8211; 150 ml"}]},{"@type":"WebSite","@id":"https:\/\/matsara.fr\/#website","url":"https:\/\/matsara.fr\/","name":"matsara.fr","description":"La vanille qui vous veut du bien","publisher":{"@id":"https:\/\/matsara.fr\/#organization"},"potentialAction":[{"@type":"SearchAction","target":{"@type":"EntryPoint","urlTemplate":"https:\/\/matsara.fr\/?s={search_term_string}"},"query-input":{"@type":"PropertyValueSpecification","valueRequired":true,"valueName":"search_term_string"}}],"inLanguage":"fr-FR"},{"@type":"Organization","@id":"https:\/\/matsara.fr\/#organization","name":"matsara.fr","url":"https:\/\/matsara.fr\/","logo":{"@type":"ImageObject","inLanguage":"fr-FR","@id":"https:\/\/matsara.fr\/#\/schema\/logo\/image\/","url":"https:\/\/matsara.fr\/wp-content\/uploads\/2019\/06\/organic-store-logo5.svg","contentUrl":"https:\/\/matsara.fr\/wp-content\/uploads\/2019\/06\/organic-store-logo5.svg","caption":"matsara.fr"},"image":{"@id":"https:\/\/matsara.fr\/#\/schema\/logo\/image\/"}}]}},"_links":{"self":[{"href":"https:\/\/matsara.fr\/index.php?rest_route=\/wp\/v2\/product\/5577","targetHints":{"allow":["GET"]}}],"collection":[{"href":"https:\/\/matsara.fr\/index.php?rest_route=\/wp\/v2\/product"}],"about":[{"href":"https:\/\/matsara.fr\/index.php?rest_route=\/wp\/v2\/types\/product"}],"replies":[{"embeddable":true,"href":"https:\/\/matsara.fr\/index.php?rest_route=%2Fwp%2Fv2%2Fcomments&post=5577"}],"wp:featuredmedia":[{"embeddable":true,"href":"https:\/\/matsara.fr\/index.php?rest_route=\/wp\/v2\/media\/5578"}],"wp:attachment":[{"href":"https:\/\/matsara.fr\/index.php?rest_route=%2Fwp%2Fv2%2Fmedia&parent=5577"}],"wp:term":[{"taxonomy":"product_brand","embeddable":true,"href":"https:\/\/matsara.fr\/index.php?rest_route=%2Fwp%2Fv2%2Fproduct_brand&post=5577"},{"taxonomy":"product_cat","embeddable":true,"href":"https:\/\/matsara.fr\/index.php?rest_route=%2Fwp%2Fv2%2Fproduct_cat&post=5577"},{"taxonomy":"product_tag","embeddable":true,"href":"https:\/\/matsara.fr\/index.php?rest_route=%2Fwp%2Fv2%2Fproduct_tag&post=5577"}],"curies":[{"name":"wp","href":"https:\/\/api.w.org\/{rel}","templated":true}]}}