{"id":5597,"date":"2023-03-10T17:28:35","date_gmt":"2023-03-10T17:28:35","guid":{"rendered":"https:\/\/matsara.fr\/?post_type=product&#038;p=5597"},"modified":"2025-01-23T13:29:55","modified_gmt":"2025-01-23T13:29:55","slug":"huile-vierge-davocat-bio-100ml","status":"publish","type":"product","link":"https:\/\/matsara.fr\/?product=huile-vierge-davocat-bio-100ml","title":{"rendered":"Huile vierge d\u2019avocat BIO, 100ml"},"content":{"rendered":"<div class=\"fiche-inter\">\n<h3>Conseil :<\/h3>\n<p>Utiliser matin et soir pour redonner souplesse aux peaux s\u00e8ches. En soin capillaire, appliquer avant le shampoing pour donner force et brillance aux cheveux.<\/p>\n<h3>Composition :<\/h3>\n<p>Persea Gratissima * * Issu de l&rsquo;agriculture Biologique.<\/p>\n<p><span class=\"vert\">Origine :<\/span>\u00a0Kenya<\/p>\n<\/div>\n","protected":false},"excerpt":{"rendered":"<p>100% pure et vierge, premi\u00e8re pression \u00e0 froid. Adapt\u00e9e aux peaux s\u00e8ches, ses propri\u00e9t\u00e9s assouplissante et calmante redonnent confort et \u00e9lasticit\u00e9 \u00e0 la peau. Protectrice et cicatrisante, elle aide la peau \u00e0 se prot\u00e9ger des agressions du soleil ou du froid.<\/p>\n","protected":false},"featured_media":5598,"comment_status":"open","ping_status":"closed","template":"","meta":{"_et_pb_use_builder":"","_et_pb_old_content":"","_et_gb_content_width":""},"product_brand":[],"product_cat":[335,39],"product_tag":[186],"class_list":{"0":"post-5597","1":"product","2":"type-product","3":"status-publish","4":"has-post-thumbnail","6":"product_cat-huile-vegetale","7":"product_cat-soin-et-bien-etre","8":"product_tag-huile-vierge-davocat-bio","10":"first","11":"instock","12":"taxable","13":"shipping-taxable","14":"purchasable","15":"product-type-simple"},"yoast_head":"<!-- This site is optimized with the Yoast SEO plugin v26.4 - https:\/\/yoast.com\/wordpress\/plugins\/seo\/ -->\n<title>Huile vierge d\u2019avocat BIO, 100ml - matsara.fr<\/title>\n<meta name=\"robots\" content=\"index, follow, max-snippet:-1, max-image-preview:large, max-video-preview:-1\" \/>\n<link rel=\"canonical\" href=\"https:\/\/matsara.fr\/?product=huile-vierge-davocat-bio-100ml\" \/>\n<meta property=\"og:locale\" content=\"fr_FR\" \/>\n<meta property=\"og:type\" content=\"article\" \/>\n<meta property=\"og:title\" content=\"Huile vierge d\u2019avocat BIO, 100ml - matsara.fr\" \/>\n<meta property=\"og:description\" content=\"100% pure et vierge, premi\u00e8re pression \u00e0 froid. Adapt\u00e9e aux peaux s\u00e8ches, ses propri\u00e9t\u00e9s assouplissante et calmante redonnent confort et \u00e9lasticit\u00e9 \u00e0 la peau. Protectrice et cicatrisante, elle aide la peau \u00e0 se prot\u00e9ger des agressions du soleil ou du froid.\" \/>\n<meta property=\"og:url\" content=\"https:\/\/matsara.fr\/?product=huile-vierge-davocat-bio-100ml\" \/>\n<meta property=\"og:site_name\" content=\"matsara.fr\" \/>\n<meta property=\"article:modified_time\" content=\"2025-01-23T13:29:55+00:00\" \/>\n<meta property=\"og:image\" content=\"https:\/\/matsara.fr\/wp-content\/uploads\/2023\/03\/hv-100ml-avocat.jpg\" \/>\n\t<meta property=\"og:image:width\" content=\"315\" \/>\n\t<meta property=\"og:image:height\" content=\"473\" \/>\n\t<meta property=\"og:image:type\" content=\"image\/jpeg\" \/>\n<meta name=\"twitter:card\" content=\"summary_large_image\" \/>\n<script type=\"application\/ld+json\" class=\"yoast-schema-graph\">{\"@context\":\"https:\/\/schema.org\",\"@graph\":[{\"@type\":\"WebPage\",\"@id\":\"https:\/\/matsara.fr\/?product=huile-vierge-davocat-bio-100ml\",\"url\":\"https:\/\/matsara.fr\/?product=huile-vierge-davocat-bio-100ml\",\"name\":\"Huile vierge d\u2019avocat BIO, 100ml - matsara.fr\",\"isPartOf\":{\"@id\":\"https:\/\/matsara.fr\/#website\"},\"primaryImageOfPage\":{\"@id\":\"https:\/\/matsara.fr\/?product=huile-vierge-davocat-bio-100ml#primaryimage\"},\"image\":{\"@id\":\"https:\/\/matsara.fr\/?product=huile-vierge-davocat-bio-100ml#primaryimage\"},\"thumbnailUrl\":\"https:\/\/matsara.fr\/wp-content\/uploads\/2023\/03\/hv-100ml-avocat.jpg\",\"datePublished\":\"2023-03-10T17:28:35+00:00\",\"dateModified\":\"2025-01-23T13:29:55+00:00\",\"breadcrumb\":{\"@id\":\"https:\/\/matsara.fr\/?product=huile-vierge-davocat-bio-100ml#breadcrumb\"},\"inLanguage\":\"fr-FR\",\"potentialAction\":[{\"@type\":\"ReadAction\",\"target\":[\"https:\/\/matsara.fr\/?product=huile-vierge-davocat-bio-100ml\"]}]},{\"@type\":\"ImageObject\",\"inLanguage\":\"fr-FR\",\"@id\":\"https:\/\/matsara.fr\/?product=huile-vierge-davocat-bio-100ml#primaryimage\",\"url\":\"https:\/\/matsara.fr\/wp-content\/uploads\/2023\/03\/hv-100ml-avocat.jpg\",\"contentUrl\":\"https:\/\/matsara.fr\/wp-content\/uploads\/2023\/03\/hv-100ml-avocat.jpg\",\"width\":315,\"height\":473},{\"@type\":\"BreadcrumbList\",\"@id\":\"https:\/\/matsara.fr\/?product=huile-vierge-davocat-bio-100ml#breadcrumb\",\"itemListElement\":[{\"@type\":\"ListItem\",\"position\":1,\"name\":\"Accueil\",\"item\":\"https:\/\/matsara.fr\/\"},{\"@type\":\"ListItem\",\"position\":2,\"name\":\"Produits\",\"item\":\"https:\/\/matsara.fr\/?post_type=product\"},{\"@type\":\"ListItem\",\"position\":3,\"name\":\"Huile vierge d\u2019avocat BIO, 100ml\"}]},{\"@type\":\"WebSite\",\"@id\":\"https:\/\/matsara.fr\/#website\",\"url\":\"https:\/\/matsara.fr\/\",\"name\":\"matsara.fr\",\"description\":\"La vanille qui vous veut du bien\",\"publisher\":{\"@id\":\"https:\/\/matsara.fr\/#organization\"},\"potentialAction\":[{\"@type\":\"SearchAction\",\"target\":{\"@type\":\"EntryPoint\",\"urlTemplate\":\"https:\/\/matsara.fr\/?s={search_term_string}\"},\"query-input\":{\"@type\":\"PropertyValueSpecification\",\"valueRequired\":true,\"valueName\":\"search_term_string\"}}],\"inLanguage\":\"fr-FR\"},{\"@type\":\"Organization\",\"@id\":\"https:\/\/matsara.fr\/#organization\",\"name\":\"matsara.fr\",\"url\":\"https:\/\/matsara.fr\/\",\"logo\":{\"@type\":\"ImageObject\",\"inLanguage\":\"fr-FR\",\"@id\":\"https:\/\/matsara.fr\/#\/schema\/logo\/image\/\",\"url\":\"https:\/\/matsara.fr\/wp-content\/uploads\/2019\/06\/organic-store-logo5.svg\",\"contentUrl\":\"https:\/\/matsara.fr\/wp-content\/uploads\/2019\/06\/organic-store-logo5.svg\",\"caption\":\"matsara.fr\"},\"image\":{\"@id\":\"https:\/\/matsara.fr\/#\/schema\/logo\/image\/\"}}]}<\/script>\n<!-- \/ Yoast SEO plugin. -->","yoast_head_json":{"title":"Huile vierge d\u2019avocat BIO, 100ml - matsara.fr","robots":{"index":"index","follow":"follow","max-snippet":"max-snippet:-1","max-image-preview":"max-image-preview:large","max-video-preview":"max-video-preview:-1"},"canonical":"https:\/\/matsara.fr\/?product=huile-vierge-davocat-bio-100ml","og_locale":"fr_FR","og_type":"article","og_title":"Huile vierge d\u2019avocat BIO, 100ml - matsara.fr","og_description":"100% pure et vierge, premi\u00e8re pression \u00e0 froid. Adapt\u00e9e aux peaux s\u00e8ches, ses propri\u00e9t\u00e9s assouplissante et calmante redonnent confort et \u00e9lasticit\u00e9 \u00e0 la peau. Protectrice et cicatrisante, elle aide la peau \u00e0 se prot\u00e9ger des agressions du soleil ou du froid.","og_url":"https:\/\/matsara.fr\/?product=huile-vierge-davocat-bio-100ml","og_site_name":"matsara.fr","article_modified_time":"2025-01-23T13:29:55+00:00","og_image":[{"width":315,"height":473,"url":"https:\/\/matsara.fr\/wp-content\/uploads\/2023\/03\/hv-100ml-avocat.jpg","type":"image\/jpeg"}],"twitter_card":"summary_large_image","schema":{"@context":"https:\/\/schema.org","@graph":[{"@type":"WebPage","@id":"https:\/\/matsara.fr\/?product=huile-vierge-davocat-bio-100ml","url":"https:\/\/matsara.fr\/?product=huile-vierge-davocat-bio-100ml","name":"Huile vierge d\u2019avocat BIO, 100ml - matsara.fr","isPartOf":{"@id":"https:\/\/matsara.fr\/#website"},"primaryImageOfPage":{"@id":"https:\/\/matsara.fr\/?product=huile-vierge-davocat-bio-100ml#primaryimage"},"image":{"@id":"https:\/\/matsara.fr\/?product=huile-vierge-davocat-bio-100ml#primaryimage"},"thumbnailUrl":"https:\/\/matsara.fr\/wp-content\/uploads\/2023\/03\/hv-100ml-avocat.jpg","datePublished":"2023-03-10T17:28:35+00:00","dateModified":"2025-01-23T13:29:55+00:00","breadcrumb":{"@id":"https:\/\/matsara.fr\/?product=huile-vierge-davocat-bio-100ml#breadcrumb"},"inLanguage":"fr-FR","potentialAction":[{"@type":"ReadAction","target":["https:\/\/matsara.fr\/?product=huile-vierge-davocat-bio-100ml"]}]},{"@type":"ImageObject","inLanguage":"fr-FR","@id":"https:\/\/matsara.fr\/?product=huile-vierge-davocat-bio-100ml#primaryimage","url":"https:\/\/matsara.fr\/wp-content\/uploads\/2023\/03\/hv-100ml-avocat.jpg","contentUrl":"https:\/\/matsara.fr\/wp-content\/uploads\/2023\/03\/hv-100ml-avocat.jpg","width":315,"height":473},{"@type":"BreadcrumbList","@id":"https:\/\/matsara.fr\/?product=huile-vierge-davocat-bio-100ml#breadcrumb","itemListElement":[{"@type":"ListItem","position":1,"name":"Accueil","item":"https:\/\/matsara.fr\/"},{"@type":"ListItem","position":2,"name":"Produits","item":"https:\/\/matsara.fr\/?post_type=product"},{"@type":"ListItem","position":3,"name":"Huile vierge d\u2019avocat BIO, 100ml"}]},{"@type":"WebSite","@id":"https:\/\/matsara.fr\/#website","url":"https:\/\/matsara.fr\/","name":"matsara.fr","description":"La vanille qui vous veut du bien","publisher":{"@id":"https:\/\/matsara.fr\/#organization"},"potentialAction":[{"@type":"SearchAction","target":{"@type":"EntryPoint","urlTemplate":"https:\/\/matsara.fr\/?s={search_term_string}"},"query-input":{"@type":"PropertyValueSpecification","valueRequired":true,"valueName":"search_term_string"}}],"inLanguage":"fr-FR"},{"@type":"Organization","@id":"https:\/\/matsara.fr\/#organization","name":"matsara.fr","url":"https:\/\/matsara.fr\/","logo":{"@type":"ImageObject","inLanguage":"fr-FR","@id":"https:\/\/matsara.fr\/#\/schema\/logo\/image\/","url":"https:\/\/matsara.fr\/wp-content\/uploads\/2019\/06\/organic-store-logo5.svg","contentUrl":"https:\/\/matsara.fr\/wp-content\/uploads\/2019\/06\/organic-store-logo5.svg","caption":"matsara.fr"},"image":{"@id":"https:\/\/matsara.fr\/#\/schema\/logo\/image\/"}}]}},"_links":{"self":[{"href":"https:\/\/matsara.fr\/index.php?rest_route=\/wp\/v2\/product\/5597","targetHints":{"allow":["GET"]}}],"collection":[{"href":"https:\/\/matsara.fr\/index.php?rest_route=\/wp\/v2\/product"}],"about":[{"href":"https:\/\/matsara.fr\/index.php?rest_route=\/wp\/v2\/types\/product"}],"replies":[{"embeddable":true,"href":"https:\/\/matsara.fr\/index.php?rest_route=%2Fwp%2Fv2%2Fcomments&post=5597"}],"wp:featuredmedia":[{"embeddable":true,"href":"https:\/\/matsara.fr\/index.php?rest_route=\/wp\/v2\/media\/5598"}],"wp:attachment":[{"href":"https:\/\/matsara.fr\/index.php?rest_route=%2Fwp%2Fv2%2Fmedia&parent=5597"}],"wp:term":[{"taxonomy":"product_brand","embeddable":true,"href":"https:\/\/matsara.fr\/index.php?rest_route=%2Fwp%2Fv2%2Fproduct_brand&post=5597"},{"taxonomy":"product_cat","embeddable":true,"href":"https:\/\/matsara.fr\/index.php?rest_route=%2Fwp%2Fv2%2Fproduct_cat&post=5597"},{"taxonomy":"product_tag","embeddable":true,"href":"https:\/\/matsara.fr\/index.php?rest_route=%2Fwp%2Fv2%2Fproduct_tag&post=5597"}],"curies":[{"name":"wp","href":"https:\/\/api.w.org\/{rel}","templated":true}]}}