{"id":5623,"date":"2023-03-16T13:58:24","date_gmt":"2023-03-16T13:58:24","guid":{"rendered":"https:\/\/matsara.fr\/?post_type=product&#038;p=5623"},"modified":"2025-01-23T10:42:29","modified_gmt":"2025-01-23T10:42:29","slug":"huile-vegetale-de-chanvre-bio-50ml","status":"publish","type":"product","link":"https:\/\/matsara.fr\/?product=huile-vegetale-de-chanvre-bio-50ml","title":{"rendered":"Huile v\u00e9g\u00e9tale de Chanvre BIO, 50ml"},"content":{"rendered":"<h3>Conseil :<\/h3>\n<p>A utiliser comme soin de jour ou de nuit anti \u00e2ge, ou \u00e0 int\u00e9grer dans les cosm\u00e9tiques maisons.<\/p>\n<p>Riche en om\u00e9ga 3 et 6, cette huile peut \u00eatre utilis\u00e9e \u00e0 froid en cuisine en accompagnement des salades ou autres plats froids.<\/p>\n<h3>Composition :<\/h3>\n<p>Cannabis sativa L.*<\/p>\n<p>*Issu de l&rsquo;agriculture biologique<\/p>\n","protected":false},"excerpt":{"rendered":"<p>Anti \u00e2ge, cette huile permet la r\u00e9g\u00e9n\u00e9ration des cellules et la revitalisation de la peau.<br \/>\nApaisante, elle calme les peaux tiraill\u00e9es.<br \/>\nTr\u00e8s p\u00e9n\u00e9trante, elle procure un toucher sec et peut s\u2019utiliser comme base de massage, coupl\u00e9e \u00e0 des huiles essentielles.<\/p>\n","protected":false},"featured_media":5624,"comment_status":"open","ping_status":"closed","template":"","meta":{"_et_pb_use_builder":"","_et_pb_old_content":"","_et_gb_content_width":""},"product_brand":[],"product_cat":[335,39],"product_tag":[195,189],"class_list":{"0":"post-5623","1":"product","2":"type-product","3":"status-publish","4":"has-post-thumbnail","6":"product_cat-huile-vegetale","7":"product_cat-soin-et-bien-etre","8":"product_tag-50ml","9":"product_tag-huile-vegetale-de-chanvre-bio","11":"first","12":"instock","13":"taxable","14":"shipping-taxable","15":"purchasable","16":"product-type-simple"},"yoast_head":"<!-- This site is optimized with the Yoast SEO plugin v26.4 - https:\/\/yoast.com\/wordpress\/plugins\/seo\/ -->\n<title>Huile v\u00e9g\u00e9tale de Chanvre BIO, 50ml - matsara.fr<\/title>\n<meta name=\"robots\" content=\"index, follow, max-snippet:-1, max-image-preview:large, max-video-preview:-1\" \/>\n<link rel=\"canonical\" href=\"https:\/\/matsara.fr\/?product=huile-vegetale-de-chanvre-bio-50ml\" \/>\n<meta property=\"og:locale\" content=\"fr_FR\" \/>\n<meta property=\"og:type\" content=\"article\" \/>\n<meta property=\"og:title\" content=\"Huile v\u00e9g\u00e9tale de Chanvre BIO, 50ml - matsara.fr\" \/>\n<meta property=\"og:description\" content=\"Anti \u00e2ge, cette huile permet la r\u00e9g\u00e9n\u00e9ration des cellules et la revitalisation de la peau. Apaisante, elle calme les peaux tiraill\u00e9es. Tr\u00e8s p\u00e9n\u00e9trante, elle procure un toucher sec et peut s\u2019utiliser comme base de massage, coupl\u00e9e \u00e0 des huiles essentielles.\" \/>\n<meta property=\"og:url\" content=\"https:\/\/matsara.fr\/?product=huile-vegetale-de-chanvre-bio-50ml\" \/>\n<meta property=\"og:site_name\" content=\"matsara.fr\" \/>\n<meta property=\"article:modified_time\" content=\"2025-01-23T10:42:29+00:00\" \/>\n<meta property=\"og:image\" content=\"https:\/\/matsara.fr\/wp-content\/uploads\/2023\/03\/chanvre-50ml.png\" \/>\n\t<meta property=\"og:image:width\" content=\"315\" \/>\n\t<meta property=\"og:image:height\" content=\"473\" \/>\n\t<meta property=\"og:image:type\" content=\"image\/png\" \/>\n<meta name=\"twitter:card\" content=\"summary_large_image\" \/>\n<script type=\"application\/ld+json\" class=\"yoast-schema-graph\">{\"@context\":\"https:\/\/schema.org\",\"@graph\":[{\"@type\":\"WebPage\",\"@id\":\"https:\/\/matsara.fr\/?product=huile-vegetale-de-chanvre-bio-50ml\",\"url\":\"https:\/\/matsara.fr\/?product=huile-vegetale-de-chanvre-bio-50ml\",\"name\":\"Huile v\u00e9g\u00e9tale de Chanvre BIO, 50ml - matsara.fr\",\"isPartOf\":{\"@id\":\"https:\/\/matsara.fr\/#website\"},\"primaryImageOfPage\":{\"@id\":\"https:\/\/matsara.fr\/?product=huile-vegetale-de-chanvre-bio-50ml#primaryimage\"},\"image\":{\"@id\":\"https:\/\/matsara.fr\/?product=huile-vegetale-de-chanvre-bio-50ml#primaryimage\"},\"thumbnailUrl\":\"https:\/\/matsara.fr\/wp-content\/uploads\/2023\/03\/chanvre-50ml.png\",\"datePublished\":\"2023-03-16T13:58:24+00:00\",\"dateModified\":\"2025-01-23T10:42:29+00:00\",\"breadcrumb\":{\"@id\":\"https:\/\/matsara.fr\/?product=huile-vegetale-de-chanvre-bio-50ml#breadcrumb\"},\"inLanguage\":\"fr-FR\",\"potentialAction\":[{\"@type\":\"ReadAction\",\"target\":[\"https:\/\/matsara.fr\/?product=huile-vegetale-de-chanvre-bio-50ml\"]}]},{\"@type\":\"ImageObject\",\"inLanguage\":\"fr-FR\",\"@id\":\"https:\/\/matsara.fr\/?product=huile-vegetale-de-chanvre-bio-50ml#primaryimage\",\"url\":\"https:\/\/matsara.fr\/wp-content\/uploads\/2023\/03\/chanvre-50ml.png\",\"contentUrl\":\"https:\/\/matsara.fr\/wp-content\/uploads\/2023\/03\/chanvre-50ml.png\",\"width\":315,\"height\":473},{\"@type\":\"BreadcrumbList\",\"@id\":\"https:\/\/matsara.fr\/?product=huile-vegetale-de-chanvre-bio-50ml#breadcrumb\",\"itemListElement\":[{\"@type\":\"ListItem\",\"position\":1,\"name\":\"Accueil\",\"item\":\"https:\/\/matsara.fr\/\"},{\"@type\":\"ListItem\",\"position\":2,\"name\":\"Produits\",\"item\":\"https:\/\/matsara.fr\/?post_type=product\"},{\"@type\":\"ListItem\",\"position\":3,\"name\":\"Huile v\u00e9g\u00e9tale de Chanvre BIO, 50ml\"}]},{\"@type\":\"WebSite\",\"@id\":\"https:\/\/matsara.fr\/#website\",\"url\":\"https:\/\/matsara.fr\/\",\"name\":\"matsara.fr\",\"description\":\"La vanille qui vous veut du bien\",\"publisher\":{\"@id\":\"https:\/\/matsara.fr\/#organization\"},\"potentialAction\":[{\"@type\":\"SearchAction\",\"target\":{\"@type\":\"EntryPoint\",\"urlTemplate\":\"https:\/\/matsara.fr\/?s={search_term_string}\"},\"query-input\":{\"@type\":\"PropertyValueSpecification\",\"valueRequired\":true,\"valueName\":\"search_term_string\"}}],\"inLanguage\":\"fr-FR\"},{\"@type\":\"Organization\",\"@id\":\"https:\/\/matsara.fr\/#organization\",\"name\":\"matsara.fr\",\"url\":\"https:\/\/matsara.fr\/\",\"logo\":{\"@type\":\"ImageObject\",\"inLanguage\":\"fr-FR\",\"@id\":\"https:\/\/matsara.fr\/#\/schema\/logo\/image\/\",\"url\":\"https:\/\/matsara.fr\/wp-content\/uploads\/2019\/06\/organic-store-logo5.svg\",\"contentUrl\":\"https:\/\/matsara.fr\/wp-content\/uploads\/2019\/06\/organic-store-logo5.svg\",\"caption\":\"matsara.fr\"},\"image\":{\"@id\":\"https:\/\/matsara.fr\/#\/schema\/logo\/image\/\"}}]}<\/script>\n<!-- \/ Yoast SEO plugin. -->","yoast_head_json":{"title":"Huile v\u00e9g\u00e9tale de Chanvre BIO, 50ml - matsara.fr","robots":{"index":"index","follow":"follow","max-snippet":"max-snippet:-1","max-image-preview":"max-image-preview:large","max-video-preview":"max-video-preview:-1"},"canonical":"https:\/\/matsara.fr\/?product=huile-vegetale-de-chanvre-bio-50ml","og_locale":"fr_FR","og_type":"article","og_title":"Huile v\u00e9g\u00e9tale de Chanvre BIO, 50ml - matsara.fr","og_description":"Anti \u00e2ge, cette huile permet la r\u00e9g\u00e9n\u00e9ration des cellules et la revitalisation de la peau. Apaisante, elle calme les peaux tiraill\u00e9es. Tr\u00e8s p\u00e9n\u00e9trante, elle procure un toucher sec et peut s\u2019utiliser comme base de massage, coupl\u00e9e \u00e0 des huiles essentielles.","og_url":"https:\/\/matsara.fr\/?product=huile-vegetale-de-chanvre-bio-50ml","og_site_name":"matsara.fr","article_modified_time":"2025-01-23T10:42:29+00:00","og_image":[{"width":315,"height":473,"url":"https:\/\/matsara.fr\/wp-content\/uploads\/2023\/03\/chanvre-50ml.png","type":"image\/png"}],"twitter_card":"summary_large_image","schema":{"@context":"https:\/\/schema.org","@graph":[{"@type":"WebPage","@id":"https:\/\/matsara.fr\/?product=huile-vegetale-de-chanvre-bio-50ml","url":"https:\/\/matsara.fr\/?product=huile-vegetale-de-chanvre-bio-50ml","name":"Huile v\u00e9g\u00e9tale de Chanvre BIO, 50ml - matsara.fr","isPartOf":{"@id":"https:\/\/matsara.fr\/#website"},"primaryImageOfPage":{"@id":"https:\/\/matsara.fr\/?product=huile-vegetale-de-chanvre-bio-50ml#primaryimage"},"image":{"@id":"https:\/\/matsara.fr\/?product=huile-vegetale-de-chanvre-bio-50ml#primaryimage"},"thumbnailUrl":"https:\/\/matsara.fr\/wp-content\/uploads\/2023\/03\/chanvre-50ml.png","datePublished":"2023-03-16T13:58:24+00:00","dateModified":"2025-01-23T10:42:29+00:00","breadcrumb":{"@id":"https:\/\/matsara.fr\/?product=huile-vegetale-de-chanvre-bio-50ml#breadcrumb"},"inLanguage":"fr-FR","potentialAction":[{"@type":"ReadAction","target":["https:\/\/matsara.fr\/?product=huile-vegetale-de-chanvre-bio-50ml"]}]},{"@type":"ImageObject","inLanguage":"fr-FR","@id":"https:\/\/matsara.fr\/?product=huile-vegetale-de-chanvre-bio-50ml#primaryimage","url":"https:\/\/matsara.fr\/wp-content\/uploads\/2023\/03\/chanvre-50ml.png","contentUrl":"https:\/\/matsara.fr\/wp-content\/uploads\/2023\/03\/chanvre-50ml.png","width":315,"height":473},{"@type":"BreadcrumbList","@id":"https:\/\/matsara.fr\/?product=huile-vegetale-de-chanvre-bio-50ml#breadcrumb","itemListElement":[{"@type":"ListItem","position":1,"name":"Accueil","item":"https:\/\/matsara.fr\/"},{"@type":"ListItem","position":2,"name":"Produits","item":"https:\/\/matsara.fr\/?post_type=product"},{"@type":"ListItem","position":3,"name":"Huile v\u00e9g\u00e9tale de Chanvre BIO, 50ml"}]},{"@type":"WebSite","@id":"https:\/\/matsara.fr\/#website","url":"https:\/\/matsara.fr\/","name":"matsara.fr","description":"La vanille qui vous veut du bien","publisher":{"@id":"https:\/\/matsara.fr\/#organization"},"potentialAction":[{"@type":"SearchAction","target":{"@type":"EntryPoint","urlTemplate":"https:\/\/matsara.fr\/?s={search_term_string}"},"query-input":{"@type":"PropertyValueSpecification","valueRequired":true,"valueName":"search_term_string"}}],"inLanguage":"fr-FR"},{"@type":"Organization","@id":"https:\/\/matsara.fr\/#organization","name":"matsara.fr","url":"https:\/\/matsara.fr\/","logo":{"@type":"ImageObject","inLanguage":"fr-FR","@id":"https:\/\/matsara.fr\/#\/schema\/logo\/image\/","url":"https:\/\/matsara.fr\/wp-content\/uploads\/2019\/06\/organic-store-logo5.svg","contentUrl":"https:\/\/matsara.fr\/wp-content\/uploads\/2019\/06\/organic-store-logo5.svg","caption":"matsara.fr"},"image":{"@id":"https:\/\/matsara.fr\/#\/schema\/logo\/image\/"}}]}},"_links":{"self":[{"href":"https:\/\/matsara.fr\/index.php?rest_route=\/wp\/v2\/product\/5623","targetHints":{"allow":["GET"]}}],"collection":[{"href":"https:\/\/matsara.fr\/index.php?rest_route=\/wp\/v2\/product"}],"about":[{"href":"https:\/\/matsara.fr\/index.php?rest_route=\/wp\/v2\/types\/product"}],"replies":[{"embeddable":true,"href":"https:\/\/matsara.fr\/index.php?rest_route=%2Fwp%2Fv2%2Fcomments&post=5623"}],"wp:featuredmedia":[{"embeddable":true,"href":"https:\/\/matsara.fr\/index.php?rest_route=\/wp\/v2\/media\/5624"}],"wp:attachment":[{"href":"https:\/\/matsara.fr\/index.php?rest_route=%2Fwp%2Fv2%2Fmedia&parent=5623"}],"wp:term":[{"taxonomy":"product_brand","embeddable":true,"href":"https:\/\/matsara.fr\/index.php?rest_route=%2Fwp%2Fv2%2Fproduct_brand&post=5623"},{"taxonomy":"product_cat","embeddable":true,"href":"https:\/\/matsara.fr\/index.php?rest_route=%2Fwp%2Fv2%2Fproduct_cat&post=5623"},{"taxonomy":"product_tag","embeddable":true,"href":"https:\/\/matsara.fr\/index.php?rest_route=%2Fwp%2Fv2%2Fproduct_tag&post=5623"}],"curies":[{"name":"wp","href":"https:\/\/api.w.org\/{rel}","templated":true}]}}