{"id":5628,"date":"2023-03-16T14:18:10","date_gmt":"2023-03-16T14:18:10","guid":{"rendered":"https:\/\/matsara.fr\/?post_type=product&#038;p=5628"},"modified":"2025-01-23T10:42:13","modified_gmt":"2025-01-23T10:42:13","slug":"huile-vierge-de-nigelle-bio-50-ml","status":"publish","type":"product","link":"https:\/\/matsara.fr\/?product=huile-vierge-de-nigelle-bio-50-ml","title":{"rendered":"Huile vierge de nigelle BIO, 50 ml"},"content":{"rendered":"<h3>Conseil :<\/h3>\n<p>En application cutan\u00e9e, \u00e0 utiliser en m\u00e9lange avec d\u2019autres huiles v\u00e9g\u00e9tales comme le jojoba ou le millepertuis. Ing\u00e9rer \u00bd cuill\u00e8re \u00e0 caf\u00e9 par jour pour lutter contre les troubles ORL, digestifs, ou renforcer l\u2019immunit\u00e9.<\/p>\n<h3>Composition :<\/h3>\n<p>Nigella sativa * * Issu de l&rsquo;agriculture Biologique.<\/p>\n<p><span class=\"vert\">Origine :<\/span>\u00a0Egypte<\/p>\n","protected":false},"excerpt":{"rendered":"<p>100% pure et vierge, premi\u00e8re pression \u00e0 froid. Cette huile aux propri\u00e9t\u00e9s multiples est une alli\u00e9e de chaque jour. Anti-inflammatoire, elle apaise les peaux irrit\u00e9es, les douleurs et inflammations musculaires ou rhumatismales. Nourrissante et cicatrisante, elle est efficace sur de nombreux probl\u00e8mes de peaux. Elle est \u00e9galement recommand\u00e9e contre les r\u00e9actions allergiques, et de mani\u00e8re g\u00e9n\u00e9rale renforce le syst\u00e8me immunitaire.<\/p>\n","protected":false},"featured_media":5629,"comment_status":"open","ping_status":"closed","template":"","meta":{"_et_pb_use_builder":"","_et_pb_old_content":"","_et_gb_content_width":""},"product_brand":[],"product_cat":[335,39],"product_tag":[197],"class_list":{"0":"post-5628","1":"product","2":"type-product","3":"status-publish","4":"has-post-thumbnail","6":"product_cat-huile-vegetale","7":"product_cat-soin-et-bien-etre","8":"product_tag-huile-vierge-de-nigelle-bio-50-ml","10":"first","11":"instock","12":"taxable","13":"shipping-taxable","14":"purchasable","15":"product-type-simple"},"yoast_head":"<!-- This site is optimized with the Yoast SEO plugin v26.4 - https:\/\/yoast.com\/wordpress\/plugins\/seo\/ -->\n<title>Huile vierge de nigelle BIO, 50 ml - matsara.fr<\/title>\n<meta name=\"robots\" content=\"index, follow, max-snippet:-1, max-image-preview:large, max-video-preview:-1\" \/>\n<link rel=\"canonical\" href=\"https:\/\/matsara.fr\/?product=huile-vierge-de-nigelle-bio-50-ml\" \/>\n<meta property=\"og:locale\" content=\"fr_FR\" \/>\n<meta property=\"og:type\" content=\"article\" \/>\n<meta property=\"og:title\" content=\"Huile vierge de nigelle BIO, 50 ml - matsara.fr\" \/>\n<meta property=\"og:description\" content=\"100% pure et vierge, premi\u00e8re pression \u00e0 froid. Cette huile aux propri\u00e9t\u00e9s multiples est une alli\u00e9e de chaque jour. Anti-inflammatoire, elle apaise les peaux irrit\u00e9es, les douleurs et inflammations musculaires ou rhumatismales. Nourrissante et cicatrisante, elle est efficace sur de nombreux probl\u00e8mes de peaux. Elle est \u00e9galement recommand\u00e9e contre les r\u00e9actions allergiques, et de mani\u00e8re g\u00e9n\u00e9rale renforce le syst\u00e8me immunitaire.\" \/>\n<meta property=\"og:url\" content=\"https:\/\/matsara.fr\/?product=huile-vierge-de-nigelle-bio-50-ml\" \/>\n<meta property=\"og:site_name\" content=\"matsara.fr\" \/>\n<meta property=\"article:modified_time\" content=\"2025-01-23T10:42:13+00:00\" \/>\n<meta property=\"og:image\" content=\"https:\/\/matsara.fr\/wp-content\/uploads\/2023\/03\/50ml-nigelle.png\" \/>\n\t<meta property=\"og:image:width\" content=\"315\" \/>\n\t<meta property=\"og:image:height\" content=\"473\" \/>\n\t<meta property=\"og:image:type\" content=\"image\/png\" \/>\n<meta name=\"twitter:card\" content=\"summary_large_image\" \/>\n<script type=\"application\/ld+json\" class=\"yoast-schema-graph\">{\"@context\":\"https:\/\/schema.org\",\"@graph\":[{\"@type\":\"WebPage\",\"@id\":\"https:\/\/matsara.fr\/?product=huile-vierge-de-nigelle-bio-50-ml\",\"url\":\"https:\/\/matsara.fr\/?product=huile-vierge-de-nigelle-bio-50-ml\",\"name\":\"Huile vierge de nigelle BIO, 50 ml - matsara.fr\",\"isPartOf\":{\"@id\":\"https:\/\/matsara.fr\/#website\"},\"primaryImageOfPage\":{\"@id\":\"https:\/\/matsara.fr\/?product=huile-vierge-de-nigelle-bio-50-ml#primaryimage\"},\"image\":{\"@id\":\"https:\/\/matsara.fr\/?product=huile-vierge-de-nigelle-bio-50-ml#primaryimage\"},\"thumbnailUrl\":\"https:\/\/matsara.fr\/wp-content\/uploads\/2023\/03\/50ml-nigelle.png\",\"datePublished\":\"2023-03-16T14:18:10+00:00\",\"dateModified\":\"2025-01-23T10:42:13+00:00\",\"breadcrumb\":{\"@id\":\"https:\/\/matsara.fr\/?product=huile-vierge-de-nigelle-bio-50-ml#breadcrumb\"},\"inLanguage\":\"fr-FR\",\"potentialAction\":[{\"@type\":\"ReadAction\",\"target\":[\"https:\/\/matsara.fr\/?product=huile-vierge-de-nigelle-bio-50-ml\"]}]},{\"@type\":\"ImageObject\",\"inLanguage\":\"fr-FR\",\"@id\":\"https:\/\/matsara.fr\/?product=huile-vierge-de-nigelle-bio-50-ml#primaryimage\",\"url\":\"https:\/\/matsara.fr\/wp-content\/uploads\/2023\/03\/50ml-nigelle.png\",\"contentUrl\":\"https:\/\/matsara.fr\/wp-content\/uploads\/2023\/03\/50ml-nigelle.png\",\"width\":315,\"height\":473},{\"@type\":\"BreadcrumbList\",\"@id\":\"https:\/\/matsara.fr\/?product=huile-vierge-de-nigelle-bio-50-ml#breadcrumb\",\"itemListElement\":[{\"@type\":\"ListItem\",\"position\":1,\"name\":\"Accueil\",\"item\":\"https:\/\/matsara.fr\/\"},{\"@type\":\"ListItem\",\"position\":2,\"name\":\"Produits\",\"item\":\"https:\/\/matsara.fr\/?post_type=product\"},{\"@type\":\"ListItem\",\"position\":3,\"name\":\"Huile vierge de nigelle BIO, 50 ml\"}]},{\"@type\":\"WebSite\",\"@id\":\"https:\/\/matsara.fr\/#website\",\"url\":\"https:\/\/matsara.fr\/\",\"name\":\"matsara.fr\",\"description\":\"La vanille qui vous veut du bien\",\"publisher\":{\"@id\":\"https:\/\/matsara.fr\/#organization\"},\"potentialAction\":[{\"@type\":\"SearchAction\",\"target\":{\"@type\":\"EntryPoint\",\"urlTemplate\":\"https:\/\/matsara.fr\/?s={search_term_string}\"},\"query-input\":{\"@type\":\"PropertyValueSpecification\",\"valueRequired\":true,\"valueName\":\"search_term_string\"}}],\"inLanguage\":\"fr-FR\"},{\"@type\":\"Organization\",\"@id\":\"https:\/\/matsara.fr\/#organization\",\"name\":\"matsara.fr\",\"url\":\"https:\/\/matsara.fr\/\",\"logo\":{\"@type\":\"ImageObject\",\"inLanguage\":\"fr-FR\",\"@id\":\"https:\/\/matsara.fr\/#\/schema\/logo\/image\/\",\"url\":\"https:\/\/matsara.fr\/wp-content\/uploads\/2019\/06\/organic-store-logo5.svg\",\"contentUrl\":\"https:\/\/matsara.fr\/wp-content\/uploads\/2019\/06\/organic-store-logo5.svg\",\"caption\":\"matsara.fr\"},\"image\":{\"@id\":\"https:\/\/matsara.fr\/#\/schema\/logo\/image\/\"}}]}<\/script>\n<!-- \/ Yoast SEO plugin. -->","yoast_head_json":{"title":"Huile vierge de nigelle BIO, 50 ml - matsara.fr","robots":{"index":"index","follow":"follow","max-snippet":"max-snippet:-1","max-image-preview":"max-image-preview:large","max-video-preview":"max-video-preview:-1"},"canonical":"https:\/\/matsara.fr\/?product=huile-vierge-de-nigelle-bio-50-ml","og_locale":"fr_FR","og_type":"article","og_title":"Huile vierge de nigelle BIO, 50 ml - matsara.fr","og_description":"100% pure et vierge, premi\u00e8re pression \u00e0 froid. Cette huile aux propri\u00e9t\u00e9s multiples est une alli\u00e9e de chaque jour. Anti-inflammatoire, elle apaise les peaux irrit\u00e9es, les douleurs et inflammations musculaires ou rhumatismales. Nourrissante et cicatrisante, elle est efficace sur de nombreux probl\u00e8mes de peaux. Elle est \u00e9galement recommand\u00e9e contre les r\u00e9actions allergiques, et de mani\u00e8re g\u00e9n\u00e9rale renforce le syst\u00e8me immunitaire.","og_url":"https:\/\/matsara.fr\/?product=huile-vierge-de-nigelle-bio-50-ml","og_site_name":"matsara.fr","article_modified_time":"2025-01-23T10:42:13+00:00","og_image":[{"width":315,"height":473,"url":"https:\/\/matsara.fr\/wp-content\/uploads\/2023\/03\/50ml-nigelle.png","type":"image\/png"}],"twitter_card":"summary_large_image","schema":{"@context":"https:\/\/schema.org","@graph":[{"@type":"WebPage","@id":"https:\/\/matsara.fr\/?product=huile-vierge-de-nigelle-bio-50-ml","url":"https:\/\/matsara.fr\/?product=huile-vierge-de-nigelle-bio-50-ml","name":"Huile vierge de nigelle BIO, 50 ml - matsara.fr","isPartOf":{"@id":"https:\/\/matsara.fr\/#website"},"primaryImageOfPage":{"@id":"https:\/\/matsara.fr\/?product=huile-vierge-de-nigelle-bio-50-ml#primaryimage"},"image":{"@id":"https:\/\/matsara.fr\/?product=huile-vierge-de-nigelle-bio-50-ml#primaryimage"},"thumbnailUrl":"https:\/\/matsara.fr\/wp-content\/uploads\/2023\/03\/50ml-nigelle.png","datePublished":"2023-03-16T14:18:10+00:00","dateModified":"2025-01-23T10:42:13+00:00","breadcrumb":{"@id":"https:\/\/matsara.fr\/?product=huile-vierge-de-nigelle-bio-50-ml#breadcrumb"},"inLanguage":"fr-FR","potentialAction":[{"@type":"ReadAction","target":["https:\/\/matsara.fr\/?product=huile-vierge-de-nigelle-bio-50-ml"]}]},{"@type":"ImageObject","inLanguage":"fr-FR","@id":"https:\/\/matsara.fr\/?product=huile-vierge-de-nigelle-bio-50-ml#primaryimage","url":"https:\/\/matsara.fr\/wp-content\/uploads\/2023\/03\/50ml-nigelle.png","contentUrl":"https:\/\/matsara.fr\/wp-content\/uploads\/2023\/03\/50ml-nigelle.png","width":315,"height":473},{"@type":"BreadcrumbList","@id":"https:\/\/matsara.fr\/?product=huile-vierge-de-nigelle-bio-50-ml#breadcrumb","itemListElement":[{"@type":"ListItem","position":1,"name":"Accueil","item":"https:\/\/matsara.fr\/"},{"@type":"ListItem","position":2,"name":"Produits","item":"https:\/\/matsara.fr\/?post_type=product"},{"@type":"ListItem","position":3,"name":"Huile vierge de nigelle BIO, 50 ml"}]},{"@type":"WebSite","@id":"https:\/\/matsara.fr\/#website","url":"https:\/\/matsara.fr\/","name":"matsara.fr","description":"La vanille qui vous veut du bien","publisher":{"@id":"https:\/\/matsara.fr\/#organization"},"potentialAction":[{"@type":"SearchAction","target":{"@type":"EntryPoint","urlTemplate":"https:\/\/matsara.fr\/?s={search_term_string}"},"query-input":{"@type":"PropertyValueSpecification","valueRequired":true,"valueName":"search_term_string"}}],"inLanguage":"fr-FR"},{"@type":"Organization","@id":"https:\/\/matsara.fr\/#organization","name":"matsara.fr","url":"https:\/\/matsara.fr\/","logo":{"@type":"ImageObject","inLanguage":"fr-FR","@id":"https:\/\/matsara.fr\/#\/schema\/logo\/image\/","url":"https:\/\/matsara.fr\/wp-content\/uploads\/2019\/06\/organic-store-logo5.svg","contentUrl":"https:\/\/matsara.fr\/wp-content\/uploads\/2019\/06\/organic-store-logo5.svg","caption":"matsara.fr"},"image":{"@id":"https:\/\/matsara.fr\/#\/schema\/logo\/image\/"}}]}},"_links":{"self":[{"href":"https:\/\/matsara.fr\/index.php?rest_route=\/wp\/v2\/product\/5628","targetHints":{"allow":["GET"]}}],"collection":[{"href":"https:\/\/matsara.fr\/index.php?rest_route=\/wp\/v2\/product"}],"about":[{"href":"https:\/\/matsara.fr\/index.php?rest_route=\/wp\/v2\/types\/product"}],"replies":[{"embeddable":true,"href":"https:\/\/matsara.fr\/index.php?rest_route=%2Fwp%2Fv2%2Fcomments&post=5628"}],"wp:featuredmedia":[{"embeddable":true,"href":"https:\/\/matsara.fr\/index.php?rest_route=\/wp\/v2\/media\/5629"}],"wp:attachment":[{"href":"https:\/\/matsara.fr\/index.php?rest_route=%2Fwp%2Fv2%2Fmedia&parent=5628"}],"wp:term":[{"taxonomy":"product_brand","embeddable":true,"href":"https:\/\/matsara.fr\/index.php?rest_route=%2Fwp%2Fv2%2Fproduct_brand&post=5628"},{"taxonomy":"product_cat","embeddable":true,"href":"https:\/\/matsara.fr\/index.php?rest_route=%2Fwp%2Fv2%2Fproduct_cat&post=5628"},{"taxonomy":"product_tag","embeddable":true,"href":"https:\/\/matsara.fr\/index.php?rest_route=%2Fwp%2Fv2%2Fproduct_tag&post=5628"}],"curies":[{"name":"wp","href":"https:\/\/api.w.org\/{rel}","templated":true}]}}