{"id":6450,"date":"2024-01-29T08:30:40","date_gmt":"2024-01-29T08:30:40","guid":{"rendered":"https:\/\/matsara.fr\/?post_type=product&#038;p=6450"},"modified":"2026-02-28T20:00:40","modified_gmt":"2026-02-28T20:00:40","slug":"zalahy-parfum-homme-50ml","status":"publish","type":"product","link":"https:\/\/matsara.fr\/?product=zalahy-parfum-homme-50ml","title":{"rendered":"Za\u2019Lahy parfum homme 50ml"},"content":{"rendered":"<p>ZA&rsquo;LAHY est une fragrance masculine sophistiqu\u00e9e qui allie subtilement des notes bois\u00e9es \u00e0 des \u00e9pices fra\u00eeches pour un parfum \u00e0 la fois puissant et subtil.<br \/>\nLe pamplemousse ajoute une touche d&rsquo;agrumes acidul\u00e9e pour un effet rafra\u00eechissant qui rappelle l&rsquo;\u00e9nergie et la vitalit\u00e9 de la vie urbaine.<br \/>\nLe patchouli, quant \u00e0 lui, vient compl\u00e9ter la composition pour offrir une senteur chaude et enveloppante qui \u00e9voque la sensualit\u00e9 et la virilit\u00e9.<br \/>\nAvec ce parfum, l&rsquo;homme moderne peut exprimer sa personnalit\u00e9 unique et affirm\u00e9e tout en restant \u00e9l\u00e9gant.<\/p>\n<p>Aromatique : Notes bois\u00e9es, Epices fra\u00eeches, Pamplemousse,\u00a0Patchouli.<\/p>\n","protected":false},"excerpt":{"rendered":"<p><strong>ZA&rsquo;LAHY<\/strong> est une fragrance <strong>masculine sophistiqu\u00e9e<\/strong> qui allie subtilement des notes bois\u00e9es \u00e0 des \u00e9pices fra\u00eeches pour un parfum \u00e0 la fois <strong>puissant<\/strong> et <strong>subtil<\/strong>.<\/p>\n","protected":false},"featured_media":6718,"comment_status":"open","ping_status":"closed","template":"","meta":{"_et_pb_use_builder":"","_et_pb_old_content":"","_et_gb_content_width":""},"product_brand":[],"product_cat":[40],"product_tag":[132],"class_list":{"0":"post-6450","1":"product","2":"type-product","3":"status-publish","4":"has-post-thumbnail","6":"product_cat-parfum-produits-de-beaute","7":"product_tag-parfum-homme","9":"first","10":"instock","11":"taxable","12":"shipping-taxable","13":"purchasable","14":"product-type-simple"},"yoast_head":"<!-- This site is optimized with the Yoast SEO plugin v26.4 - https:\/\/yoast.com\/wordpress\/plugins\/seo\/ -->\n<title>Za\u2019Lahy parfum homme 50ml - matsara.fr<\/title>\n<meta name=\"robots\" content=\"index, follow, max-snippet:-1, max-image-preview:large, max-video-preview:-1\" \/>\n<link rel=\"canonical\" href=\"https:\/\/matsara.fr\/?product=zalahy-parfum-homme-50ml\" \/>\n<meta property=\"og:locale\" content=\"fr_FR\" \/>\n<meta property=\"og:type\" content=\"article\" \/>\n<meta property=\"og:title\" content=\"Za\u2019Lahy parfum homme 50ml - matsara.fr\" \/>\n<meta property=\"og:description\" content=\"ZA&#039;LAHY est une fragrance masculine sophistiqu\u00e9e qui allie subtilement des notes bois\u00e9es \u00e0 des \u00e9pices fra\u00eeches pour un parfum \u00e0 la fois puissant et subtil.\" \/>\n<meta property=\"og:url\" content=\"https:\/\/matsara.fr\/?product=zalahy-parfum-homme-50ml\" \/>\n<meta property=\"og:site_name\" content=\"matsara.fr\" \/>\n<meta property=\"article:modified_time\" content=\"2026-02-28T20:00:40+00:00\" \/>\n<meta property=\"og:image\" content=\"https:\/\/matsara.fr\/wp-content\/uploads\/2024\/01\/WhatsApp-Image-2024-01-29-a-09.29.03_37b58b6f.jpg\" \/>\n\t<meta property=\"og:image:width\" content=\"1024\" \/>\n\t<meta property=\"og:image:height\" content=\"683\" \/>\n\t<meta property=\"og:image:type\" content=\"image\/jpeg\" \/>\n<meta name=\"twitter:card\" content=\"summary_large_image\" \/>\n<meta name=\"twitter:label1\" content=\"Dur\u00e9e de lecture estim\u00e9e\" \/>\n\t<meta name=\"twitter:data1\" content=\"1 minute\" \/>\n<script type=\"application\/ld+json\" class=\"yoast-schema-graph\">{\"@context\":\"https:\/\/schema.org\",\"@graph\":[{\"@type\":\"WebPage\",\"@id\":\"https:\/\/matsara.fr\/?product=zalahy-parfum-homme-50ml\",\"url\":\"https:\/\/matsara.fr\/?product=zalahy-parfum-homme-50ml\",\"name\":\"Za\u2019Lahy parfum homme 50ml - matsara.fr\",\"isPartOf\":{\"@id\":\"https:\/\/matsara.fr\/#website\"},\"primaryImageOfPage\":{\"@id\":\"https:\/\/matsara.fr\/?product=zalahy-parfum-homme-50ml#primaryimage\"},\"image\":{\"@id\":\"https:\/\/matsara.fr\/?product=zalahy-parfum-homme-50ml#primaryimage\"},\"thumbnailUrl\":\"https:\/\/matsara.fr\/wp-content\/uploads\/2024\/01\/photo-zalahy.jpeg\",\"datePublished\":\"2024-01-29T08:30:40+00:00\",\"dateModified\":\"2026-02-28T20:00:40+00:00\",\"breadcrumb\":{\"@id\":\"https:\/\/matsara.fr\/?product=zalahy-parfum-homme-50ml#breadcrumb\"},\"inLanguage\":\"fr-FR\",\"potentialAction\":[{\"@type\":\"ReadAction\",\"target\":[\"https:\/\/matsara.fr\/?product=zalahy-parfum-homme-50ml\"]}]},{\"@type\":\"ImageObject\",\"inLanguage\":\"fr-FR\",\"@id\":\"https:\/\/matsara.fr\/?product=zalahy-parfum-homme-50ml#primaryimage\",\"url\":\"https:\/\/matsara.fr\/wp-content\/uploads\/2024\/01\/photo-zalahy.jpeg\",\"contentUrl\":\"https:\/\/matsara.fr\/wp-content\/uploads\/2024\/01\/photo-zalahy.jpeg\",\"width\":1512,\"height\":2016},{\"@type\":\"BreadcrumbList\",\"@id\":\"https:\/\/matsara.fr\/?product=zalahy-parfum-homme-50ml#breadcrumb\",\"itemListElement\":[{\"@type\":\"ListItem\",\"position\":1,\"name\":\"Accueil\",\"item\":\"https:\/\/matsara.fr\/\"},{\"@type\":\"ListItem\",\"position\":2,\"name\":\"Produits\",\"item\":\"https:\/\/matsara.fr\/?post_type=product\"},{\"@type\":\"ListItem\",\"position\":3,\"name\":\"Za\u2019Lahy parfum homme 50ml\"}]},{\"@type\":\"WebSite\",\"@id\":\"https:\/\/matsara.fr\/#website\",\"url\":\"https:\/\/matsara.fr\/\",\"name\":\"matsara.fr\",\"description\":\"La vanille qui vous veut du bien\",\"publisher\":{\"@id\":\"https:\/\/matsara.fr\/#organization\"},\"potentialAction\":[{\"@type\":\"SearchAction\",\"target\":{\"@type\":\"EntryPoint\",\"urlTemplate\":\"https:\/\/matsara.fr\/?s={search_term_string}\"},\"query-input\":{\"@type\":\"PropertyValueSpecification\",\"valueRequired\":true,\"valueName\":\"search_term_string\"}}],\"inLanguage\":\"fr-FR\"},{\"@type\":\"Organization\",\"@id\":\"https:\/\/matsara.fr\/#organization\",\"name\":\"matsara.fr\",\"url\":\"https:\/\/matsara.fr\/\",\"logo\":{\"@type\":\"ImageObject\",\"inLanguage\":\"fr-FR\",\"@id\":\"https:\/\/matsara.fr\/#\/schema\/logo\/image\/\",\"url\":\"https:\/\/matsara.fr\/wp-content\/uploads\/2019\/06\/organic-store-logo5.svg\",\"contentUrl\":\"https:\/\/matsara.fr\/wp-content\/uploads\/2019\/06\/organic-store-logo5.svg\",\"caption\":\"matsara.fr\"},\"image\":{\"@id\":\"https:\/\/matsara.fr\/#\/schema\/logo\/image\/\"}}]}<\/script>\n<!-- \/ Yoast SEO plugin. -->","yoast_head_json":{"title":"Za\u2019Lahy parfum homme 50ml - matsara.fr","robots":{"index":"index","follow":"follow","max-snippet":"max-snippet:-1","max-image-preview":"max-image-preview:large","max-video-preview":"max-video-preview:-1"},"canonical":"https:\/\/matsara.fr\/?product=zalahy-parfum-homme-50ml","og_locale":"fr_FR","og_type":"article","og_title":"Za\u2019Lahy parfum homme 50ml - matsara.fr","og_description":"ZA'LAHY est une fragrance masculine sophistiqu\u00e9e qui allie subtilement des notes bois\u00e9es \u00e0 des \u00e9pices fra\u00eeches pour un parfum \u00e0 la fois puissant et subtil.","og_url":"https:\/\/matsara.fr\/?product=zalahy-parfum-homme-50ml","og_site_name":"matsara.fr","article_modified_time":"2026-02-28T20:00:40+00:00","og_image":[{"width":1024,"height":683,"url":"https:\/\/matsara.fr\/wp-content\/uploads\/2024\/01\/WhatsApp-Image-2024-01-29-a-09.29.03_37b58b6f.jpg","type":"image\/jpeg"}],"twitter_card":"summary_large_image","twitter_misc":{"Dur\u00e9e de lecture estim\u00e9e":"1 minute"},"schema":{"@context":"https:\/\/schema.org","@graph":[{"@type":"WebPage","@id":"https:\/\/matsara.fr\/?product=zalahy-parfum-homme-50ml","url":"https:\/\/matsara.fr\/?product=zalahy-parfum-homme-50ml","name":"Za\u2019Lahy parfum homme 50ml - matsara.fr","isPartOf":{"@id":"https:\/\/matsara.fr\/#website"},"primaryImageOfPage":{"@id":"https:\/\/matsara.fr\/?product=zalahy-parfum-homme-50ml#primaryimage"},"image":{"@id":"https:\/\/matsara.fr\/?product=zalahy-parfum-homme-50ml#primaryimage"},"thumbnailUrl":"https:\/\/matsara.fr\/wp-content\/uploads\/2024\/01\/photo-zalahy.jpeg","datePublished":"2024-01-29T08:30:40+00:00","dateModified":"2026-02-28T20:00:40+00:00","breadcrumb":{"@id":"https:\/\/matsara.fr\/?product=zalahy-parfum-homme-50ml#breadcrumb"},"inLanguage":"fr-FR","potentialAction":[{"@type":"ReadAction","target":["https:\/\/matsara.fr\/?product=zalahy-parfum-homme-50ml"]}]},{"@type":"ImageObject","inLanguage":"fr-FR","@id":"https:\/\/matsara.fr\/?product=zalahy-parfum-homme-50ml#primaryimage","url":"https:\/\/matsara.fr\/wp-content\/uploads\/2024\/01\/photo-zalahy.jpeg","contentUrl":"https:\/\/matsara.fr\/wp-content\/uploads\/2024\/01\/photo-zalahy.jpeg","width":1512,"height":2016},{"@type":"BreadcrumbList","@id":"https:\/\/matsara.fr\/?product=zalahy-parfum-homme-50ml#breadcrumb","itemListElement":[{"@type":"ListItem","position":1,"name":"Accueil","item":"https:\/\/matsara.fr\/"},{"@type":"ListItem","position":2,"name":"Produits","item":"https:\/\/matsara.fr\/?post_type=product"},{"@type":"ListItem","position":3,"name":"Za\u2019Lahy parfum homme 50ml"}]},{"@type":"WebSite","@id":"https:\/\/matsara.fr\/#website","url":"https:\/\/matsara.fr\/","name":"matsara.fr","description":"La vanille qui vous veut du bien","publisher":{"@id":"https:\/\/matsara.fr\/#organization"},"potentialAction":[{"@type":"SearchAction","target":{"@type":"EntryPoint","urlTemplate":"https:\/\/matsara.fr\/?s={search_term_string}"},"query-input":{"@type":"PropertyValueSpecification","valueRequired":true,"valueName":"search_term_string"}}],"inLanguage":"fr-FR"},{"@type":"Organization","@id":"https:\/\/matsara.fr\/#organization","name":"matsara.fr","url":"https:\/\/matsara.fr\/","logo":{"@type":"ImageObject","inLanguage":"fr-FR","@id":"https:\/\/matsara.fr\/#\/schema\/logo\/image\/","url":"https:\/\/matsara.fr\/wp-content\/uploads\/2019\/06\/organic-store-logo5.svg","contentUrl":"https:\/\/matsara.fr\/wp-content\/uploads\/2019\/06\/organic-store-logo5.svg","caption":"matsara.fr"},"image":{"@id":"https:\/\/matsara.fr\/#\/schema\/logo\/image\/"}}]}},"_links":{"self":[{"href":"https:\/\/matsara.fr\/index.php?rest_route=\/wp\/v2\/product\/6450","targetHints":{"allow":["GET"]}}],"collection":[{"href":"https:\/\/matsara.fr\/index.php?rest_route=\/wp\/v2\/product"}],"about":[{"href":"https:\/\/matsara.fr\/index.php?rest_route=\/wp\/v2\/types\/product"}],"replies":[{"embeddable":true,"href":"https:\/\/matsara.fr\/index.php?rest_route=%2Fwp%2Fv2%2Fcomments&post=6450"}],"wp:featuredmedia":[{"embeddable":true,"href":"https:\/\/matsara.fr\/index.php?rest_route=\/wp\/v2\/media\/6718"}],"wp:attachment":[{"href":"https:\/\/matsara.fr\/index.php?rest_route=%2Fwp%2Fv2%2Fmedia&parent=6450"}],"wp:term":[{"taxonomy":"product_brand","embeddable":true,"href":"https:\/\/matsara.fr\/index.php?rest_route=%2Fwp%2Fv2%2Fproduct_brand&post=6450"},{"taxonomy":"product_cat","embeddable":true,"href":"https:\/\/matsara.fr\/index.php?rest_route=%2Fwp%2Fv2%2Fproduct_cat&post=6450"},{"taxonomy":"product_tag","embeddable":true,"href":"https:\/\/matsara.fr\/index.php?rest_route=%2Fwp%2Fv2%2Fproduct_tag&post=6450"}],"curies":[{"name":"wp","href":"https:\/\/api.w.org\/{rel}","templated":true}]}}